{"id":18287,"date":"2025-05-10T10:38:42","date_gmt":"2025-05-10T10:38:42","guid":{"rendered":"https:\/\/pwinecastes.com\/?post_type=product&#038;p=18287"},"modified":"2025-05-10T10:38:43","modified_gmt":"2025-05-10T10:38:43","slug":"calem-cosecha-2007","status":"publish","type":"product","link":"https:\/\/pwinecastes.com\/es\/product\/calem-cosecha-2007\/","title":{"rendered":"C\u00e1lem Cosecha 2007"},"content":{"rendered":"<p>Vino de Oporto C\u00e1lem Colheita 2007<\/p>\n<ul>\n<li><strong>Regi\u00f3n: <\/strong>Douro, Portugal<\/li>\n<li><strong>Capacidad:<\/strong> 75 cL<\/li>\n<li><strong>Variedades de uva:<\/strong> Touriga Nacional, Tinta Roriz, Touriga Franca, Tinta Barroca.<\/li>\n<li><strong>Graduaci\u00f3n alcoh\u00f3lica: <\/strong>20% Vol.<\/li>\n<li><strong>Nota de cata: <\/strong>Color marr\u00f3n oscuro, con ligeros toques de rojo. En nariz muestra aromas de fruta negra en alm\u00edbar con algunos toques de frutos secos, pimienta y chocolate. En boca es intenso, marcado por unos taninos bien presentes y sabores de mermelada de cereza. Este Oporto tiene un final largo y con cuerpo.   <\/li>\n<li><strong>Maridaje: <\/strong>Ligeramente refrescado, expresa toda su finura y sofisticaci\u00f3n cuando se marida con postres a base de caramelo, frutos secos y especias, como fondant de caramelo con gelatina de manzana y jengibre<br \/>\n, tarte tatin, cr\u00e8me brul\u00e9e y quesos de intensidad media. A pesar de su edad, conserva su frescura.<br \/>\nExtraordinario maridaje con un refrescante parfait de mandarina. <\/li>\n<li><strong>Informaci\u00f3n adicional:<\/strong> Contiene sulfitos.<\/li>\n<\/ul>\n","protected":false},"excerpt":{"rendered":"<p>Vino de Oporto C\u00e1lem Colheita 2007 Regi\u00f3n: Douro, Portugal Capacidad: 75 cL Variedades de uva: Touriga Nacional, Tinta Roriz, Touriga Franca, Tinta Barroca. Graduaci\u00f3n alcoh\u00f3lica: 20% Vol. Nota de cata: Color marr\u00f3n oscuro, con ligeros toques de rojo. En nariz muestra aromas de fruta negra en alm\u00edbar con algunos toques de frutos secos, pimienta y [&hellip;]<\/p>\n","protected":false},"featured_media":18298,"template":"","meta":{"_monsterinsights_skip_tracking":false,"_monsterinsights_sitenote_active":false,"_monsterinsights_sitenote_note":"","_monsterinsights_sitenote_category":0},"product_brand":[],"product_cat":[363,225,209,212,361,102],"product_tag":[],"class_list":{"0":"post-18287","1":"product","2":"type-product","3":"status-publish","4":"has-post-thumbnail","6":"product_cat-cosecha","7":"product_cat-oporto","8":"product_cat-pais-es-2","9":"product_cat-portugal-es-2","10":"product_cat-tawny-es","11":"product_cat-vinos","13":"first","14":"instock","15":"taxable","16":"shipping-taxable","17":"purchasable","18":"product-type-simple"},"aioseo_notices":[],"_links":{"self":[{"href":"https:\/\/pwinecastes.com\/es\/wp-json\/wp\/v2\/product\/18287","targetHints":{"allow":["GET"]}}],"collection":[{"href":"https:\/\/pwinecastes.com\/es\/wp-json\/wp\/v2\/product"}],"about":[{"href":"https:\/\/pwinecastes.com\/es\/wp-json\/wp\/v2\/types\/product"}],"version-history":[{"count":0,"href":"https:\/\/pwinecastes.com\/es\/wp-json\/wp\/v2\/product\/18287\/revisions"}],"wp:featuredmedia":[{"embeddable":true,"href":"https:\/\/pwinecastes.com\/es\/wp-json\/wp\/v2\/media\/18298"}],"wp:attachment":[{"href":"https:\/\/pwinecastes.com\/es\/wp-json\/wp\/v2\/media?parent=18287"}],"wp:term":[{"taxonomy":"product_brand","embeddable":true,"href":"https:\/\/pwinecastes.com\/es\/wp-json\/wp\/v2\/product_brand?post=18287"},{"taxonomy":"product_cat","embeddable":true,"href":"https:\/\/pwinecastes.com\/es\/wp-json\/wp\/v2\/product_cat?post=18287"},{"taxonomy":"product_tag","embeddable":true,"href":"https:\/\/pwinecastes.com\/es\/wp-json\/wp\/v2\/product_tag?post=18287"}],"curies":[{"name":"wp","href":"https:\/\/api.w.org\/{rel}","templated":true}]}}