{"id":18303,"date":"2025-05-10T13:28:32","date_gmt":"2025-05-10T13:28:32","guid":{"rendered":"https:\/\/pwinecastes.com\/?post_type=product&#038;p=18303"},"modified":"2025-05-10T13:30:50","modified_gmt":"2025-05-10T13:30:50","slug":"calem-cosecha-2013","status":"publish","type":"product","link":"https:\/\/pwinecastes.com\/es\/product\/calem-cosecha-2013\/","title":{"rendered":"C\u00e1lem Cosecha 2013"},"content":{"rendered":"<p>C\u00e1lem Colheita Vino de Oporto 2013<\/p>\n<ul>\n<li><strong>Regi\u00f3n: <\/strong>Douro, Portugal<\/li>\n<li><strong>Capacidad:<\/strong> 75 cL<\/li>\n<li><strong>Variedades de uva:<\/strong> Touriga Nacional, Tinta Roriz, Touriga Franca, Tinta Barroca.<\/li>\n<li><strong>Graduaci\u00f3n alcoh\u00f3lica: <\/strong>20% Vol.<\/li>\n<li><strong>Nota de cata: <\/strong>Este Colheita tiene un color casta\u00f1o con reflejos anaranjados. Tiene una nariz intensa en la que destacan las notas ahumadas, con delicados toques de especias. En boca sorprende por su fruta madura y notas c\u00edtricas como el pomelo. Un vino robusto e intenso.   <\/li>\n<li><strong>Maridaje: <\/strong>Postres a base de caramelo, frutos secos y especias;<\/li>\n<li><strong>Informaci\u00f3n adicional:<\/strong> Contiene sulfitos.<\/li>\n<\/ul>\n","protected":false},"excerpt":{"rendered":"<p>C\u00e1lem Colheita Vino de Oporto 2013 Regi\u00f3n: Douro, Portugal Capacidad: 75 cL Variedades de uva: Touriga Nacional, Tinta Roriz, Touriga Franca, Tinta Barroca. Graduaci\u00f3n alcoh\u00f3lica: 20% Vol. Nota de cata: Este Colheita tiene un color casta\u00f1o con reflejos anaranjados. Tiene una nariz intensa en la que destacan las notas ahumadas, con delicados toques de especias. [&hellip;]<\/p>\n","protected":false},"featured_media":18309,"template":"","meta":{"_monsterinsights_skip_tracking":false,"_monsterinsights_sitenote_active":false,"_monsterinsights_sitenote_note":"","_monsterinsights_sitenote_category":0},"product_brand":[],"product_cat":[363,225,209,212,102],"product_tag":[],"class_list":{"0":"post-18303","1":"product","2":"type-product","3":"status-publish","4":"has-post-thumbnail","6":"product_cat-cosecha","7":"product_cat-oporto","8":"product_cat-pais-es-2","9":"product_cat-portugal-es-2","10":"product_cat-vinos","12":"first","13":"instock","14":"taxable","15":"shipping-taxable","16":"purchasable","17":"product-type-simple"},"aioseo_notices":[],"_links":{"self":[{"href":"https:\/\/pwinecastes.com\/es\/wp-json\/wp\/v2\/product\/18303","targetHints":{"allow":["GET"]}}],"collection":[{"href":"https:\/\/pwinecastes.com\/es\/wp-json\/wp\/v2\/product"}],"about":[{"href":"https:\/\/pwinecastes.com\/es\/wp-json\/wp\/v2\/types\/product"}],"version-history":[{"count":0,"href":"https:\/\/pwinecastes.com\/es\/wp-json\/wp\/v2\/product\/18303\/revisions"}],"wp:featuredmedia":[{"embeddable":true,"href":"https:\/\/pwinecastes.com\/es\/wp-json\/wp\/v2\/media\/18309"}],"wp:attachment":[{"href":"https:\/\/pwinecastes.com\/es\/wp-json\/wp\/v2\/media?parent=18303"}],"wp:term":[{"taxonomy":"product_brand","embeddable":true,"href":"https:\/\/pwinecastes.com\/es\/wp-json\/wp\/v2\/product_brand?post=18303"},{"taxonomy":"product_cat","embeddable":true,"href":"https:\/\/pwinecastes.com\/es\/wp-json\/wp\/v2\/product_cat?post=18303"},{"taxonomy":"product_tag","embeddable":true,"href":"https:\/\/pwinecastes.com\/es\/wp-json\/wp\/v2\/product_tag?post=18303"}],"curies":[{"name":"wp","href":"https:\/\/api.w.org\/{rel}","templated":true}]}}