{"id":18318,"date":"2025-05-10T15:40:37","date_gmt":"2025-05-10T15:40:37","guid":{"rendered":"https:\/\/pwinecastes.com\/?post_type=product&#038;p=18318"},"modified":"2025-05-10T15:40:38","modified_gmt":"2025-05-10T15:40:38","slug":"quinta-do-vesuvio-vintage-2017","status":"publish","type":"product","link":"https:\/\/pwinecastes.com\/es\/product\/quinta-do-vesuvio-vintage-2017\/","title":{"rendered":"Quinta do Ves\u00favio Vintage 2017"},"content":{"rendered":"<p>Quinta do Ves\u00favio Vintage 2017<\/p>\n<ul>\n<li><strong>Regi\u00f3n: <\/strong>Douro<\/li>\n<li><strong>Capacidad:<\/strong> 75 cL<\/li>\n<li><strong>Variedades de uva: <\/strong>Touriga Franca, Touriga Nacional, Sous\u00e3o, Alicante Bouschet, Tinta Amarela.<\/li>\n<li><strong>Grado alcoh\u00f3lico: <\/strong>20% vol.<\/li>\n<li><strong>Nota de cata:<\/strong> En el a\u00f1o en que embotellan el Oporto Vintage Quinta do Ves\u00favio 2017, conmemoran el 30 aniversario de la adquisici\u00f3n de Quinta do Ves\u00favio por Symington.<br \/>\nConcentraci\u00f3n, intensidad y estructura son las caracter\u00edsticas sobresalientes de Quinta do Ves\u00favio 2017.<br \/>\nUn vino potente, tenso, bien musculado y que mantiene bien la atenci\u00f3n. Aromas de jara y lavanda con toques de menta y jengibre. Llena el paladar con una textura suculenta de frutas negras, ar\u00e1ndanos y aromas, todo ello muy bien sostenido por unos taninos especiados y una frescura deslumbrante. Un vino profundo e imponente con un regusto interminable.   <\/li>\n<li><strong>En\u00f3logo:<\/strong> Charles Symington, Bernardo N\u00e1poles.<\/li>\n<li><strong>Informaci\u00f3n adicional:<\/strong> Contiene sulfitos.<\/li>\n<\/ul>\n","protected":false},"excerpt":{"rendered":"<p>Quinta do Ves\u00favio Vintage 2017 Regi\u00f3n: Douro Capacidad: 75 cL Variedades de uva: Touriga Franca, Touriga Nacional, Sous\u00e3o, Alicante Bouschet, Tinta Amarela. Grado alcoh\u00f3lico: 20% vol. Nota de cata: En el a\u00f1o en que embotellan el Oporto Vintage Quinta do Ves\u00favio 2017, conmemoran el 30 aniversario de la adquisici\u00f3n de Quinta do Ves\u00favio por Symington. [&hellip;]<\/p>\n","protected":false},"featured_media":18321,"template":"","meta":{"_monsterinsights_skip_tracking":false,"_monsterinsights_sitenote_active":false,"_monsterinsights_sitenote_note":"","_monsterinsights_sitenote_category":0},"product_brand":[],"product_cat":[225,209,212,102,360],"product_tag":[],"class_list":{"0":"post-18318","1":"product","2":"type-product","3":"status-publish","4":"has-post-thumbnail","6":"product_cat-oporto","7":"product_cat-pais-es-2","8":"product_cat-portugal-es-2","9":"product_cat-vinos","10":"product_cat-vintage-es","12":"first","13":"instock","14":"taxable","15":"shipping-taxable","16":"purchasable","17":"product-type-simple"},"aioseo_notices":[],"_links":{"self":[{"href":"https:\/\/pwinecastes.com\/es\/wp-json\/wp\/v2\/product\/18318","targetHints":{"allow":["GET"]}}],"collection":[{"href":"https:\/\/pwinecastes.com\/es\/wp-json\/wp\/v2\/product"}],"about":[{"href":"https:\/\/pwinecastes.com\/es\/wp-json\/wp\/v2\/types\/product"}],"version-history":[{"count":0,"href":"https:\/\/pwinecastes.com\/es\/wp-json\/wp\/v2\/product\/18318\/revisions"}],"wp:featuredmedia":[{"embeddable":true,"href":"https:\/\/pwinecastes.com\/es\/wp-json\/wp\/v2\/media\/18321"}],"wp:attachment":[{"href":"https:\/\/pwinecastes.com\/es\/wp-json\/wp\/v2\/media?parent=18318"}],"wp:term":[{"taxonomy":"product_brand","embeddable":true,"href":"https:\/\/pwinecastes.com\/es\/wp-json\/wp\/v2\/product_brand?post=18318"},{"taxonomy":"product_cat","embeddable":true,"href":"https:\/\/pwinecastes.com\/es\/wp-json\/wp\/v2\/product_cat?post=18318"},{"taxonomy":"product_tag","embeddable":true,"href":"https:\/\/pwinecastes.com\/es\/wp-json\/wp\/v2\/product_tag?post=18318"}],"curies":[{"name":"wp","href":"https:\/\/api.w.org\/{rel}","templated":true}]}}