{"id":18330,"date":"2025-05-10T16:25:31","date_gmt":"2025-05-10T16:25:31","guid":{"rendered":"https:\/\/pwinecastes.com\/?post_type=product&#038;p=18330"},"modified":"2025-06-27T17:31:40","modified_gmt":"2025-06-27T17:31:40","slug":"reccua-porto-30-anos","status":"publish","type":"product","link":"https:\/\/pwinecastes.com\/es\/product\/reccua-porto-30-anos\/","title":{"rendered":"R\u00e9ccua Porto 30 A\u00f1os"},"content":{"rendered":"<p class=\"product_title entry-title\">R\u00e9ccua Porto 30 A\u00f1os<\/p>\n<ul>\n<li><strong>Regi\u00f3n: <\/strong>Duero, Portugal.<\/li>\n<li><strong>Capacidad:<\/strong> 75 cL<\/li>\n<li><strong>Variedades de uva: <\/strong>Touriga Nacional, Tinta Roriz, Touriga Franca, Tinta Barroca.<\/li>\n<li><strong>Graduaci\u00f3n alcoh\u00f3lica: <\/strong>20% Vol.<\/li>\n<li><strong>Nota de cata<\/strong>: Reflejos bronceados dominantes. Aroma muy intenso y complejo, caramelo tostado, moca, nuez y caja de puros. Muy rico y concentrado, pero lleno de equilibrio. Postgusto sorprendentemente largo.   <\/li>\n<li><strong>Informaci\u00f3n adicional:<\/strong> Contiene sulfitos.<\/li>\n<\/ul>\n","protected":false},"excerpt":{"rendered":"<p>R\u00e9ccua Porto 30 A\u00f1os Regi\u00f3n: Duero, Portugal. Capacidad: 75 cL Variedades de uva: Touriga Nacional, Tinta Roriz, Touriga Franca, Tinta Barroca. Graduaci\u00f3n alcoh\u00f3lica: 20% Vol. Nota de cata: Reflejos bronceados dominantes. Aroma muy intenso y complejo, caramelo tostado, moca, nuez y caja de puros. Muy rico y concentrado, pero lleno de equilibrio. Postgusto sorprendentemente largo. [&hellip;]<\/p>\n","protected":false},"featured_media":18336,"template":"","meta":{"_monsterinsights_skip_tracking":false,"_monsterinsights_sitenote_active":false,"_monsterinsights_sitenote_note":"","_monsterinsights_sitenote_category":0},"product_brand":[],"product_cat":[363,225,209,212,102],"product_tag":[],"class_list":{"0":"post-18330","1":"product","2":"type-product","3":"status-publish","4":"has-post-thumbnail","6":"product_cat-cosecha","7":"product_cat-oporto","8":"product_cat-pais-es-2","9":"product_cat-portugal-es-2","10":"product_cat-vinos","12":"first","13":"instock","14":"sale","15":"taxable","16":"shipping-taxable","17":"purchasable","18":"product-type-simple"},"aioseo_notices":[],"_links":{"self":[{"href":"https:\/\/pwinecastes.com\/es\/wp-json\/wp\/v2\/product\/18330","targetHints":{"allow":["GET"]}}],"collection":[{"href":"https:\/\/pwinecastes.com\/es\/wp-json\/wp\/v2\/product"}],"about":[{"href":"https:\/\/pwinecastes.com\/es\/wp-json\/wp\/v2\/types\/product"}],"version-history":[{"count":0,"href":"https:\/\/pwinecastes.com\/es\/wp-json\/wp\/v2\/product\/18330\/revisions"}],"wp:featuredmedia":[{"embeddable":true,"href":"https:\/\/pwinecastes.com\/es\/wp-json\/wp\/v2\/media\/18336"}],"wp:attachment":[{"href":"https:\/\/pwinecastes.com\/es\/wp-json\/wp\/v2\/media?parent=18330"}],"wp:term":[{"taxonomy":"product_brand","embeddable":true,"href":"https:\/\/pwinecastes.com\/es\/wp-json\/wp\/v2\/product_brand?post=18330"},{"taxonomy":"product_cat","embeddable":true,"href":"https:\/\/pwinecastes.com\/es\/wp-json\/wp\/v2\/product_cat?post=18330"},{"taxonomy":"product_tag","embeddable":true,"href":"https:\/\/pwinecastes.com\/es\/wp-json\/wp\/v2\/product_tag?post=18330"}],"curies":[{"name":"wp","href":"https:\/\/api.w.org\/{rel}","templated":true}]}}