{"id":18392,"date":"2025-05-12T15:49:22","date_gmt":"2025-05-12T15:49:22","guid":{"rendered":"https:\/\/pwinecastes.com\/product\/reccua-porto-40-anos\/"},"modified":"2025-06-27T17:30:47","modified_gmt":"2025-06-27T17:30:47","slug":"reccua-porto-40-anos","status":"publish","type":"product","link":"https:\/\/pwinecastes.com\/es\/product\/reccua-porto-40-anos\/","title":{"rendered":"R\u00e9ccua Porto 40 A\u00f1os"},"content":{"rendered":"<p class=\"product_title entry-title\">R\u00e9ccua Porto 40 A\u00f1os<\/p>\n<ul>\n<li><strong>Regi\u00f3n: <\/strong>Duero, Portugal.<\/li>\n<li><strong>Capacidad:<\/strong> 75 cL<\/li>\n<li><strong>Variedades de uva: <\/strong>Touriga Nacional, Tinta Roriz, Touriga Franca, Tinta Barroca.<\/li>\n<li><strong>Graduaci\u00f3n alcoh\u00f3lica: <\/strong>19,5% Vol.<\/li>\n<li><strong>Nota de cata:<\/strong> Color \u00e1mbar y oro viejo. Sabor muy rico y elegante, lleno de equilibrio y frescura. Maravilloso \u00abVinagrinho\u00bb que s\u00f3lo pueden tener los viejos tawnies elaborados en el Duero. Final sublime y persistente.   <\/li>\n<li><strong>Informaci\u00f3n adicional:<\/strong> Contiene sulfitos. Recomendamos servir a una temperatura de 16 a 18\u00baC.<\/li>\n<li>Vendimia 100% manual. Estrujado con despalillado total, fermentaci\u00f3n con maceraci\u00f3n fuerte, interrumpida por la adici\u00f3n de brandy (77%). Envejecimiento en cubas de madera durante unos a\u00f1os.  <\/li>\n<\/ul>\n","protected":false},"excerpt":{"rendered":"<p>R\u00e9ccua Porto 40 A\u00f1os Regi\u00f3n: Duero, Portugal. Capacidad: 75 cL Variedades de uva: Touriga Nacional, Tinta Roriz, Touriga Franca, Tinta Barroca. Graduaci\u00f3n alcoh\u00f3lica: 19,5% Vol. Nota de cata: Color \u00e1mbar y oro viejo. Sabor muy rico y elegante, lleno de equilibrio y frescura. Maravilloso \u00abVinagrinho\u00bb que s\u00f3lo pueden tener los viejos tawnies elaborados en el [&hellip;]<\/p>\n","protected":false},"featured_media":18395,"template":"","meta":{"_monsterinsights_skip_tracking":false,"_monsterinsights_sitenote_active":false,"_monsterinsights_sitenote_note":"","_monsterinsights_sitenote_category":0},"product_brand":[],"product_cat":[225,209,212,213,361,102],"product_tag":[],"class_list":{"0":"post-18392","1":"product","2":"type-product","3":"status-publish","4":"has-post-thumbnail","6":"product_cat-oporto","7":"product_cat-pais-es-2","8":"product_cat-portugal-es-2","9":"product_cat-region-es","10":"product_cat-tawny-es","11":"product_cat-vinos","13":"first","14":"instock","15":"taxable","16":"shipping-taxable","17":"purchasable","18":"product-type-simple"},"aioseo_notices":[],"_links":{"self":[{"href":"https:\/\/pwinecastes.com\/es\/wp-json\/wp\/v2\/product\/18392","targetHints":{"allow":["GET"]}}],"collection":[{"href":"https:\/\/pwinecastes.com\/es\/wp-json\/wp\/v2\/product"}],"about":[{"href":"https:\/\/pwinecastes.com\/es\/wp-json\/wp\/v2\/types\/product"}],"version-history":[{"count":0,"href":"https:\/\/pwinecastes.com\/es\/wp-json\/wp\/v2\/product\/18392\/revisions"}],"wp:featuredmedia":[{"embeddable":true,"href":"https:\/\/pwinecastes.com\/es\/wp-json\/wp\/v2\/media\/18395"}],"wp:attachment":[{"href":"https:\/\/pwinecastes.com\/es\/wp-json\/wp\/v2\/media?parent=18392"}],"wp:term":[{"taxonomy":"product_brand","embeddable":true,"href":"https:\/\/pwinecastes.com\/es\/wp-json\/wp\/v2\/product_brand?post=18392"},{"taxonomy":"product_cat","embeddable":true,"href":"https:\/\/pwinecastes.com\/es\/wp-json\/wp\/v2\/product_cat?post=18392"},{"taxonomy":"product_tag","embeddable":true,"href":"https:\/\/pwinecastes.com\/es\/wp-json\/wp\/v2\/product_tag?post=18392"}],"curies":[{"name":"wp","href":"https:\/\/api.w.org\/{rel}","templated":true}]}}