{"id":18470,"date":"2025-05-16T09:34:25","date_gmt":"2025-05-16T09:34:25","guid":{"rendered":"https:\/\/pwinecastes.com\/product\/quinta-do-crasto-touriga-nacional-2020\/"},"modified":"2025-12-13T14:31:11","modified_gmt":"2025-12-13T14:31:11","slug":"quinta-do-crasto-touriga-nacional-2020","status":"publish","type":"product","link":"https:\/\/pwinecastes.com\/es\/product\/quinta-do-crasto-touriga-nacional-2020\/","title":{"rendered":"Quinta do Crasto Touriga Nacional 2021"},"content":{"rendered":"<p>Quinta do Crasto Touriga Nacional 2021<\/p>\n<ul>\n<li><strong>Regi\u00f3n: <\/strong>Douro<\/li>\n<li><strong>Capacidad:<\/strong> 75 cL<\/li>\n<li><strong>Variedades de uva:<\/strong> 100% Touriga Nacional<\/li>\n<li><strong>Graduaci\u00f3n alcoh\u00f3lica: <\/strong>14%<\/li>\n<li><strong>Notas de cata:<\/strong> Color: Violeta intenso. Aroma: Aroma muy cautivador, con gran intensidad y pureza arom\u00e1tica de frutos rojos frescos, en perfecta armon\u00eda con notas vibrantes de flores de violeta. Boca: Un comienzo envolvente y fresco, que evoluciona hacia un vino serio y de excelente volumen, donde destacan unos taninos frescos y de textura fina, bien integrados con intensas notas de fruta roja del Duero y suaves sensaciones arom\u00e1ticas de chocolate. Un vino seductor que termina con gran frescura y persistencia.<\/li>\n<li><strong>Informaci\u00f3n adicional:<\/strong> Contiene sulfitos.<\/li>\n<\/ul>\n","protected":false},"excerpt":{"rendered":"<p>Quinta do Crasto Touriga Nacional 2021 Regi\u00f3n: Douro Capacidad: 75 cL Variedades de uva: 100% Touriga Nacional Graduaci\u00f3n alcoh\u00f3lica: 14% Notas de cata: Color: Violeta intenso. Aroma: Aroma muy cautivador, con gran intensidad y pureza arom\u00e1tica de frutos rojos frescos, en perfecta armon\u00eda con notas vibrantes de flores de violeta. Boca: Un comienzo envolvente y [&hellip;]<\/p>\n","protected":false},"featured_media":18473,"template":"","meta":{"_monsterinsights_skip_tracking":false,"_monsterinsights_sitenote_active":false,"_monsterinsights_sitenote_note":"","_monsterinsights_sitenote_category":0},"product_brand":[],"product_cat":[217,209,212,213,262,102],"product_tag":[],"class_list":{"0":"post-18470","1":"product","2":"type-product","3":"status-publish","4":"has-post-thumbnail","6":"product_cat-douro-es","7":"product_cat-pais-es-2","8":"product_cat-portugal-es-2","9":"product_cat-region-es","10":"product_cat-tinto-es-5","11":"product_cat-vinos","13":"first","14":"instock","15":"taxable","16":"shipping-taxable","17":"purchasable","18":"product-type-simple"},"aioseo_notices":[],"_links":{"self":[{"href":"https:\/\/pwinecastes.com\/es\/wp-json\/wp\/v2\/product\/18470","targetHints":{"allow":["GET"]}}],"collection":[{"href":"https:\/\/pwinecastes.com\/es\/wp-json\/wp\/v2\/product"}],"about":[{"href":"https:\/\/pwinecastes.com\/es\/wp-json\/wp\/v2\/types\/product"}],"version-history":[{"count":0,"href":"https:\/\/pwinecastes.com\/es\/wp-json\/wp\/v2\/product\/18470\/revisions"}],"wp:featuredmedia":[{"embeddable":true,"href":"https:\/\/pwinecastes.com\/es\/wp-json\/wp\/v2\/media\/18473"}],"wp:attachment":[{"href":"https:\/\/pwinecastes.com\/es\/wp-json\/wp\/v2\/media?parent=18470"}],"wp:term":[{"taxonomy":"product_brand","embeddable":true,"href":"https:\/\/pwinecastes.com\/es\/wp-json\/wp\/v2\/product_brand?post=18470"},{"taxonomy":"product_cat","embeddable":true,"href":"https:\/\/pwinecastes.com\/es\/wp-json\/wp\/v2\/product_cat?post=18470"},{"taxonomy":"product_tag","embeddable":true,"href":"https:\/\/pwinecastes.com\/es\/wp-json\/wp\/v2\/product_tag?post=18470"}],"curies":[{"name":"wp","href":"https:\/\/api.w.org\/{rel}","templated":true}]}}