{"id":18495,"date":"2025-05-19T16:53:23","date_gmt":"2025-05-19T16:53:23","guid":{"rendered":"https:\/\/pwinecastes.com\/product\/quinta-do-sobreiro-de-cima-grande-reserva-tinto-2021\/"},"modified":"2025-05-19T16:53:23","modified_gmt":"2025-05-19T16:53:23","slug":"quinta-do-sobreiro-de-cima-grande-reserva-tinto-2021","status":"publish","type":"product","link":"https:\/\/pwinecastes.com\/es\/product\/quinta-do-sobreiro-de-cima-grande-reserva-tinto-2021\/","title":{"rendered":"Quinta do Sobreir\u00f3 de Cima Grande Reserva Tinto 2021"},"content":{"rendered":"<p>Quinta do Sobreir\u00f3 de Cima Grande Reserva Tinto 2021<\/p>\n<ul>\n<li><strong>Regi\u00f3n: <\/strong>Tr\u00e1s-os-Montes<\/li>\n<li><strong>Capacidad:<\/strong> 75 cL<\/li>\n<li><strong>Variedades de uva: <\/strong>Touriga Nacional, Trincadeira, Bastardo<\/li>\n<li><strong>Graduaci\u00f3n alcoh\u00f3lica: <\/strong>16% Vol.<\/li>\n<li><strong>Nota de cata:<\/strong> Aroma complejo y rico de frutas negras maduras, con un toque de especias y licores, armonizado por el envejecimiento en barricas de roble franc\u00e9s durante 24 meses. En boca se percibe la intensidad de los frutos negros equilibrada por la crianza, con taninos finos y un final largo y persistente. Color rub\u00ed intenso.  <\/li>\n<li><strong>Maridaje: <\/strong>Combina bien con platos de carne roja y quesos suaves.<\/li>\n<li><strong>Informaci\u00f3n adicional:<\/strong> Contiene sulfitos.<\/li>\n<\/ul>\n","protected":false},"excerpt":{"rendered":"<p>Quinta do Sobreir\u00f3 de Cima Grande Reserva Tinto 2021 Regi\u00f3n: Tr\u00e1s-os-Montes Capacidad: 75 cL Variedades de uva: Touriga Nacional, Trincadeira, Bastardo Graduaci\u00f3n alcoh\u00f3lica: 16% Vol. Nota de cata: Aroma complejo y rico de frutas negras maduras, con un toque de especias y licores, armonizado por el envejecimiento en barricas de roble franc\u00e9s durante 24 meses. [&hellip;]<\/p>\n","protected":false},"featured_media":18498,"template":"","meta":{"_monsterinsights_skip_tracking":false,"_monsterinsights_sitenote_active":false,"_monsterinsights_sitenote_note":"","_monsterinsights_sitenote_category":0},"product_brand":[],"product_cat":[209,212,213,376,102],"product_tag":[],"class_list":{"0":"post-18495","1":"product","2":"type-product","3":"status-publish","4":"has-post-thumbnail","6":"product_cat-pais-es-2","7":"product_cat-portugal-es-2","8":"product_cat-region-es","9":"product_cat-tras-os-montes-es","10":"product_cat-vinos","12":"first","13":"instock","14":"taxable","15":"shipping-taxable","16":"purchasable","17":"product-type-simple"},"aioseo_notices":[],"_links":{"self":[{"href":"https:\/\/pwinecastes.com\/es\/wp-json\/wp\/v2\/product\/18495","targetHints":{"allow":["GET"]}}],"collection":[{"href":"https:\/\/pwinecastes.com\/es\/wp-json\/wp\/v2\/product"}],"about":[{"href":"https:\/\/pwinecastes.com\/es\/wp-json\/wp\/v2\/types\/product"}],"version-history":[{"count":0,"href":"https:\/\/pwinecastes.com\/es\/wp-json\/wp\/v2\/product\/18495\/revisions"}],"wp:featuredmedia":[{"embeddable":true,"href":"https:\/\/pwinecastes.com\/es\/wp-json\/wp\/v2\/media\/18498"}],"wp:attachment":[{"href":"https:\/\/pwinecastes.com\/es\/wp-json\/wp\/v2\/media?parent=18495"}],"wp:term":[{"taxonomy":"product_brand","embeddable":true,"href":"https:\/\/pwinecastes.com\/es\/wp-json\/wp\/v2\/product_brand?post=18495"},{"taxonomy":"product_cat","embeddable":true,"href":"https:\/\/pwinecastes.com\/es\/wp-json\/wp\/v2\/product_cat?post=18495"},{"taxonomy":"product_tag","embeddable":true,"href":"https:\/\/pwinecastes.com\/es\/wp-json\/wp\/v2\/product_tag?post=18495"}],"curies":[{"name":"wp","href":"https:\/\/api.w.org\/{rel}","templated":true}]}}