{"id":18518,"date":"2025-05-21T11:22:50","date_gmt":"2025-05-21T11:22:50","guid":{"rendered":"https:\/\/pwinecastes.com\/product\/quinta-vale-d-maria-vinha-do-rio-tinto-2018\/"},"modified":"2025-05-21T11:22:50","modified_gmt":"2025-05-21T11:22:50","slug":"quinta-vale-d-maria-vinha-do-rio-tinto-2018","status":"publish","type":"product","link":"https:\/\/pwinecastes.com\/es\/product\/quinta-vale-d-maria-vinha-do-rio-tinto-2018\/","title":{"rendered":"Quinta Vale D. Maria Vinha do Rio Tinto 2018"},"content":{"rendered":"<p>Quinta Vale D. Maria Vinha do Rio Tinto 2018<\/p>\n<ul>\n<li><strong>Regi\u00f3n: <\/strong>Douro<\/li>\n<li><strong>Capacidad:<\/strong> 75 cL<\/li>\n<li><strong>Cepas: <\/strong>Touriga Nacional, Touriga Franca<\/li>\n<li><strong>Graduaci\u00f3n alcoh\u00f3lica: <\/strong>14,5% Vol.<\/li>\n<li><strong>Nota de cata: <\/strong>Color intenso, con matices violeta, p\u00farpura y rojo oscuro. Hay cierta actitud madura en este vino, que muestra aromas de frambuesas, ciruelas y cerezas negras. Combinado con notas frescas de jara, ning\u00fan sabor es demasiado obvio directamente, pero aparece con elegante discreci\u00f3n a medida que sorbes el vino y evoluciona en la copa.  <\/li>\n<li><b>Maridaje: <\/b>Su estructura sedosa y sus aromas afrutados hacen que este vino armonice con diversos platos, sobre todo de carne. Tambi\u00e9n se puede servir con platos m\u00e1s ricos con salsas y especias. <\/li>\n<li><strong>Informaci\u00f3n adicional:<\/strong> Contiene sulfitos.<\/li>\n<\/ul>\n","protected":false},"excerpt":{"rendered":"<p>Quinta Vale D. Maria Vinha do Rio Tinto 2018 Regi\u00f3n: Douro Capacidad: 75 cL Cepas: Touriga Nacional, Touriga Franca Graduaci\u00f3n alcoh\u00f3lica: 14,5% Vol. Nota de cata: Color intenso, con matices violeta, p\u00farpura y rojo oscuro. Hay cierta actitud madura en este vino, que muestra aromas de frambuesas, ciruelas y cerezas negras. Combinado con notas frescas [&hellip;]<\/p>\n","protected":false},"featured_media":18522,"template":"","meta":{"_monsterinsights_skip_tracking":false,"_monsterinsights_sitenote_active":false,"_monsterinsights_sitenote_note":"","_monsterinsights_sitenote_category":0},"product_brand":[],"product_cat":[217,209,212,213,262,102],"product_tag":[],"class_list":{"0":"post-18518","1":"product","2":"type-product","3":"status-publish","4":"has-post-thumbnail","6":"product_cat-douro-es","7":"product_cat-pais-es-2","8":"product_cat-portugal-es-2","9":"product_cat-region-es","10":"product_cat-tinto-es-5","11":"product_cat-vinos","13":"first","14":"instock","15":"taxable","16":"shipping-taxable","17":"purchasable","18":"product-type-simple"},"aioseo_notices":[],"_links":{"self":[{"href":"https:\/\/pwinecastes.com\/es\/wp-json\/wp\/v2\/product\/18518","targetHints":{"allow":["GET"]}}],"collection":[{"href":"https:\/\/pwinecastes.com\/es\/wp-json\/wp\/v2\/product"}],"about":[{"href":"https:\/\/pwinecastes.com\/es\/wp-json\/wp\/v2\/types\/product"}],"version-history":[{"count":0,"href":"https:\/\/pwinecastes.com\/es\/wp-json\/wp\/v2\/product\/18518\/revisions"}],"wp:featuredmedia":[{"embeddable":true,"href":"https:\/\/pwinecastes.com\/es\/wp-json\/wp\/v2\/media\/18522"}],"wp:attachment":[{"href":"https:\/\/pwinecastes.com\/es\/wp-json\/wp\/v2\/media?parent=18518"}],"wp:term":[{"taxonomy":"product_brand","embeddable":true,"href":"https:\/\/pwinecastes.com\/es\/wp-json\/wp\/v2\/product_brand?post=18518"},{"taxonomy":"product_cat","embeddable":true,"href":"https:\/\/pwinecastes.com\/es\/wp-json\/wp\/v2\/product_cat?post=18518"},{"taxonomy":"product_tag","embeddable":true,"href":"https:\/\/pwinecastes.com\/es\/wp-json\/wp\/v2\/product_tag?post=18518"}],"curies":[{"name":"wp","href":"https:\/\/api.w.org\/{rel}","templated":true}]}}