{"id":18563,"date":"2025-05-24T14:07:09","date_gmt":"2025-05-24T14:07:09","guid":{"rendered":"https:\/\/pwinecastes.com\/?post_type=product&#038;p=18563"},"modified":"2025-05-24T14:07:10","modified_gmt":"2025-05-24T14:07:10","slug":"jameson","status":"publish","type":"product","link":"https:\/\/pwinecastes.com\/es\/product\/jameson\/","title":{"rendered":"Jameson"},"content":{"rendered":"<p class=\"page-title\"><span class=\"base\" data-ui-id=\"page-title-wrapper\">Jameson<\/span><\/p>\n<ul>\n<li><strong>Regi\u00e3o: <\/strong>Irlanda.<\/li>\n<li><strong>Capacidad:<\/strong> 0,70 l<\/li>\n<li><strong>Graduaci\u00f3n alcoh\u00f3lica:<\/strong> 40% vol.<\/li>\n<li><strong>Nota de cata: <\/strong>Jameson es un whisky irland\u00e9s de triple destilaci\u00f3n, lo que le confiere una triple suavidad. Para producir este whisky se ha utilizado la cantidad adecuada de cebada malteada y sin maltear, lo que le da un sabor natural a cebada. Tiene un sabor dulce, con notas de nuez, madera tostada y vainilla que se han conseguido mediante el envejecimiento en barricas de Bourbon. (imagen s\u00f3lo con fines ilustrativos)   <\/li>\n<li><strong>Informaci\u00f3n adicional:<\/strong> Contiene sulfitos.<\/li>\n<\/ul>\n","protected":false},"excerpt":{"rendered":"<p>Jameson Regi\u00e3o: Irlanda. Capacidad: 0,70 l Graduaci\u00f3n alcoh\u00f3lica: 40% vol. Nota de cata: Jameson es un whisky irland\u00e9s de triple destilaci\u00f3n, lo que le confiere una triple suavidad. Para producir este whisky se ha utilizado la cantidad adecuada de cebada malteada y sin maltear, lo que le da un sabor natural a cebada. Tiene un [&hellip;]<\/p>\n","protected":false},"featured_media":18569,"template":"","meta":{"_monsterinsights_skip_tracking":false,"_monsterinsights_sitenote_active":false,"_monsterinsights_sitenote_note":"","_monsterinsights_sitenote_category":0},"product_brand":[],"product_cat":[187,188,192],"product_tag":[],"class_list":{"0":"post-18563","1":"product","2":"type-product","3":"status-publish","4":"has-post-thumbnail","6":"product_cat-destilados","7":"product_cat-tipo-es","8":"product_cat-whisky-es","10":"first","11":"instock","12":"taxable","13":"shipping-taxable","14":"purchasable","15":"product-type-simple"},"aioseo_notices":[],"_links":{"self":[{"href":"https:\/\/pwinecastes.com\/es\/wp-json\/wp\/v2\/product\/18563","targetHints":{"allow":["GET"]}}],"collection":[{"href":"https:\/\/pwinecastes.com\/es\/wp-json\/wp\/v2\/product"}],"about":[{"href":"https:\/\/pwinecastes.com\/es\/wp-json\/wp\/v2\/types\/product"}],"version-history":[{"count":0,"href":"https:\/\/pwinecastes.com\/es\/wp-json\/wp\/v2\/product\/18563\/revisions"}],"wp:featuredmedia":[{"embeddable":true,"href":"https:\/\/pwinecastes.com\/es\/wp-json\/wp\/v2\/media\/18569"}],"wp:attachment":[{"href":"https:\/\/pwinecastes.com\/es\/wp-json\/wp\/v2\/media?parent=18563"}],"wp:term":[{"taxonomy":"product_brand","embeddable":true,"href":"https:\/\/pwinecastes.com\/es\/wp-json\/wp\/v2\/product_brand?post=18563"},{"taxonomy":"product_cat","embeddable":true,"href":"https:\/\/pwinecastes.com\/es\/wp-json\/wp\/v2\/product_cat?post=18563"},{"taxonomy":"product_tag","embeddable":true,"href":"https:\/\/pwinecastes.com\/es\/wp-json\/wp\/v2\/product_tag?post=18563"}],"curies":[{"name":"wp","href":"https:\/\/api.w.org\/{rel}","templated":true}]}}