{"id":18683,"date":"2025-06-07T15:45:31","date_gmt":"2025-06-07T15:45:31","guid":{"rendered":"https:\/\/pwinecastes.com\/product\/charme-rojo-2018\/"},"modified":"2025-06-07T15:45:31","modified_gmt":"2025-06-07T15:45:31","slug":"charme-rojo-2018","status":"publish","type":"product","link":"https:\/\/pwinecastes.com\/es\/product\/charme-rojo-2018\/","title":{"rendered":"Charme Rojo 2018"},"content":{"rendered":"<p>Charme Rojo 2018<\/p>\n<ul>\n<li><strong>Regi\u00f3n: <\/strong>Douro<\/li>\n<li><strong>Capacidad:<\/strong> 75 cL<\/li>\n<li><strong>Cepas: <\/strong>Tinta Roriz, Touriga Franca e outras.<\/li>\n<li><strong>Graduaci\u00f3n alcoh\u00f3lica: <\/strong>13%<\/li>\n<li><strong>Nota de cata:<\/strong> Charme es un vino poco com\u00fan producido por Niepoort en el Duero a partir de una mezcla de variedades de uva, con predominio de Tinta Roriz y Touriga Franca, que da lugar a un tinto elegante y complejo, con taninos suaves y envolventes.<\/li>\n<li><strong>Armonizaci\u00f3n:Marida bien con platos como la perdiz o el fais\u00e1n.<\/strong><\/li>\n<li><strong>Informaci\u00f3n adicional:<\/strong> Contiene sulfitos.<\/li>\n<\/ul>\n","protected":false},"excerpt":{"rendered":"<p>Charme Rojo 2018 Regi\u00f3n: Douro Capacidad: 75 cL Cepas: Tinta Roriz, Touriga Franca e outras. Graduaci\u00f3n alcoh\u00f3lica: 13% Nota de cata: Charme es un vino poco com\u00fan producido por Niepoort en el Duero a partir de una mezcla de variedades de uva, con predominio de Tinta Roriz y Touriga Franca, que da lugar a un [&hellip;]<\/p>\n","protected":false},"featured_media":18677,"template":"","meta":{"_monsterinsights_skip_tracking":false,"_monsterinsights_sitenote_active":false,"_monsterinsights_sitenote_note":"","_monsterinsights_sitenote_category":0},"product_brand":[],"product_cat":[217,209,212,213,262,102],"product_tag":[],"class_list":{"0":"post-18683","1":"product","2":"type-product","3":"status-publish","4":"has-post-thumbnail","6":"product_cat-douro-es","7":"product_cat-pais-es-2","8":"product_cat-portugal-es-2","9":"product_cat-region-es","10":"product_cat-tinto-es-5","11":"product_cat-vinos","13":"first","14":"instock","15":"taxable","16":"shipping-taxable","17":"purchasable","18":"product-type-simple"},"aioseo_notices":[],"_links":{"self":[{"href":"https:\/\/pwinecastes.com\/es\/wp-json\/wp\/v2\/product\/18683","targetHints":{"allow":["GET"]}}],"collection":[{"href":"https:\/\/pwinecastes.com\/es\/wp-json\/wp\/v2\/product"}],"about":[{"href":"https:\/\/pwinecastes.com\/es\/wp-json\/wp\/v2\/types\/product"}],"version-history":[{"count":0,"href":"https:\/\/pwinecastes.com\/es\/wp-json\/wp\/v2\/product\/18683\/revisions"}],"wp:featuredmedia":[{"embeddable":true,"href":"https:\/\/pwinecastes.com\/es\/wp-json\/wp\/v2\/media\/18677"}],"wp:attachment":[{"href":"https:\/\/pwinecastes.com\/es\/wp-json\/wp\/v2\/media?parent=18683"}],"wp:term":[{"taxonomy":"product_brand","embeddable":true,"href":"https:\/\/pwinecastes.com\/es\/wp-json\/wp\/v2\/product_brand?post=18683"},{"taxonomy":"product_cat","embeddable":true,"href":"https:\/\/pwinecastes.com\/es\/wp-json\/wp\/v2\/product_cat?post=18683"},{"taxonomy":"product_tag","embeddable":true,"href":"https:\/\/pwinecastes.com\/es\/wp-json\/wp\/v2\/product_tag?post=18683"}],"curies":[{"name":"wp","href":"https:\/\/api.w.org\/{rel}","templated":true}]}}