{"id":18734,"date":"2025-06-21T09:32:31","date_gmt":"2025-06-21T09:32:31","guid":{"rendered":"https:\/\/pwinecastes.com\/?post_type=product&#038;p=18734"},"modified":"2025-06-21T09:32:32","modified_gmt":"2025-06-21T09:32:32","slug":"espumoso-casa-do-canto-blanc-de-blancs-brut","status":"publish","type":"product","link":"https:\/\/pwinecastes.com\/es\/product\/espumoso-casa-do-canto-blanc-de-blancs-brut\/","title":{"rendered":"Espumoso Casa Do Canto Blanc De Blancs Brut"},"content":{"rendered":"<p>Espumoso Casa Do Canto Blanc De Blancs Brut<\/p>\n<ul>\n<li><strong>Regi\u00f3n: <\/strong>Bairrada.<\/li>\n<li><strong>Capacidad:<\/strong> 75 cL<\/li>\n<li><strong>Variedades de uva: <\/strong>Arinto, Bical, Chardonnay.<\/li>\n<li><strong>Graduaci\u00f3n alcoh\u00f3lica: <\/strong>12,5% vol.<\/li>\n<li><strong>Nota de cata: <\/strong>Afrutado e intenso. Predomina la fruta de pulpa blanca con toques de avellana y galleta. Color c\u00edtrico con tonos verdosos. Fresco y crujiente en boca, con una espuma suave, equilibrada y armoniosa.   <\/li>\n<li><strong>Gastronom\u00eda<\/strong>: Postres.<\/li>\n<li><strong>Informaci\u00f3n adicional:<\/strong> Contiene sulfitos.<\/li>\n<\/ul>\n","protected":false},"excerpt":{"rendered":"<p>Espumoso Casa Do Canto Blanc De Blancs Brut Regi\u00f3n: Bairrada. Capacidad: 75 cL Variedades de uva: Arinto, Bical, Chardonnay. Graduaci\u00f3n alcoh\u00f3lica: 12,5% vol. Nota de cata: Afrutado e intenso. Predomina la fruta de pulpa blanca con toques de avellana y galleta. Color c\u00edtrico con tonos verdosos. Fresco y crujiente en boca, con una espuma suave, [&hellip;]<\/p>\n","protected":false},"featured_media":18740,"template":"","meta":{"_monsterinsights_skip_tracking":false,"_monsterinsights_sitenote_active":false,"_monsterinsights_sitenote_note":"","_monsterinsights_sitenote_category":0},"product_brand":[],"product_cat":[182,186],"product_tag":[],"class_list":{"0":"post-18734","1":"product","2":"type-product","3":"status-publish","4":"has-post-thumbnail","6":"product_cat-champagne-espumoso","7":"product_cat-portugal-es","9":"first","10":"instock","11":"taxable","12":"shipping-taxable","13":"purchasable","14":"product-type-simple"},"aioseo_notices":[],"_links":{"self":[{"href":"https:\/\/pwinecastes.com\/es\/wp-json\/wp\/v2\/product\/18734","targetHints":{"allow":["GET"]}}],"collection":[{"href":"https:\/\/pwinecastes.com\/es\/wp-json\/wp\/v2\/product"}],"about":[{"href":"https:\/\/pwinecastes.com\/es\/wp-json\/wp\/v2\/types\/product"}],"version-history":[{"count":0,"href":"https:\/\/pwinecastes.com\/es\/wp-json\/wp\/v2\/product\/18734\/revisions"}],"wp:featuredmedia":[{"embeddable":true,"href":"https:\/\/pwinecastes.com\/es\/wp-json\/wp\/v2\/media\/18740"}],"wp:attachment":[{"href":"https:\/\/pwinecastes.com\/es\/wp-json\/wp\/v2\/media?parent=18734"}],"wp:term":[{"taxonomy":"product_brand","embeddable":true,"href":"https:\/\/pwinecastes.com\/es\/wp-json\/wp\/v2\/product_brand?post=18734"},{"taxonomy":"product_cat","embeddable":true,"href":"https:\/\/pwinecastes.com\/es\/wp-json\/wp\/v2\/product_cat?post=18734"},{"taxonomy":"product_tag","embeddable":true,"href":"https:\/\/pwinecastes.com\/es\/wp-json\/wp\/v2\/product_tag?post=18734"}],"curies":[{"name":"wp","href":"https:\/\/api.w.org\/{rel}","templated":true}]}}