{"id":18834,"date":"2025-06-25T15:40:44","date_gmt":"2025-06-25T15:40:44","guid":{"rendered":"https:\/\/pwinecastes.com\/product\/recuerdos-de-santar-touriga-nacional-alfrocheiro\/"},"modified":"2025-06-25T15:40:44","modified_gmt":"2025-06-25T15:40:44","slug":"recuerdos-de-santar-touriga-nacional-alfrocheiro","status":"publish","type":"product","link":"https:\/\/pwinecastes.com\/es\/product\/recuerdos-de-santar-touriga-nacional-alfrocheiro\/","title":{"rendered":"Recuerdos de Santar Touriga Nacional\/Alfrocheiro"},"content":{"rendered":"<p>Recuerdos de Santar Touriga Nacional\/Alfrocheiro<\/p>\n<ul>\n<li><strong>Regi\u00f3n: <\/strong>D\u00e3o.<\/li>\n<li><strong>Capacidad:<\/strong> 75 cL<\/li>\n<li><strong>Variedades de uva: <\/strong>Touriga Nacional, Alfrocheiro<\/li>\n<li><strong>Graduaci\u00f3n alcoh\u00f3lica: <\/strong>12,5% vol.<\/li>\n<li><strong>Nota de cata<\/strong>: Color rojo intenso con tonos viol\u00e1ceos. El aroma se caracteriza por notas de fruta roja madura y elegante. En boca, se confirman las notas de fruta madura, acompa\u00f1adas de taninos suaves que le confieren una excelente estructura y un gran potencial de envejecimiento en botella. Final largo y complejo.   <\/li>\n<li><strong>Maridaje:<\/strong> Carnes blancas a la parrilla, Carnes rojas a la parrilla, Carne de olla, Carne de caza.<\/li>\n<li><strong>Informaci\u00f3n adicional:<\/strong> Contiene sulfitos. Tras la fermentaci\u00f3n, envejeci\u00f3 durante 9 meses en barricas de roble franc\u00e9s y americano.<\/li>\n<\/ul>\n","protected":false},"excerpt":{"rendered":"<p>Recuerdos de Santar Touriga Nacional\/Alfrocheiro Regi\u00f3n: D\u00e3o. Capacidad: 75 cL Variedades de uva: Touriga Nacional, Alfrocheiro Graduaci\u00f3n alcoh\u00f3lica: 12,5% vol. Nota de cata: Color rojo intenso con tonos viol\u00e1ceos. El aroma se caracteriza por notas de fruta roja madura y elegante. En boca, se confirman las notas de fruta madura, acompa\u00f1adas de taninos suaves que [&hellip;]<\/p>\n","protected":false},"featured_media":18837,"template":"","meta":{"_monsterinsights_skip_tracking":false,"_monsterinsights_sitenote_active":false,"_monsterinsights_sitenote_note":"","_monsterinsights_sitenote_category":0},"product_brand":[],"product_cat":[216,209,212,213,249,102],"product_tag":[],"class_list":{"0":"post-18834","1":"product","2":"type-product","3":"status-publish","4":"has-post-thumbnail","6":"product_cat-dao-es","7":"product_cat-pais-es-2","8":"product_cat-portugal-es-2","9":"product_cat-region-es","10":"product_cat-tinto-es-4","11":"product_cat-vinos","13":"first","14":"instock","15":"taxable","16":"shipping-taxable","17":"purchasable","18":"product-type-simple"},"aioseo_notices":[],"_links":{"self":[{"href":"https:\/\/pwinecastes.com\/es\/wp-json\/wp\/v2\/product\/18834","targetHints":{"allow":["GET"]}}],"collection":[{"href":"https:\/\/pwinecastes.com\/es\/wp-json\/wp\/v2\/product"}],"about":[{"href":"https:\/\/pwinecastes.com\/es\/wp-json\/wp\/v2\/types\/product"}],"version-history":[{"count":0,"href":"https:\/\/pwinecastes.com\/es\/wp-json\/wp\/v2\/product\/18834\/revisions"}],"wp:featuredmedia":[{"embeddable":true,"href":"https:\/\/pwinecastes.com\/es\/wp-json\/wp\/v2\/media\/18837"}],"wp:attachment":[{"href":"https:\/\/pwinecastes.com\/es\/wp-json\/wp\/v2\/media?parent=18834"}],"wp:term":[{"taxonomy":"product_brand","embeddable":true,"href":"https:\/\/pwinecastes.com\/es\/wp-json\/wp\/v2\/product_brand?post=18834"},{"taxonomy":"product_cat","embeddable":true,"href":"https:\/\/pwinecastes.com\/es\/wp-json\/wp\/v2\/product_cat?post=18834"},{"taxonomy":"product_tag","embeddable":true,"href":"https:\/\/pwinecastes.com\/es\/wp-json\/wp\/v2\/product_tag?post=18834"}],"curies":[{"name":"wp","href":"https:\/\/api.w.org\/{rel}","templated":true}]}}