{"id":18848,"date":"2025-06-25T17:48:38","date_gmt":"2025-06-25T17:48:38","guid":{"rendered":"https:\/\/pwinecastes.com\/product\/taboadella-unoaked-blanco-2024\/"},"modified":"2025-06-25T17:48:38","modified_gmt":"2025-06-25T17:48:38","slug":"taboadella-unoaked-blanco-2024","status":"publish","type":"product","link":"https:\/\/pwinecastes.com\/es\/product\/taboadella-unoaked-blanco-2024\/","title":{"rendered":"Taboadella Unoaked Blanco 2024"},"content":{"rendered":"<p>Taboadella Unoaked Blanco 2024<\/p>\n<ul>\n<li><strong>Regi\u00f3n: <\/strong>D\u00e3o.<\/li>\n<li><strong>Capacidad:<\/strong> 75 cL<\/li>\n<li><strong>Variedades de uva: <\/strong>20% Encruzado, 30% Bical y 30% Cercial<\/li>\n<li><strong>Graduaci\u00f3n alcoh\u00f3lica: <\/strong>13,5% vol.<\/li>\n<li><strong>Nota de cata: <\/strong>La exuberancia y transparencia de la variedad de uva Encruzado, combinadas con los delicados aromas florales del Bical y la austeridad del Cercial, nos permitieron \u00abdise\u00f1ar\u00bb un vino blanco con un perfil \u00fanico. Con una acidez contenida y vibrante.<\/li>\n<li><strong>Informaci\u00f3n adicional:<\/strong> Contiene sulfitos.<\/li>\n<\/ul>\n","protected":false},"excerpt":{"rendered":"<p>Taboadella Unoaked Blanco 2024 Regi\u00f3n: D\u00e3o. Capacidad: 75 cL Variedades de uva: 20% Encruzado, 30% Bical y 30% Cercial Graduaci\u00f3n alcoh\u00f3lica: 13,5% vol. Nota de cata: La exuberancia y transparencia de la variedad de uva Encruzado, combinadas con los delicados aromas florales del Bical y la austeridad del Cercial, nos permitieron \u00abdise\u00f1ar\u00bb un vino blanco [&hellip;]<\/p>\n","protected":false},"featured_media":18852,"template":"","meta":{"_monsterinsights_skip_tracking":false,"_monsterinsights_sitenote_active":false,"_monsterinsights_sitenote_note":"","_monsterinsights_sitenote_category":0},"product_brand":[],"product_cat":[250,216,209,212,213,102],"product_tag":[],"class_list":{"0":"post-18848","1":"product","2":"type-product","3":"status-publish","4":"has-post-thumbnail","6":"product_cat-blanco-es-3","7":"product_cat-dao-es","8":"product_cat-pais-es-2","9":"product_cat-portugal-es-2","10":"product_cat-region-es","11":"product_cat-vinos","13":"first","14":"instock","15":"taxable","16":"shipping-taxable","17":"purchasable","18":"product-type-simple"},"aioseo_notices":[],"_links":{"self":[{"href":"https:\/\/pwinecastes.com\/es\/wp-json\/wp\/v2\/product\/18848","targetHints":{"allow":["GET"]}}],"collection":[{"href":"https:\/\/pwinecastes.com\/es\/wp-json\/wp\/v2\/product"}],"about":[{"href":"https:\/\/pwinecastes.com\/es\/wp-json\/wp\/v2\/types\/product"}],"version-history":[{"count":0,"href":"https:\/\/pwinecastes.com\/es\/wp-json\/wp\/v2\/product\/18848\/revisions"}],"wp:featuredmedia":[{"embeddable":true,"href":"https:\/\/pwinecastes.com\/es\/wp-json\/wp\/v2\/media\/18852"}],"wp:attachment":[{"href":"https:\/\/pwinecastes.com\/es\/wp-json\/wp\/v2\/media?parent=18848"}],"wp:term":[{"taxonomy":"product_brand","embeddable":true,"href":"https:\/\/pwinecastes.com\/es\/wp-json\/wp\/v2\/product_brand?post=18848"},{"taxonomy":"product_cat","embeddable":true,"href":"https:\/\/pwinecastes.com\/es\/wp-json\/wp\/v2\/product_cat?post=18848"},{"taxonomy":"product_tag","embeddable":true,"href":"https:\/\/pwinecastes.com\/es\/wp-json\/wp\/v2\/product_tag?post=18848"}],"curies":[{"name":"wp","href":"https:\/\/api.w.org\/{rel}","templated":true}]}}