{"id":18857,"date":"2025-06-26T16:41:21","date_gmt":"2025-06-26T16:41:21","guid":{"rendered":"https:\/\/pwinecastes.com\/product\/allgo-rojo-2019\/"},"modified":"2025-06-26T16:41:21","modified_gmt":"2025-06-26T16:41:21","slug":"allgo-rojo-2019","status":"publish","type":"product","link":"https:\/\/pwinecastes.com\/es\/product\/allgo-rojo-2019\/","title":{"rendered":"Allgo Rojo 2019"},"content":{"rendered":"<p>Allgo Rojo 2019<\/p>\n<ul>\n<li><strong>Regi\u00f3n: <\/strong>D\u00e3o<\/li>\n<li><strong>Capacidad:<\/strong> 75 cL<\/li>\n<li><strong>Variedades de uva: <\/strong>Touriga Nacional, Alfrocheiro, Jaen<\/li>\n<li><strong>Graduaci\u00f3n alcoh\u00f3lica: <\/strong>13% vol.<\/li>\n<li><strong>Nota de cata: <\/strong>Color rojo rub\u00ed, con una nariz delicada de frutos rojos como las cerezas. En boca es fresco y muy atractivo, con taninos finos y un final suave. Un vino muy elegante.  <\/li>\n<li><strong>Armonizaci\u00f3n: <\/strong>Carnes de caza, cordero y ternera.<\/li>\n<li><strong>Informaci\u00f3n adicional:<\/strong> Contiene sulfitos. Envejecimiento parcial en barricas usadas de roble franc\u00e9s.<\/li>\n<\/ul>\n","protected":false},"excerpt":{"rendered":"<p>Allgo Rojo 2019 Regi\u00f3n: D\u00e3o Capacidad: 75 cL Variedades de uva: Touriga Nacional, Alfrocheiro, Jaen Graduaci\u00f3n alcoh\u00f3lica: 13% vol. Nota de cata: Color rojo rub\u00ed, con una nariz delicada de frutos rojos como las cerezas. En boca es fresco y muy atractivo, con taninos finos y un final suave. Un vino muy elegante. Armonizaci\u00f3n: Carnes [&hellip;]<\/p>\n","protected":false},"featured_media":18860,"template":"","meta":{"_monsterinsights_skip_tracking":false,"_monsterinsights_sitenote_active":false,"_monsterinsights_sitenote_note":"","_monsterinsights_sitenote_category":0},"product_brand":[],"product_cat":[216,209,212,213,249,102],"product_tag":[],"class_list":{"0":"post-18857","1":"product","2":"type-product","3":"status-publish","4":"has-post-thumbnail","6":"product_cat-dao-es","7":"product_cat-pais-es-2","8":"product_cat-portugal-es-2","9":"product_cat-region-es","10":"product_cat-tinto-es-4","11":"product_cat-vinos","13":"first","14":"instock","15":"taxable","16":"shipping-taxable","17":"purchasable","18":"product-type-simple"},"aioseo_notices":[],"_links":{"self":[{"href":"https:\/\/pwinecastes.com\/es\/wp-json\/wp\/v2\/product\/18857","targetHints":{"allow":["GET"]}}],"collection":[{"href":"https:\/\/pwinecastes.com\/es\/wp-json\/wp\/v2\/product"}],"about":[{"href":"https:\/\/pwinecastes.com\/es\/wp-json\/wp\/v2\/types\/product"}],"version-history":[{"count":0,"href":"https:\/\/pwinecastes.com\/es\/wp-json\/wp\/v2\/product\/18857\/revisions"}],"wp:featuredmedia":[{"embeddable":true,"href":"https:\/\/pwinecastes.com\/es\/wp-json\/wp\/v2\/media\/18860"}],"wp:attachment":[{"href":"https:\/\/pwinecastes.com\/es\/wp-json\/wp\/v2\/media?parent=18857"}],"wp:term":[{"taxonomy":"product_brand","embeddable":true,"href":"https:\/\/pwinecastes.com\/es\/wp-json\/wp\/v2\/product_brand?post=18857"},{"taxonomy":"product_cat","embeddable":true,"href":"https:\/\/pwinecastes.com\/es\/wp-json\/wp\/v2\/product_cat?post=18857"},{"taxonomy":"product_tag","embeddable":true,"href":"https:\/\/pwinecastes.com\/es\/wp-json\/wp\/v2\/product_tag?post=18857"}],"curies":[{"name":"wp","href":"https:\/\/api.w.org\/{rel}","templated":true}]}}