{"id":18989,"date":"2025-07-05T11:16:09","date_gmt":"2025-07-05T11:16:09","guid":{"rendered":"https:\/\/pwinecastes.com\/product\/fonseca-tawny-20-anos\/"},"modified":"2025-07-05T11:16:09","modified_gmt":"2025-07-05T11:16:09","slug":"fonseca-tawny-20-anos","status":"publish","type":"product","link":"https:\/\/pwinecastes.com\/es\/product\/fonseca-tawny-20-anos\/","title":{"rendered":"Fonseca Tawny 20 A\u00f1os"},"content":{"rendered":"<p>Fonseca Tawny 20 A\u00f1os<\/p>\n<ul>\n<li><strong>Regi\u00f3n: <\/strong>Duero, Portugal.<\/li>\n<li><strong>Capacidad:<\/strong> 75 cL<\/li>\n<li><strong>Grado alcoh\u00f3lico: <\/strong>20% vol.<\/li>\n<li><strong>Nota de cata: <\/strong>El Fonseca 20 A\u00f1os Tawny es de color \u00e1mbar intenso, con reflejos marrones. Su espl\u00e9ndido bouquet es una compleja combinaci\u00f3n de fruta madura y melosa, toques de especias como canela, caramelo y sutiles matices de madera. <\/li>\n<li><strong>Maridaje: <\/strong>El Oporto Tawny es un delicioso vino de postre y combina especialmente bien con sabores de almendras, bayas o chocolate negro. Combina bien con sabores de higos, almendras y caramelo. Tambi\u00e9n es excelente con unas natillas o un bol de fresas. Tambi\u00e9n puede disfrutarse solo, al final de la comida, con frutos secos.   <\/li>\n<li><strong>Indicaciones:<\/strong> Este vino est\u00e1 listo para beber y no necesita decantarse. La botella debe conservarse en posici\u00f3n vertical, protegida de la luz y el calor. <\/li>\n<li><strong>Informaci\u00f3n adicional:<\/strong> Contiene sulfitos.<\/li>\n<\/ul>\n","protected":false},"excerpt":{"rendered":"<p>Fonseca Tawny 20 A\u00f1os Regi\u00f3n: Duero, Portugal. Capacidad: 75 cL Grado alcoh\u00f3lico: 20% vol. Nota de cata: El Fonseca 20 A\u00f1os Tawny es de color \u00e1mbar intenso, con reflejos marrones. Su espl\u00e9ndido bouquet es una compleja combinaci\u00f3n de fruta madura y melosa, toques de especias como canela, caramelo y sutiles matices de madera. Maridaje: El [&hellip;]<\/p>\n","protected":false},"featured_media":18987,"template":"","meta":{"_monsterinsights_skip_tracking":false,"_monsterinsights_sitenote_active":false,"_monsterinsights_sitenote_note":"","_monsterinsights_sitenote_category":0},"product_brand":[],"product_cat":[225,361],"product_tag":[],"class_list":{"0":"post-18989","1":"product","2":"type-product","3":"status-publish","4":"has-post-thumbnail","6":"product_cat-oporto","7":"product_cat-tawny-es","9":"first","10":"instock","11":"taxable","12":"shipping-taxable","13":"purchasable","14":"product-type-simple"},"aioseo_notices":[],"_links":{"self":[{"href":"https:\/\/pwinecastes.com\/es\/wp-json\/wp\/v2\/product\/18989","targetHints":{"allow":["GET"]}}],"collection":[{"href":"https:\/\/pwinecastes.com\/es\/wp-json\/wp\/v2\/product"}],"about":[{"href":"https:\/\/pwinecastes.com\/es\/wp-json\/wp\/v2\/types\/product"}],"version-history":[{"count":0,"href":"https:\/\/pwinecastes.com\/es\/wp-json\/wp\/v2\/product\/18989\/revisions"}],"wp:featuredmedia":[{"embeddable":true,"href":"https:\/\/pwinecastes.com\/es\/wp-json\/wp\/v2\/media\/18987"}],"wp:attachment":[{"href":"https:\/\/pwinecastes.com\/es\/wp-json\/wp\/v2\/media?parent=18989"}],"wp:term":[{"taxonomy":"product_brand","embeddable":true,"href":"https:\/\/pwinecastes.com\/es\/wp-json\/wp\/v2\/product_brand?post=18989"},{"taxonomy":"product_cat","embeddable":true,"href":"https:\/\/pwinecastes.com\/es\/wp-json\/wp\/v2\/product_cat?post=18989"},{"taxonomy":"product_tag","embeddable":true,"href":"https:\/\/pwinecastes.com\/es\/wp-json\/wp\/v2\/product_tag?post=18989"}],"curies":[{"name":"wp","href":"https:\/\/api.w.org\/{rel}","templated":true}]}}