{"id":19053,"date":"2025-07-17T15:14:06","date_gmt":"2025-07-17T15:14:06","guid":{"rendered":"https:\/\/pwinecastes.com\/product\/redoma-reserva-blanco-2022\/"},"modified":"2025-07-17T15:14:06","modified_gmt":"2025-07-17T15:14:06","slug":"redoma-reserva-blanco-2022","status":"publish","type":"product","link":"https:\/\/pwinecastes.com\/es\/product\/redoma-reserva-blanco-2022\/","title":{"rendered":"Redoma Reserva Blanco 2022"},"content":{"rendered":"<p>Redoma Reserva Blanco 2022<\/p>\n<ul>\n<li><strong>Regi\u00f3n: <\/strong>Douro<\/li>\n<li><strong>Capacidad:<\/strong> 75 cL<\/li>\n<li><strong>Variedades de uva: <\/strong>Rabigato, C\u00f3dega, Viosinho, Arinto, Otras<\/li>\n<li><strong>Graduaci\u00f3n alcoh\u00f3lica: <\/strong>12% vol.<\/li>\n<li><strong>Nota de cata:<\/strong> Aroma con un car\u00e1cter muy floral en armon\u00eda con la barrica. En boca es vibrante y el\u00e9ctrico, con un final largo y ligeramente salino <\/li>\n<li><strong>Maridaje: <\/strong>Pescado asado, arroz marinero, carnes blancas.<\/li>\n<li><strong>Informaci\u00f3n adicional:<\/strong> Contiene sulfitos. Redoma Reserva Blanco 2022 se elabora con uvas procedentes de vi\u00f1as viejas plantadas a 600 metros de altitud sobre suelos de esquisto de mica. Al final de la crianza, se eligen las mejores barricas, teniendo en cuenta su mineralidad, complejidad y potencial de envejecimiento. <\/li>\n<\/ul>\n","protected":false},"excerpt":{"rendered":"<p>Redoma Reserva Blanco 2022 Regi\u00f3n: Douro Capacidad: 75 cL Variedades de uva: Rabigato, C\u00f3dega, Viosinho, Arinto, Otras Graduaci\u00f3n alcoh\u00f3lica: 12% vol. Nota de cata: Aroma con un car\u00e1cter muy floral en armon\u00eda con la barrica. En boca es vibrante y el\u00e9ctrico, con un final largo y ligeramente salino Maridaje: Pescado asado, arroz marinero, carnes blancas. [&hellip;]<\/p>\n","protected":false},"featured_media":19056,"template":"","meta":{"_monsterinsights_skip_tracking":false,"_monsterinsights_sitenote_active":false,"_monsterinsights_sitenote_note":"","_monsterinsights_sitenote_category":0},"product_brand":[],"product_cat":[261,217,209,213,102],"product_tag":[],"class_list":{"0":"post-19053","1":"product","2":"type-product","3":"status-publish","4":"has-post-thumbnail","6":"product_cat-blanco-es-4","7":"product_cat-douro-es","8":"product_cat-pais-es-2","9":"product_cat-region-es","10":"product_cat-vinos","12":"first","13":"instock","14":"taxable","15":"shipping-taxable","16":"purchasable","17":"product-type-simple"},"aioseo_notices":[],"_links":{"self":[{"href":"https:\/\/pwinecastes.com\/es\/wp-json\/wp\/v2\/product\/19053","targetHints":{"allow":["GET"]}}],"collection":[{"href":"https:\/\/pwinecastes.com\/es\/wp-json\/wp\/v2\/product"}],"about":[{"href":"https:\/\/pwinecastes.com\/es\/wp-json\/wp\/v2\/types\/product"}],"version-history":[{"count":0,"href":"https:\/\/pwinecastes.com\/es\/wp-json\/wp\/v2\/product\/19053\/revisions"}],"wp:featuredmedia":[{"embeddable":true,"href":"https:\/\/pwinecastes.com\/es\/wp-json\/wp\/v2\/media\/19056"}],"wp:attachment":[{"href":"https:\/\/pwinecastes.com\/es\/wp-json\/wp\/v2\/media?parent=19053"}],"wp:term":[{"taxonomy":"product_brand","embeddable":true,"href":"https:\/\/pwinecastes.com\/es\/wp-json\/wp\/v2\/product_brand?post=19053"},{"taxonomy":"product_cat","embeddable":true,"href":"https:\/\/pwinecastes.com\/es\/wp-json\/wp\/v2\/product_cat?post=19053"},{"taxonomy":"product_tag","embeddable":true,"href":"https:\/\/pwinecastes.com\/es\/wp-json\/wp\/v2\/product_tag?post=19053"}],"curies":[{"name":"wp","href":"https:\/\/api.w.org\/{rel}","templated":true}]}}