{"id":19067,"date":"2025-07-17T15:36:24","date_gmt":"2025-07-17T15:36:24","guid":{"rendered":"https:\/\/pwinecastes.com\/product\/meandro-do-vale-meao-blanco-2020\/"},"modified":"2025-07-17T15:36:24","modified_gmt":"2025-07-17T15:36:24","slug":"meandro-do-vale-meao-blanco-2020","status":"publish","type":"product","link":"https:\/\/pwinecastes.com\/es\/product\/meandro-do-vale-meao-blanco-2020\/","title":{"rendered":"Meandro do Vale Me\u00e3o Blanco 2020"},"content":{"rendered":"<p>Meandro do Vale Me\u00e3o Blanco 2020<\/p>\n<ul>\n<li><strong>Regi\u00f3n: <\/strong>Douro<\/li>\n<li><strong>Capacidad:<\/strong> 75 cL<\/li>\n<li><strong>Variedades de uva: <\/strong>Arinto, Rabigato<\/li>\n<li><strong>Graduaci\u00f3n alcoh\u00f3lica: <\/strong>12%vol.<\/li>\n<li><strong>Notas de cata:<\/strong> El vino tiene un intenso color verdoso. Tiene la vibrante acidez del Arinto combinada con la fruta viva del Rabigato. En boca sorprende por su densidad y frescura.  <\/li>\n<li><strong>Informaci\u00f3n adicional:<\/strong> Contiene sulfitos. Tras un ligero estrujado, las uvas se someten a un choque t\u00e9rmico, seguido del paso por una prensa vertical tradicional. El mosto se transfiere a peque\u00f1as cubas de vinificaci\u00f3n con temperatura controlada. Las variedades de uva se vinifican por separado. El vino se cr\u00eda sobre sus l\u00edas durante siete meses.   <\/li>\n<\/ul>\n","protected":false},"excerpt":{"rendered":"<p>Meandro do Vale Me\u00e3o Blanco 2020 Regi\u00f3n: Douro Capacidad: 75 cL Variedades de uva: Arinto, Rabigato Graduaci\u00f3n alcoh\u00f3lica: 12%vol. Notas de cata: El vino tiene un intenso color verdoso. Tiene la vibrante acidez del Arinto combinada con la fruta viva del Rabigato. En boca sorprende por su densidad y frescura. Informaci\u00f3n adicional: Contiene sulfitos. Tras [&hellip;]<\/p>\n","protected":false},"featured_media":19071,"template":"","meta":{"_monsterinsights_skip_tracking":false,"_monsterinsights_sitenote_active":false,"_monsterinsights_sitenote_note":"","_monsterinsights_sitenote_category":0},"product_brand":[],"product_cat":[261,217,209,212,213,102],"product_tag":[],"class_list":{"0":"post-19067","1":"product","2":"type-product","3":"status-publish","4":"has-post-thumbnail","6":"product_cat-blanco-es-4","7":"product_cat-douro-es","8":"product_cat-pais-es-2","9":"product_cat-portugal-es-2","10":"product_cat-region-es","11":"product_cat-vinos","13":"first","14":"instock","15":"taxable","16":"shipping-taxable","17":"purchasable","18":"product-type-simple"},"aioseo_notices":[],"_links":{"self":[{"href":"https:\/\/pwinecastes.com\/es\/wp-json\/wp\/v2\/product\/19067","targetHints":{"allow":["GET"]}}],"collection":[{"href":"https:\/\/pwinecastes.com\/es\/wp-json\/wp\/v2\/product"}],"about":[{"href":"https:\/\/pwinecastes.com\/es\/wp-json\/wp\/v2\/types\/product"}],"version-history":[{"count":0,"href":"https:\/\/pwinecastes.com\/es\/wp-json\/wp\/v2\/product\/19067\/revisions"}],"wp:featuredmedia":[{"embeddable":true,"href":"https:\/\/pwinecastes.com\/es\/wp-json\/wp\/v2\/media\/19071"}],"wp:attachment":[{"href":"https:\/\/pwinecastes.com\/es\/wp-json\/wp\/v2\/media?parent=19067"}],"wp:term":[{"taxonomy":"product_brand","embeddable":true,"href":"https:\/\/pwinecastes.com\/es\/wp-json\/wp\/v2\/product_brand?post=19067"},{"taxonomy":"product_cat","embeddable":true,"href":"https:\/\/pwinecastes.com\/es\/wp-json\/wp\/v2\/product_cat?post=19067"},{"taxonomy":"product_tag","embeddable":true,"href":"https:\/\/pwinecastes.com\/es\/wp-json\/wp\/v2\/product_tag?post=19067"}],"curies":[{"name":"wp","href":"https:\/\/api.w.org\/{rel}","templated":true}]}}