{"id":19237,"date":"2025-08-11T14:52:40","date_gmt":"2025-08-11T14:52:40","guid":{"rendered":"https:\/\/pwinecastes.com\/product\/mouchao-tonel-rojo-no3-4-2013\/"},"modified":"2025-08-11T14:52:40","modified_gmt":"2025-08-11T14:52:40","slug":"mouchao-tonel-rojo-no3-4-2013","status":"publish","type":"product","link":"https:\/\/pwinecastes.com\/es\/product\/mouchao-tonel-rojo-no3-4-2013\/","title":{"rendered":"Mouch\u00e3o Tonel Rojo N\u00ba3-4 2013"},"content":{"rendered":"<p>Vino Rojo Mouch\u00e3o Tonel N\u00ba3-4 2013<\/p>\n<ul>\n<li><strong>Regi\u00f3n: <\/strong>Alentejo.<\/li>\n<li><strong>Capacidad:<\/strong> 75 cL<\/li>\n<li><strong>Variedades de uva: <\/strong>Alicante Bouschet<\/li>\n<li><strong>Graduaci\u00f3n alcoh\u00f3lica: <\/strong>14,5% vol.<\/li>\n<li><strong>Nota de cata<\/strong>: Color granate intenso, aromas de fruta negra, tinta, l\u00e1piz, aceituna negra, menta y especias.<\/li>\n<li><strong>Maridaje: <\/strong>Carne a la parrilla o platos de caza<\/li>\n<li><strong>Informaci\u00f3n adicional:<\/strong> Contiene sulfitos.<\/li>\n<\/ul>\n","protected":false},"excerpt":{"rendered":"<p>Vino Rojo Mouch\u00e3o Tonel N\u00ba3-4 2013 Regi\u00f3n: Alentejo. Capacidad: 75 cL Variedades de uva: Alicante Bouschet Graduaci\u00f3n alcoh\u00f3lica: 14,5% vol. Nota de cata: Color granate intenso, aromas de fruta negra, tinta, l\u00e1piz, aceituna negra, menta y especias. Maridaje: Carne a la parrilla o platos de caza Informaci\u00f3n adicional: Contiene sulfitos.<\/p>\n","protected":false},"featured_media":19228,"template":"","meta":{"_monsterinsights_skip_tracking":false,"_monsterinsights_sitenote_active":false,"_monsterinsights_sitenote_note":"","_monsterinsights_sitenote_category":0},"product_brand":[],"product_cat":[214,209,212,213,233,102],"product_tag":[],"class_list":{"0":"post-19237","1":"product","2":"type-product","3":"status-publish","4":"has-post-thumbnail","6":"product_cat-alentejo-es","7":"product_cat-pais-es-2","8":"product_cat-portugal-es-2","9":"product_cat-region-es","10":"product_cat-tinto-es-2","11":"product_cat-vinos","13":"first","14":"instock","15":"taxable","16":"shipping-taxable","17":"purchasable","18":"product-type-simple"},"aioseo_notices":[],"_links":{"self":[{"href":"https:\/\/pwinecastes.com\/es\/wp-json\/wp\/v2\/product\/19237","targetHints":{"allow":["GET"]}}],"collection":[{"href":"https:\/\/pwinecastes.com\/es\/wp-json\/wp\/v2\/product"}],"about":[{"href":"https:\/\/pwinecastes.com\/es\/wp-json\/wp\/v2\/types\/product"}],"version-history":[{"count":0,"href":"https:\/\/pwinecastes.com\/es\/wp-json\/wp\/v2\/product\/19237\/revisions"}],"wp:featuredmedia":[{"embeddable":true,"href":"https:\/\/pwinecastes.com\/es\/wp-json\/wp\/v2\/media\/19228"}],"wp:attachment":[{"href":"https:\/\/pwinecastes.com\/es\/wp-json\/wp\/v2\/media?parent=19237"}],"wp:term":[{"taxonomy":"product_brand","embeddable":true,"href":"https:\/\/pwinecastes.com\/es\/wp-json\/wp\/v2\/product_brand?post=19237"},{"taxonomy":"product_cat","embeddable":true,"href":"https:\/\/pwinecastes.com\/es\/wp-json\/wp\/v2\/product_cat?post=19237"},{"taxonomy":"product_tag","embeddable":true,"href":"https:\/\/pwinecastes.com\/es\/wp-json\/wp\/v2\/product_tag?post=19237"}],"curies":[{"name":"wp","href":"https:\/\/api.w.org\/{rel}","templated":true}]}}