{"id":19365,"date":"2025-08-16T14:47:18","date_gmt":"2025-08-16T14:47:18","guid":{"rendered":"https:\/\/pwinecastes.com\/product\/outrora-baga-2018\/"},"modified":"2025-08-16T14:47:18","modified_gmt":"2025-08-16T14:47:18","slug":"outrora-baga-2018","status":"publish","type":"product","link":"https:\/\/pwinecastes.com\/es\/product\/outrora-baga-2018\/","title":{"rendered":"Outrora Baga 2018"},"content":{"rendered":"<p>Outrora Baga Vino Rojo 2019<\/p>\n<ul>\n<li><strong>Regi\u00f3n: <\/strong>Bairrada<\/li>\n<li><strong>Capacidad:<\/strong> 75 cL<\/li>\n<li><strong>Variedades de uva: <\/strong>Baga<\/li>\n<li><strong>Graduaci\u00f3n alcoh\u00f3lica: <\/strong>13,5% vol.<\/li>\n<li><strong>Nota de cata: <\/strong>Aroma complejo de frutos rojos maduros, especias y toques bals\u00e1micos.<\/li>\n<li><strong>Informaci\u00f3n adicional:<\/strong> Contiene sulfitos.<\/li>\n<\/ul>\n","protected":false},"excerpt":{"rendered":"<p>Outrora Baga Vino Rojo 2019 Regi\u00f3n: Bairrada Capacidad: 75 cL Variedades de uva: Baga Graduaci\u00f3n alcoh\u00f3lica: 13,5% vol. Nota de cata: Aroma complejo de frutos rojos maduros, especias y toques bals\u00e1micos. Informaci\u00f3n adicional: Contiene sulfitos.<\/p>\n","protected":false},"featured_media":19351,"template":"","meta":{"_monsterinsights_skip_tracking":false,"_monsterinsights_sitenote_active":false,"_monsterinsights_sitenote_note":"","_monsterinsights_sitenote_category":0},"product_brand":[],"product_cat":[329,215,209,212,213,245,222,221,102],"product_tag":[],"class_list":{"0":"post-19365","1":"product","2":"type-product","3":"status-publish","4":"has-post-thumbnail","6":"product_cat-bairrada-es-3","7":"product_cat-bairrada-es","8":"product_cat-pais-es-2","9":"product_cat-portugal-es-2","10":"product_cat-region-es","11":"product_cat-tinto-es-3","12":"product_cat-tinto-es","13":"product_cat-tipo-es-4","14":"product_cat-vinos","16":"first","17":"instock","18":"taxable","19":"shipping-taxable","20":"purchasable","21":"product-type-simple"},"aioseo_notices":[],"_links":{"self":[{"href":"https:\/\/pwinecastes.com\/es\/wp-json\/wp\/v2\/product\/19365","targetHints":{"allow":["GET"]}}],"collection":[{"href":"https:\/\/pwinecastes.com\/es\/wp-json\/wp\/v2\/product"}],"about":[{"href":"https:\/\/pwinecastes.com\/es\/wp-json\/wp\/v2\/types\/product"}],"version-history":[{"count":0,"href":"https:\/\/pwinecastes.com\/es\/wp-json\/wp\/v2\/product\/19365\/revisions"}],"wp:featuredmedia":[{"embeddable":true,"href":"https:\/\/pwinecastes.com\/es\/wp-json\/wp\/v2\/media\/19351"}],"wp:attachment":[{"href":"https:\/\/pwinecastes.com\/es\/wp-json\/wp\/v2\/media?parent=19365"}],"wp:term":[{"taxonomy":"product_brand","embeddable":true,"href":"https:\/\/pwinecastes.com\/es\/wp-json\/wp\/v2\/product_brand?post=19365"},{"taxonomy":"product_cat","embeddable":true,"href":"https:\/\/pwinecastes.com\/es\/wp-json\/wp\/v2\/product_cat?post=19365"},{"taxonomy":"product_tag","embeddable":true,"href":"https:\/\/pwinecastes.com\/es\/wp-json\/wp\/v2\/product_tag?post=19365"}],"curies":[{"name":"wp","href":"https:\/\/api.w.org\/{rel}","templated":true}]}}