{"id":19403,"date":"2025-08-16T15:33:37","date_gmt":"2025-08-16T15:33:37","guid":{"rendered":"https:\/\/pwinecastes.com\/product\/quinta-das-mestras-reserva-rojo-2017\/"},"modified":"2025-08-16T15:33:37","modified_gmt":"2025-08-16T15:33:37","slug":"quinta-das-mestras-reserva-rojo-2017","status":"publish","type":"product","link":"https:\/\/pwinecastes.com\/es\/product\/quinta-das-mestras-reserva-rojo-2017\/","title":{"rendered":"Quinta das Mestras Reserva Rojo 2017"},"content":{"rendered":"<p>Vino Rojo Quinta das Mestras Reserva 2017<\/p>\n<ul>\n<li><strong>Regi\u00f3n: <\/strong>D\u00e3o<\/li>\n<li><strong>Capacidad:<\/strong> 75 cL<\/li>\n<li><strong>Variedades de uva: <\/strong>Tinta Roriz, Aragonez, Touriga Nacional y Alfrocheiro<\/li>\n<li><strong>Graduaci\u00f3n alcoh\u00f3lica: <\/strong>13,5% vol.<\/li>\n<li><strong>Nota de cata: <\/strong>Aroma afrutado y fino, cuerpo y acidez equilibrados. Final armonioso y elegante. <\/li>\n<li><strong>Informaci\u00f3n adicional:<\/strong> Contiene sulfitos.<\/li>\n<\/ul>\n","protected":false},"excerpt":{"rendered":"<p>Vino Rojo Quinta das Mestras Reserva 2017 Regi\u00f3n: D\u00e3o Capacidad: 75 cL Variedades de uva: Tinta Roriz, Aragonez, Touriga Nacional y Alfrocheiro Graduaci\u00f3n alcoh\u00f3lica: 13,5% vol. Nota de cata: Aroma afrutado y fino, cuerpo y acidez equilibrados. Final armonioso y elegante. Informaci\u00f3n adicional: Contiene sulfitos.<\/p>\n","protected":false},"featured_media":19397,"template":"","meta":{"_monsterinsights_skip_tracking":false,"_monsterinsights_sitenote_active":false,"_monsterinsights_sitenote_note":"","_monsterinsights_sitenote_category":0},"product_brand":[],"product_cat":[327,216,209,212,213,222,249,221,102],"product_tag":[],"class_list":{"0":"post-19403","1":"product","2":"type-product","3":"status-publish","4":"has-post-thumbnail","6":"product_cat-dao-es-3","7":"product_cat-dao-es","8":"product_cat-pais-es-2","9":"product_cat-portugal-es-2","10":"product_cat-region-es","11":"product_cat-tinto-es","12":"product_cat-tinto-es-4","13":"product_cat-tipo-es-4","14":"product_cat-vinos","16":"first","17":"instock","18":"taxable","19":"shipping-taxable","20":"purchasable","21":"product-type-simple"},"aioseo_notices":[],"_links":{"self":[{"href":"https:\/\/pwinecastes.com\/es\/wp-json\/wp\/v2\/product\/19403","targetHints":{"allow":["GET"]}}],"collection":[{"href":"https:\/\/pwinecastes.com\/es\/wp-json\/wp\/v2\/product"}],"about":[{"href":"https:\/\/pwinecastes.com\/es\/wp-json\/wp\/v2\/types\/product"}],"version-history":[{"count":0,"href":"https:\/\/pwinecastes.com\/es\/wp-json\/wp\/v2\/product\/19403\/revisions"}],"wp:featuredmedia":[{"embeddable":true,"href":"https:\/\/pwinecastes.com\/es\/wp-json\/wp\/v2\/media\/19397"}],"wp:attachment":[{"href":"https:\/\/pwinecastes.com\/es\/wp-json\/wp\/v2\/media?parent=19403"}],"wp:term":[{"taxonomy":"product_brand","embeddable":true,"href":"https:\/\/pwinecastes.com\/es\/wp-json\/wp\/v2\/product_brand?post=19403"},{"taxonomy":"product_cat","embeddable":true,"href":"https:\/\/pwinecastes.com\/es\/wp-json\/wp\/v2\/product_cat?post=19403"},{"taxonomy":"product_tag","embeddable":true,"href":"https:\/\/pwinecastes.com\/es\/wp-json\/wp\/v2\/product_tag?post=19403"}],"curies":[{"name":"wp","href":"https:\/\/api.w.org\/{rel}","templated":true}]}}