{"id":19472,"date":"2025-08-16T15:12:57","date_gmt":"2025-08-16T15:12:57","guid":{"rendered":"https:\/\/pwinecastes.com\/product\/luis-pato-vinhas-velhas-blanco-2023\/"},"modified":"2025-08-16T15:12:57","modified_gmt":"2025-08-16T15:12:57","slug":"luis-pato-vinhas-velhas-blanco-2023","status":"publish","type":"product","link":"https:\/\/pwinecastes.com\/es\/product\/luis-pato-vinhas-velhas-blanco-2023\/","title":{"rendered":"Lu\u00eds Pato Vinhas Velhas Blanco 2023"},"content":{"rendered":"<p>Lu\u00eds Pato Vinhas Velhas Vino Blanco 2023<\/p>\n<ul>\n<li><strong>Regi\u00f3n: <\/strong>Bairrada<\/li>\n<li><strong>Capacidad:<\/strong> 75 cL<\/li>\n<li><strong>Variedades de uva: <\/strong>Bical, Cerceal y Sercialinho<\/li>\n<li><strong>Graduaci\u00f3n alcoh\u00f3lica: <\/strong>12,5% vol.<\/li>\n<li><strong>Notas de cata: <\/strong>Alm\u00edbar de pera, flores blancas, manzana y almendras tostadas<\/li>\n<li><strong>Informaci\u00f3n adicional:<\/strong> Contiene sulfitos.<\/li>\n<\/ul>\n","protected":false},"excerpt":{"rendered":"<p>Lu\u00eds Pato Vinhas Velhas Vino Blanco 2023 Regi\u00f3n: Bairrada Capacidad: 75 cL Variedades de uva: Bical, Cerceal y Sercialinho Graduaci\u00f3n alcoh\u00f3lica: 12,5% vol. Notas de cata: Alm\u00edbar de pera, flores blancas, manzana y almendras tostadas Informaci\u00f3n adicional: Contiene sulfitos.<\/p>\n","protected":false},"featured_media":19379,"template":"","meta":{"_monsterinsights_skip_tracking":false,"_monsterinsights_sitenote_active":false,"_monsterinsights_sitenote_note":"","_monsterinsights_sitenote_category":0},"product_brand":[],"product_cat":[306,215,223,243,209,212,213,221,102],"product_tag":[],"class_list":{"0":"post-19472","1":"product","2":"type-product","3":"status-publish","4":"has-post-thumbnail","6":"product_cat-bairrada-es-2","7":"product_cat-bairrada-es","8":"product_cat-blanco","9":"product_cat-blanco-es-2","10":"product_cat-pais-es-2","11":"product_cat-portugal-es-2","12":"product_cat-region-es","13":"product_cat-tipo-es-4","14":"product_cat-vinos","16":"first","17":"instock","18":"taxable","19":"shipping-taxable","20":"purchasable","21":"product-type-simple"},"aioseo_notices":[],"_links":{"self":[{"href":"https:\/\/pwinecastes.com\/es\/wp-json\/wp\/v2\/product\/19472","targetHints":{"allow":["GET"]}}],"collection":[{"href":"https:\/\/pwinecastes.com\/es\/wp-json\/wp\/v2\/product"}],"about":[{"href":"https:\/\/pwinecastes.com\/es\/wp-json\/wp\/v2\/types\/product"}],"version-history":[{"count":0,"href":"https:\/\/pwinecastes.com\/es\/wp-json\/wp\/v2\/product\/19472\/revisions"}],"wp:featuredmedia":[{"embeddable":true,"href":"https:\/\/pwinecastes.com\/es\/wp-json\/wp\/v2\/media\/19379"}],"wp:attachment":[{"href":"https:\/\/pwinecastes.com\/es\/wp-json\/wp\/v2\/media?parent=19472"}],"wp:term":[{"taxonomy":"product_brand","embeddable":true,"href":"https:\/\/pwinecastes.com\/es\/wp-json\/wp\/v2\/product_brand?post=19472"},{"taxonomy":"product_cat","embeddable":true,"href":"https:\/\/pwinecastes.com\/es\/wp-json\/wp\/v2\/product_cat?post=19472"},{"taxonomy":"product_tag","embeddable":true,"href":"https:\/\/pwinecastes.com\/es\/wp-json\/wp\/v2\/product_tag?post=19472"}],"curies":[{"name":"wp","href":"https:\/\/api.w.org\/{rel}","templated":true}]}}