{"id":19485,"date":"2025-09-05T13:32:21","date_gmt":"2025-09-05T13:32:21","guid":{"rendered":"https:\/\/pwinecastes.com\/?post_type=product&#038;p=19485"},"modified":"2026-02-03T18:15:14","modified_gmt":"2026-02-03T18:15:14","slug":"passarella-o-fugitivo-centenary-vines-vino-tinto-2019","status":"publish","type":"product","link":"https:\/\/pwinecastes.com\/es\/product\/passarella-o-fugitivo-centenary-vines-vino-tinto-2019\/","title":{"rendered":"Passarella O Fugitivo Centenary Vines Vino Tinto 2019"},"content":{"rendered":"<p class=\"h1 tt-producttitle\">Passarella O Fugitivo Centenary Vines Vino Tinto 2019<\/p>\n<ul>\n<li><strong>Regi\u00f3n: <\/strong>D\u00e3o.<\/li>\n<li><strong>Capacidad:<\/strong> 75 cL<\/li>\n<li><strong>Variedades de uva: <\/strong>Vides centenarias.<\/li>\n<li><strong>Graduaci\u00f3n alcoh\u00f3lica: <\/strong>13,5% vol.<\/li>\n<li><strong>Nota de cata:<\/strong> Passarella O Fugitivo Vinhas Centen\u00e1rias es un vino tinto de D\u00e3o elegante, delicado y complejo. Este vino envejeci\u00f3 en barricas de roble franc\u00e9s de 225 litros durante 18 meses. <\/li>\n<li><strong>Maridaje:<\/strong> Carnes blancas\/pescado\/carnes rojas\/carnes al horno.<\/li>\n<li><strong>Informaci\u00f3n adicional:<\/strong> Contiene sulfitos.<\/li>\n<\/ul>\n","protected":false},"excerpt":{"rendered":"<p>Passarella O Fugitivo Centenary Vines Vino Tinto 2019 Regi\u00f3n: D\u00e3o. Capacidad: 75 cL Variedades de uva: Vides centenarias. Graduaci\u00f3n alcoh\u00f3lica: 13,5% vol. Nota de cata: Passarella O Fugitivo Vinhas Centen\u00e1rias es un vino tinto de D\u00e3o elegante, delicado y complejo. Este vino envejeci\u00f3 en barricas de roble franc\u00e9s de 225 litros durante 18 meses. Maridaje: [&hellip;]<\/p>\n","protected":false},"featured_media":19490,"template":"","meta":{"_monsterinsights_skip_tracking":false,"_monsterinsights_sitenote_active":false,"_monsterinsights_sitenote_note":"","_monsterinsights_sitenote_category":0},"product_brand":[],"product_cat":[216,209,212,213,249,102],"product_tag":[],"class_list":{"0":"post-19485","1":"product","2":"type-product","3":"status-publish","4":"has-post-thumbnail","6":"product_cat-dao-es","7":"product_cat-pais-es-2","8":"product_cat-portugal-es-2","9":"product_cat-region-es","10":"product_cat-tinto-es-4","11":"product_cat-vinos","13":"first","14":"instock","15":"taxable","16":"shipping-taxable","17":"purchasable","18":"product-type-simple"},"aioseo_notices":[],"_links":{"self":[{"href":"https:\/\/pwinecastes.com\/es\/wp-json\/wp\/v2\/product\/19485","targetHints":{"allow":["GET"]}}],"collection":[{"href":"https:\/\/pwinecastes.com\/es\/wp-json\/wp\/v2\/product"}],"about":[{"href":"https:\/\/pwinecastes.com\/es\/wp-json\/wp\/v2\/types\/product"}],"version-history":[{"count":0,"href":"https:\/\/pwinecastes.com\/es\/wp-json\/wp\/v2\/product\/19485\/revisions"}],"wp:featuredmedia":[{"embeddable":true,"href":"https:\/\/pwinecastes.com\/es\/wp-json\/wp\/v2\/media\/19490"}],"wp:attachment":[{"href":"https:\/\/pwinecastes.com\/es\/wp-json\/wp\/v2\/media?parent=19485"}],"wp:term":[{"taxonomy":"product_brand","embeddable":true,"href":"https:\/\/pwinecastes.com\/es\/wp-json\/wp\/v2\/product_brand?post=19485"},{"taxonomy":"product_cat","embeddable":true,"href":"https:\/\/pwinecastes.com\/es\/wp-json\/wp\/v2\/product_cat?post=19485"},{"taxonomy":"product_tag","embeddable":true,"href":"https:\/\/pwinecastes.com\/es\/wp-json\/wp\/v2\/product_tag?post=19485"}],"curies":[{"name":"wp","href":"https:\/\/api.w.org\/{rel}","templated":true}]}}