{"id":19581,"date":"2025-09-23T14:39:51","date_gmt":"2025-09-23T14:39:51","guid":{"rendered":"https:\/\/pwinecastes.com\/product\/casa-americo-vinhas-centenarias-tinto-2013\/"},"modified":"2025-09-23T14:39:51","modified_gmt":"2025-09-23T14:39:51","slug":"casa-americo-vinhas-centenarias-tinto-2013","status":"publish","type":"product","link":"https:\/\/pwinecastes.com\/es\/product\/casa-americo-vinhas-centenarias-tinto-2013\/","title":{"rendered":"Casa Am\u00e9rico Vinhas Centen\u00e1rias Tinto 2013"},"content":{"rendered":"<p>Casa Am\u00e9rico Vinhas Centen\u00e1rias Tinto 2013<\/p>\n<ul>\n<li><strong>Regi\u00f3n: <\/strong>D\u00e3o<\/li>\n<li><strong>Capacidad:<\/strong> 75 cL<\/li>\n<li>Variedades de uva<strong>: <\/strong>Diversas variedades de uva aut\u00f3ctonas, sobre todo tintas, algunas de las cuales son raras.<\/li>\n<li><strong>Graduaci\u00f3n alcoh\u00f3lica: <\/strong>13,5% vol.<\/li>\n<li><strong>Nota de cata:<\/strong> Color rub\u00ed abierto. Aroma complejo con notas de ar\u00e1ndanos, mermelada y flores silvestres. Muy elegante en boca, equilibrado y con un final largo.  <\/li>\n<li><strong>Maridaje: <\/strong>Excelente con cerdo y carnes ahumadas, caza y aves, pasta y queso.<\/li>\n<li><strong>Informaci\u00f3n adicional:<\/strong> Contiene sulfitos.<\/li>\n<\/ul>\n","protected":false},"excerpt":{"rendered":"<p>Casa Am\u00e9rico Vinhas Centen\u00e1rias Tinto 2013 Regi\u00f3n: D\u00e3o Capacidad: 75 cL Variedades de uva: Diversas variedades de uva aut\u00f3ctonas, sobre todo tintas, algunas de las cuales son raras. Graduaci\u00f3n alcoh\u00f3lica: 13,5% vol. Nota de cata: Color rub\u00ed abierto. Aroma complejo con notas de ar\u00e1ndanos, mermelada y flores silvestres. Muy elegante en boca, equilibrado y con [&hellip;]<\/p>\n","protected":false},"featured_media":19584,"template":"","meta":{"_monsterinsights_skip_tracking":false,"_monsterinsights_sitenote_active":false,"_monsterinsights_sitenote_note":"","_monsterinsights_sitenote_category":0},"product_brand":[],"product_cat":[216,209,212,213,249,102],"product_tag":[],"class_list":{"0":"post-19581","1":"product","2":"type-product","3":"status-publish","4":"has-post-thumbnail","6":"product_cat-dao-es","7":"product_cat-pais-es-2","8":"product_cat-portugal-es-2","9":"product_cat-region-es","10":"product_cat-tinto-es-4","11":"product_cat-vinos","13":"first","14":"instock","15":"taxable","16":"shipping-taxable","17":"purchasable","18":"product-type-simple"},"aioseo_notices":[],"_links":{"self":[{"href":"https:\/\/pwinecastes.com\/es\/wp-json\/wp\/v2\/product\/19581","targetHints":{"allow":["GET"]}}],"collection":[{"href":"https:\/\/pwinecastes.com\/es\/wp-json\/wp\/v2\/product"}],"about":[{"href":"https:\/\/pwinecastes.com\/es\/wp-json\/wp\/v2\/types\/product"}],"version-history":[{"count":0,"href":"https:\/\/pwinecastes.com\/es\/wp-json\/wp\/v2\/product\/19581\/revisions"}],"wp:featuredmedia":[{"embeddable":true,"href":"https:\/\/pwinecastes.com\/es\/wp-json\/wp\/v2\/media\/19584"}],"wp:attachment":[{"href":"https:\/\/pwinecastes.com\/es\/wp-json\/wp\/v2\/media?parent=19581"}],"wp:term":[{"taxonomy":"product_brand","embeddable":true,"href":"https:\/\/pwinecastes.com\/es\/wp-json\/wp\/v2\/product_brand?post=19581"},{"taxonomy":"product_cat","embeddable":true,"href":"https:\/\/pwinecastes.com\/es\/wp-json\/wp\/v2\/product_cat?post=19581"},{"taxonomy":"product_tag","embeddable":true,"href":"https:\/\/pwinecastes.com\/es\/wp-json\/wp\/v2\/product_tag?post=19581"}],"curies":[{"name":"wp","href":"https:\/\/api.w.org\/{rel}","templated":true}]}}