{"id":19642,"date":"2025-10-28T12:12:34","date_gmt":"2025-10-28T12:12:34","guid":{"rendered":"https:\/\/pwinecastes.com\/product\/100-hectareas-reserva-tinto-19-grados-2022\/"},"modified":"2025-10-28T12:12:34","modified_gmt":"2025-10-28T12:12:34","slug":"100-hectareas-reserva-tinto-19-grados-2022","status":"publish","type":"product","link":"https:\/\/pwinecastes.com\/es\/product\/100-hectareas-reserva-tinto-19-grados-2022\/","title":{"rendered":"100 Hect\u00e1reas Reserva Tinto 19 Grados 2022"},"content":{"rendered":"<p>100 Hect\u00e1reas Reserva Tinto 19 Grados 2022<\/p>\n<ul>\n<li><strong>Regi\u00f3n: <\/strong>Douro.<\/li>\n<li><strong>Capacidad:<\/strong> 75 cL<\/li>\n<li><strong>Variedades de uva: <\/strong>Sous\u00e3o, Tinta Amarela, Touriga Nacional, Tinta Barroca, Tinta Roriz<\/li>\n<li><strong>Graduaci\u00f3n alcoh\u00f3lica: <\/strong>19% vol.<\/li>\n<li><strong>Informaci\u00f3n adicional:<\/strong> 100 Hect\u00e1reas Reserva Tinto19% Envejecido durante 24 meses en barricas de roble franc\u00e9s.<\/li>\n<li>Cont\u00e9m sulfitos. Contiene sulfitos.<\/li>\n<\/ul>\n","protected":false},"excerpt":{"rendered":"<p>100 Hect\u00e1reas Reserva Tinto 19 Grados 2022 Regi\u00f3n: Douro. Capacidad: 75 cL Variedades de uva: Sous\u00e3o, Tinta Amarela, Touriga Nacional, Tinta Barroca, Tinta Roriz Graduaci\u00f3n alcoh\u00f3lica: 19% vol. Informaci\u00f3n adicional: 100 Hect\u00e1reas Reserva Tinto19% Envejecido durante 24 meses en barricas de roble franc\u00e9s. Cont\u00e9m sulfitos. Contiene sulfitos.<\/p>\n","protected":false},"featured_media":19643,"template":"","meta":{"_monsterinsights_skip_tracking":false,"_monsterinsights_sitenote_active":false,"_monsterinsights_sitenote_note":"","_monsterinsights_sitenote_category":0},"product_brand":[],"product_cat":[217,209,212,262,102],"product_tag":[],"class_list":{"0":"post-19642","1":"product","2":"type-product","3":"status-publish","4":"has-post-thumbnail","6":"product_cat-douro-es","7":"product_cat-pais-es-2","8":"product_cat-portugal-es-2","9":"product_cat-tinto-es-5","10":"product_cat-vinos","12":"first","13":"instock","14":"taxable","15":"shipping-taxable","16":"purchasable","17":"product-type-simple"},"aioseo_notices":[],"_links":{"self":[{"href":"https:\/\/pwinecastes.com\/es\/wp-json\/wp\/v2\/product\/19642","targetHints":{"allow":["GET"]}}],"collection":[{"href":"https:\/\/pwinecastes.com\/es\/wp-json\/wp\/v2\/product"}],"about":[{"href":"https:\/\/pwinecastes.com\/es\/wp-json\/wp\/v2\/types\/product"}],"version-history":[{"count":0,"href":"https:\/\/pwinecastes.com\/es\/wp-json\/wp\/v2\/product\/19642\/revisions"}],"wp:featuredmedia":[{"embeddable":true,"href":"https:\/\/pwinecastes.com\/es\/wp-json\/wp\/v2\/media\/19643"}],"wp:attachment":[{"href":"https:\/\/pwinecastes.com\/es\/wp-json\/wp\/v2\/media?parent=19642"}],"wp:term":[{"taxonomy":"product_brand","embeddable":true,"href":"https:\/\/pwinecastes.com\/es\/wp-json\/wp\/v2\/product_brand?post=19642"},{"taxonomy":"product_cat","embeddable":true,"href":"https:\/\/pwinecastes.com\/es\/wp-json\/wp\/v2\/product_cat?post=19642"},{"taxonomy":"product_tag","embeddable":true,"href":"https:\/\/pwinecastes.com\/es\/wp-json\/wp\/v2\/product_tag?post=19642"}],"curies":[{"name":"wp","href":"https:\/\/api.w.org\/{rel}","templated":true}]}}