{"id":19678,"date":"2025-11-05T10:57:39","date_gmt":"2025-11-05T10:57:39","guid":{"rendered":"https:\/\/pwinecastes.com\/product\/reserva-de-oro-de-cardhu\/"},"modified":"2025-11-05T10:57:39","modified_gmt":"2025-11-05T10:57:39","slug":"reserva-de-oro-de-cardhu","status":"publish","type":"product","link":"https:\/\/pwinecastes.com\/es\/product\/reserva-de-oro-de-cardhu\/","title":{"rendered":"Reserva de oro de Cardhu"},"content":{"rendered":"<p>Whisky Cardhu Gold Reserve<\/p>\n<ul>\n<li><strong>Regi\u00f3n: <\/strong>Escocia<\/li>\n<li><strong>Capacidad:<\/strong> 0,70 l<\/li>\n<li><strong>Graduaci\u00f3n alcoh\u00f3lica:<\/strong> 40% Vol.<\/li>\n<li><strong>Nota de cata: <\/strong>Aroma t\u00edmido y suave al principio, suave y fresco, sabores m\u00e1s grandes y secos de lo que sugiere la nariz. Textura suave, con su dulzor inicial cortado por la ralladura de naranja. Despu\u00e9s, hay una sutil sequedad mineral, y el cedro arom\u00e1tico y el cacao fino ocupan lentamente el paladar medio. Con agua, el sabor es m\u00e1s dulce y menos picante, pero la textura sigue siendo suave y refrescante. Color \u00e1mbar dorado.    <\/li>\n<li><strong>Informaci\u00f3n adicional:<\/strong> Contiene sulfitos<\/li>\n<\/ul>\n<p>&nbsp;<\/p>\n","protected":false},"excerpt":{"rendered":"<p>Whisky Cardhu Gold Reserve Regi\u00f3n: Escocia Capacidad: 0,70 l Graduaci\u00f3n alcoh\u00f3lica: 40% Vol. Nota de cata: Aroma t\u00edmido y suave al principio, suave y fresco, sabores m\u00e1s grandes y secos de lo que sugiere la nariz. Textura suave, con su dulzor inicial cortado por la ralladura de naranja. Despu\u00e9s, hay una sutil sequedad mineral, y [&hellip;]<\/p>\n","protected":false},"featured_media":19681,"template":"","meta":{"_monsterinsights_skip_tracking":false,"_monsterinsights_sitenote_active":false,"_monsterinsights_sitenote_note":"","_monsterinsights_sitenote_category":0},"product_brand":[],"product_cat":[187,188,192],"product_tag":[],"class_list":{"0":"post-19678","1":"product","2":"type-product","3":"status-publish","4":"has-post-thumbnail","6":"product_cat-destilados","7":"product_cat-tipo-es","8":"product_cat-whisky-es","10":"first","11":"instock","12":"taxable","13":"shipping-taxable","14":"purchasable","15":"product-type-simple"},"aioseo_notices":[],"_links":{"self":[{"href":"https:\/\/pwinecastes.com\/es\/wp-json\/wp\/v2\/product\/19678","targetHints":{"allow":["GET"]}}],"collection":[{"href":"https:\/\/pwinecastes.com\/es\/wp-json\/wp\/v2\/product"}],"about":[{"href":"https:\/\/pwinecastes.com\/es\/wp-json\/wp\/v2\/types\/product"}],"version-history":[{"count":0,"href":"https:\/\/pwinecastes.com\/es\/wp-json\/wp\/v2\/product\/19678\/revisions"}],"wp:featuredmedia":[{"embeddable":true,"href":"https:\/\/pwinecastes.com\/es\/wp-json\/wp\/v2\/media\/19681"}],"wp:attachment":[{"href":"https:\/\/pwinecastes.com\/es\/wp-json\/wp\/v2\/media?parent=19678"}],"wp:term":[{"taxonomy":"product_brand","embeddable":true,"href":"https:\/\/pwinecastes.com\/es\/wp-json\/wp\/v2\/product_brand?post=19678"},{"taxonomy":"product_cat","embeddable":true,"href":"https:\/\/pwinecastes.com\/es\/wp-json\/wp\/v2\/product_cat?post=19678"},{"taxonomy":"product_tag","embeddable":true,"href":"https:\/\/pwinecastes.com\/es\/wp-json\/wp\/v2\/product_tag?post=19678"}],"curies":[{"name":"wp","href":"https:\/\/api.w.org\/{rel}","templated":true}]}}