{"id":19709,"date":"2025-11-05T11:22:35","date_gmt":"2025-11-05T11:22:35","guid":{"rendered":"https:\/\/pwinecastes.com\/product\/lote-de-2-botellas-quinta-das-carvalhas-reserva-tinto-2022\/"},"modified":"2025-11-05T11:22:35","modified_gmt":"2025-11-05T11:22:35","slug":"lote-de-2-botellas-quinta-das-carvalhas-reserva-tinto-2022","status":"publish","type":"product","link":"https:\/\/pwinecastes.com\/es\/product\/lote-de-2-botellas-quinta-das-carvalhas-reserva-tinto-2022\/","title":{"rendered":"Lote de 2 botellas Quinta das Carvalhas Reserva Tinto 2022"},"content":{"rendered":"<p>Lote de 2 botellas Quinta das Carvalhas Reserva Tinto 2022<\/p>\n<ul>\n<li><strong>Regi\u00f3n: <\/strong>Douro<\/li>\n<li><strong>Capacidad:<\/strong> 75 cL<\/li>\n<li><strong>Variedades de uva: <\/strong>Vinhas Velhas y Touriga Nacional<\/li>\n<li><strong>Graduaci\u00f3n alcoh\u00f3lica: <\/strong>14% Vol.<\/li>\n<li><strong>Nota de cata:<\/strong> Es un vino con cuerpo, pero muy fresco, vibrante y equilibrado, con sabores de fruta negra y madera bien integrada, que termina con un final muy largo, coronado por una excelente acidez<\/li>\n<li><strong>Informaci\u00f3n adicional:<\/strong> Contiene sulfitos.<\/li>\n<li>Lote de 2 botellas Quinta das Carvalhas Reserva Tinto 2022.<\/li>\n<\/ul>\n","protected":false},"excerpt":{"rendered":"<p>Lote de 2 botellas Quinta das Carvalhas Reserva Tinto 2022 Regi\u00f3n: Douro Capacidad: 75 cL Variedades de uva: Vinhas Velhas y Touriga Nacional Graduaci\u00f3n alcoh\u00f3lica: 14% Vol. Nota de cata: Es un vino con cuerpo, pero muy fresco, vibrante y equilibrado, con sabores de fruta negra y madera bien integrada, que termina con un final [&hellip;]<\/p>\n","protected":false},"featured_media":19696,"template":"","meta":{"_monsterinsights_skip_tracking":false,"_monsterinsights_sitenote_active":false,"_monsterinsights_sitenote_note":"","_monsterinsights_sitenote_category":0},"product_brand":[],"product_cat":[217,209,212,213,262,102],"product_tag":[],"class_list":{"0":"post-19709","1":"product","2":"type-product","3":"status-publish","4":"has-post-thumbnail","6":"product_cat-douro-es","7":"product_cat-pais-es-2","8":"product_cat-portugal-es-2","9":"product_cat-region-es","10":"product_cat-tinto-es-5","11":"product_cat-vinos","13":"first","14":"instock","15":"taxable","16":"shipping-taxable","17":"purchasable","18":"product-type-simple"},"aioseo_notices":[],"_links":{"self":[{"href":"https:\/\/pwinecastes.com\/es\/wp-json\/wp\/v2\/product\/19709","targetHints":{"allow":["GET"]}}],"collection":[{"href":"https:\/\/pwinecastes.com\/es\/wp-json\/wp\/v2\/product"}],"about":[{"href":"https:\/\/pwinecastes.com\/es\/wp-json\/wp\/v2\/types\/product"}],"version-history":[{"count":0,"href":"https:\/\/pwinecastes.com\/es\/wp-json\/wp\/v2\/product\/19709\/revisions"}],"wp:featuredmedia":[{"embeddable":true,"href":"https:\/\/pwinecastes.com\/es\/wp-json\/wp\/v2\/media\/19696"}],"wp:attachment":[{"href":"https:\/\/pwinecastes.com\/es\/wp-json\/wp\/v2\/media?parent=19709"}],"wp:term":[{"taxonomy":"product_brand","embeddable":true,"href":"https:\/\/pwinecastes.com\/es\/wp-json\/wp\/v2\/product_brand?post=19709"},{"taxonomy":"product_cat","embeddable":true,"href":"https:\/\/pwinecastes.com\/es\/wp-json\/wp\/v2\/product_cat?post=19709"},{"taxonomy":"product_tag","embeddable":true,"href":"https:\/\/pwinecastes.com\/es\/wp-json\/wp\/v2\/product_tag?post=19709"}],"curies":[{"name":"wp","href":"https:\/\/api.w.org\/{rel}","templated":true}]}}