{"id":19713,"date":"2025-11-05T11:34:35","date_gmt":"2025-11-05T11:34:35","guid":{"rendered":"https:\/\/pwinecastes.com\/product\/chivas-regal-extra-13-anos\/"},"modified":"2025-11-05T11:34:35","modified_gmt":"2025-11-05T11:34:35","slug":"chivas-regal-extra-13-anos","status":"publish","type":"product","link":"https:\/\/pwinecastes.com\/es\/product\/chivas-regal-extra-13-anos\/","title":{"rendered":"Chivas Regal Extra 13 a\u00f1os"},"content":{"rendered":"<p>Whisky Chivas Regal Extra 13 A\u00f1os<\/p>\n<ul>\n<li><strong>Regi\u00f3n: <\/strong>Escocia<\/li>\n<li><strong>Capacidad:<\/strong> 70 cl<\/li>\n<li><strong>Graduaci\u00f3n alcoh\u00f3lica:<\/strong> 40% Vol.<\/li>\n<li><strong>Nota de cata: <\/strong>Al igual que el resto de la gama Chivas Regal, los aromas florales tambi\u00e9n est\u00e1n presentes en el Extra, as\u00ed como notas de mazap\u00e1n y frutos secos. En boca, destacan las notas tradicionales de las barricas de jerez: fruta confitada, ciruela, jengibre y chocolate con leche. El final es largo y ligeramente picante.  <\/li>\n<li><strong>Informaci\u00f3n adicional:<\/strong> Contiene sulfitos<\/li>\n<\/ul>\n","protected":false},"excerpt":{"rendered":"<p>Whisky Chivas Regal Extra 13 A\u00f1os Regi\u00f3n: Escocia Capacidad: 70 cl Graduaci\u00f3n alcoh\u00f3lica: 40% Vol. Nota de cata: Al igual que el resto de la gama Chivas Regal, los aromas florales tambi\u00e9n est\u00e1n presentes en el Extra, as\u00ed como notas de mazap\u00e1n y frutos secos. En boca, destacan las notas tradicionales de las barricas de [&hellip;]<\/p>\n","protected":false},"featured_media":19716,"template":"","meta":{"_monsterinsights_skip_tracking":false,"_monsterinsights_sitenote_active":false,"_monsterinsights_sitenote_note":"","_monsterinsights_sitenote_category":0},"product_brand":[],"product_cat":[187,188,192],"product_tag":[],"class_list":{"0":"post-19713","1":"product","2":"type-product","3":"status-publish","4":"has-post-thumbnail","6":"product_cat-destilados","7":"product_cat-tipo-es","8":"product_cat-whisky-es","10":"first","11":"instock","12":"taxable","13":"shipping-taxable","14":"purchasable","15":"product-type-simple"},"aioseo_notices":[],"_links":{"self":[{"href":"https:\/\/pwinecastes.com\/es\/wp-json\/wp\/v2\/product\/19713","targetHints":{"allow":["GET"]}}],"collection":[{"href":"https:\/\/pwinecastes.com\/es\/wp-json\/wp\/v2\/product"}],"about":[{"href":"https:\/\/pwinecastes.com\/es\/wp-json\/wp\/v2\/types\/product"}],"version-history":[{"count":0,"href":"https:\/\/pwinecastes.com\/es\/wp-json\/wp\/v2\/product\/19713\/revisions"}],"wp:featuredmedia":[{"embeddable":true,"href":"https:\/\/pwinecastes.com\/es\/wp-json\/wp\/v2\/media\/19716"}],"wp:attachment":[{"href":"https:\/\/pwinecastes.com\/es\/wp-json\/wp\/v2\/media?parent=19713"}],"wp:term":[{"taxonomy":"product_brand","embeddable":true,"href":"https:\/\/pwinecastes.com\/es\/wp-json\/wp\/v2\/product_brand?post=19713"},{"taxonomy":"product_cat","embeddable":true,"href":"https:\/\/pwinecastes.com\/es\/wp-json\/wp\/v2\/product_cat?post=19713"},{"taxonomy":"product_tag","embeddable":true,"href":"https:\/\/pwinecastes.com\/es\/wp-json\/wp\/v2\/product_tag?post=19713"}],"curies":[{"name":"wp","href":"https:\/\/api.w.org\/{rel}","templated":true}]}}