{"id":19770,"date":"2025-11-05T14:14:34","date_gmt":"2025-11-05T14:14:34","guid":{"rendered":"https:\/\/pwinecastes.com\/product\/lote-de-2-botellas-de-tinto-quinta-da-pacheca-superior\/"},"modified":"2025-11-05T14:14:34","modified_gmt":"2025-11-05T14:14:34","slug":"lote-de-2-botellas-de-tinto-quinta-da-pacheca-superior","status":"publish","type":"product","link":"https:\/\/pwinecastes.com\/es\/product\/lote-de-2-botellas-de-tinto-quinta-da-pacheca-superior\/","title":{"rendered":"Lote de 2 botellas de Tinto Quinta da Pacheca Superior"},"content":{"rendered":"<p>Lote de 2 botellas de Tinto Quinta da Pacheca Superior<\/p>\n<ul>\n<li><strong>Regi\u00f3n: <\/strong>Douro<\/li>\n<li><strong>Capacidad:<\/strong> 75 cL<\/li>\n<li><strong>Graduaci\u00f3n alcoh\u00f3lica: <\/strong>13,5% Vol.<\/li>\n<li><strong>Informaci\u00f3n adicional:<\/strong> Contiene sulfitos.<\/li>\n<li>Lote de 2 botellas de Tinto Superior Quinta da Pacheca.<\/li>\n<\/ul>\n","protected":false},"excerpt":{"rendered":"<p>Lote de 2 botellas de Tinto Quinta da Pacheca Superior Regi\u00f3n: Douro Capacidad: 75 cL Graduaci\u00f3n alcoh\u00f3lica: 13,5% Vol. Informaci\u00f3n adicional: Contiene sulfitos. Lote de 2 botellas de Tinto Superior Quinta da Pacheca.<\/p>\n","protected":false},"featured_media":19766,"template":"","meta":{"_monsterinsights_skip_tracking":false,"_monsterinsights_sitenote_active":false,"_monsterinsights_sitenote_note":"","_monsterinsights_sitenote_category":0},"product_brand":[],"product_cat":[217,209,212,213,262,102],"product_tag":[],"class_list":{"0":"post-19770","1":"product","2":"type-product","3":"status-publish","4":"has-post-thumbnail","6":"product_cat-douro-es","7":"product_cat-pais-es-2","8":"product_cat-portugal-es-2","9":"product_cat-region-es","10":"product_cat-tinto-es-5","11":"product_cat-vinos","13":"first","14":"outofstock","15":"taxable","16":"shipping-taxable","17":"purchasable","18":"product-type-simple"},"aioseo_notices":[],"_links":{"self":[{"href":"https:\/\/pwinecastes.com\/es\/wp-json\/wp\/v2\/product\/19770","targetHints":{"allow":["GET"]}}],"collection":[{"href":"https:\/\/pwinecastes.com\/es\/wp-json\/wp\/v2\/product"}],"about":[{"href":"https:\/\/pwinecastes.com\/es\/wp-json\/wp\/v2\/types\/product"}],"version-history":[{"count":0,"href":"https:\/\/pwinecastes.com\/es\/wp-json\/wp\/v2\/product\/19770\/revisions"}],"wp:featuredmedia":[{"embeddable":true,"href":"https:\/\/pwinecastes.com\/es\/wp-json\/wp\/v2\/media\/19766"}],"wp:attachment":[{"href":"https:\/\/pwinecastes.com\/es\/wp-json\/wp\/v2\/media?parent=19770"}],"wp:term":[{"taxonomy":"product_brand","embeddable":true,"href":"https:\/\/pwinecastes.com\/es\/wp-json\/wp\/v2\/product_brand?post=19770"},{"taxonomy":"product_cat","embeddable":true,"href":"https:\/\/pwinecastes.com\/es\/wp-json\/wp\/v2\/product_cat?post=19770"},{"taxonomy":"product_tag","embeddable":true,"href":"https:\/\/pwinecastes.com\/es\/wp-json\/wp\/v2\/product_tag?post=19770"}],"curies":[{"name":"wp","href":"https:\/\/api.w.org\/{rel}","templated":true}]}}