{"id":19833,"date":"2025-11-05T14:57:32","date_gmt":"2025-11-05T14:57:32","guid":{"rendered":"https:\/\/pwinecastes.com\/?post_type=product&#038;p=19833"},"modified":"2025-11-05T15:01:07","modified_gmt":"2025-11-05T15:01:07","slug":"martin-millers-copia","status":"publish","type":"product","link":"https:\/\/pwinecastes.com\/es\/product\/martin-millers-copia\/","title":{"rendered":"Nord\u00e9s Limited Edition n\u00ba1"},"content":{"rendered":"<p>Nord\u00e9s Limited Edition n\u00ba1<\/p>\n<ul>\n<li><strong>Regi\u00f3n: <\/strong>Espanha<\/li>\n<li><strong>Capacidad: <\/strong>0,70 litros<\/li>\n<li><strong>Graduaci\u00f3n alcoh\u00f3lica:<\/strong> 40% Vol.<\/li>\n<li><strong>Nota de cata:<\/strong> Nord\u00e9s es suave y delicada, con largas notas c\u00edtricas que no son ni demasiado amargas ni demasiado dulces, evoluciona con el sabor del enebro y culmina en un final limpio y suave.<\/li>\n<li><strong>Otros datos:<\/strong> Contiene sulfitos.<\/li>\n<\/ul>\n","protected":false},"excerpt":{"rendered":"<p>Nord\u00e9s Limited Edition n\u00ba1 Regi\u00f3n: Espanha Capacidad: 0,70 litros Graduaci\u00f3n alcoh\u00f3lica: 40% Vol. Nota de cata: Nord\u00e9s es suave y delicada, con largas notas c\u00edtricas que no son ni demasiado amargas ni demasiado dulces, evoluciona con el sabor del enebro y culmina en un final limpio y suave. Otros datos: Contiene sulfitos.<\/p>\n","protected":false},"featured_media":19836,"template":"","meta":{"_monsterinsights_skip_tracking":false,"_monsterinsights_sitenote_active":false,"_monsterinsights_sitenote_note":"","_monsterinsights_sitenote_category":0},"product_brand":[],"product_cat":[187,190,188],"product_tag":[],"class_list":{"0":"post-19833","1":"product","2":"type-product","3":"status-publish","4":"has-post-thumbnail","6":"product_cat-destilados","7":"product_cat-gin-es","8":"product_cat-tipo-es","10":"first","11":"instock","12":"taxable","13":"shipping-taxable","14":"purchasable","15":"product-type-simple"},"aioseo_notices":[],"_links":{"self":[{"href":"https:\/\/pwinecastes.com\/es\/wp-json\/wp\/v2\/product\/19833","targetHints":{"allow":["GET"]}}],"collection":[{"href":"https:\/\/pwinecastes.com\/es\/wp-json\/wp\/v2\/product"}],"about":[{"href":"https:\/\/pwinecastes.com\/es\/wp-json\/wp\/v2\/types\/product"}],"version-history":[{"count":0,"href":"https:\/\/pwinecastes.com\/es\/wp-json\/wp\/v2\/product\/19833\/revisions"}],"wp:featuredmedia":[{"embeddable":true,"href":"https:\/\/pwinecastes.com\/es\/wp-json\/wp\/v2\/media\/19836"}],"wp:attachment":[{"href":"https:\/\/pwinecastes.com\/es\/wp-json\/wp\/v2\/media?parent=19833"}],"wp:term":[{"taxonomy":"product_brand","embeddable":true,"href":"https:\/\/pwinecastes.com\/es\/wp-json\/wp\/v2\/product_brand?post=19833"},{"taxonomy":"product_cat","embeddable":true,"href":"https:\/\/pwinecastes.com\/es\/wp-json\/wp\/v2\/product_cat?post=19833"},{"taxonomy":"product_tag","embeddable":true,"href":"https:\/\/pwinecastes.com\/es\/wp-json\/wp\/v2\/product_tag?post=19833"}],"curies":[{"name":"wp","href":"https:\/\/api.w.org\/{rel}","templated":true}]}}