{"id":20122,"date":"2025-11-11T15:04:25","date_gmt":"2025-11-11T15:04:25","guid":{"rendered":"https:\/\/pwinecastes.com\/product\/exento-17-gran-reserva\/"},"modified":"2025-11-11T16:04:13","modified_gmt":"2025-11-11T16:04:13","slug":"exento-17-gran-reserva","status":"publish","type":"product","link":"https:\/\/pwinecastes.com\/es\/product\/exento-17-gran-reserva\/","title":{"rendered":"Isento 17 Grande Reserva Tinto"},"content":{"rendered":"<p>Isento 17 Grande Reserva Tinto 2022<\/p>\n<ul>\n<li><strong>Regi\u00f3n: <\/strong>Douro<\/li>\n<li><strong>Capacidad:<\/strong> 75 cL<\/li>\n<li><strong>Variedades de uva: <\/strong>Touriga Nacional, Touriga Franca, Tinta Roriz<\/li>\n<li><strong>Graduaci\u00f3n alcoh\u00f3lica: <\/strong>17% vol.<\/li>\n<li><strong>Nota de cata:<\/strong> Color rojo rub\u00ed. Aroma afrutado, con cereza, fruta negra, algo de mermelada, especias. Madera presente, en equilibrio con los aromas primarios. En boca es estructurado y fresco, con taninos pulidos en perfecta simbiosis con el aroma.   <\/li>\n<li><strong>Maridaje:<\/strong>Combina bien con platos de carne, quesos y embutidos.<\/li>\n<li><strong>Informaci\u00f3n adicional:<\/strong> Contiene sulfitos.<\/li>\n<\/ul>\n","protected":false},"excerpt":{"rendered":"<p>Isento 17 Grande Reserva Tinto 2022 Regi\u00f3n: Douro Capacidad: 75 cL Variedades de uva: Touriga Nacional, Touriga Franca, Tinta Roriz Graduaci\u00f3n alcoh\u00f3lica: 17% vol. Nota de cata: Color rojo rub\u00ed. Aroma afrutado, con cereza, fruta negra, algo de mermelada, especias. Madera presente, en equilibrio con los aromas primarios. En boca es estructurado y fresco, con [&hellip;]<\/p>\n","protected":false},"featured_media":20130,"template":"","meta":{"_monsterinsights_skip_tracking":false,"_monsterinsights_sitenote_active":false,"_monsterinsights_sitenote_note":"","_monsterinsights_sitenote_category":0},"product_brand":[],"product_cat":[217,209,212,213,262,102],"product_tag":[],"class_list":{"0":"post-20122","1":"product","2":"type-product","3":"status-publish","4":"has-post-thumbnail","6":"product_cat-douro-es","7":"product_cat-pais-es-2","8":"product_cat-portugal-es-2","9":"product_cat-region-es","10":"product_cat-tinto-es-5","11":"product_cat-vinos","13":"first","14":"instock","15":"taxable","16":"shipping-taxable","17":"purchasable","18":"product-type-simple"},"aioseo_notices":[],"_links":{"self":[{"href":"https:\/\/pwinecastes.com\/es\/wp-json\/wp\/v2\/product\/20122","targetHints":{"allow":["GET"]}}],"collection":[{"href":"https:\/\/pwinecastes.com\/es\/wp-json\/wp\/v2\/product"}],"about":[{"href":"https:\/\/pwinecastes.com\/es\/wp-json\/wp\/v2\/types\/product"}],"version-history":[{"count":0,"href":"https:\/\/pwinecastes.com\/es\/wp-json\/wp\/v2\/product\/20122\/revisions"}],"wp:featuredmedia":[{"embeddable":true,"href":"https:\/\/pwinecastes.com\/es\/wp-json\/wp\/v2\/media\/20130"}],"wp:attachment":[{"href":"https:\/\/pwinecastes.com\/es\/wp-json\/wp\/v2\/media?parent=20122"}],"wp:term":[{"taxonomy":"product_brand","embeddable":true,"href":"https:\/\/pwinecastes.com\/es\/wp-json\/wp\/v2\/product_brand?post=20122"},{"taxonomy":"product_cat","embeddable":true,"href":"https:\/\/pwinecastes.com\/es\/wp-json\/wp\/v2\/product_cat?post=20122"},{"taxonomy":"product_tag","embeddable":true,"href":"https:\/\/pwinecastes.com\/es\/wp-json\/wp\/v2\/product_tag?post=20122"}],"curies":[{"name":"wp","href":"https:\/\/api.w.org\/{rel}","templated":true}]}}