{"id":20212,"date":"2025-11-28T11:23:19","date_gmt":"2025-11-28T11:23:19","guid":{"rendered":"https:\/\/pwinecastes.com\/product\/pessegueiro-reserva-tinto-2022\/"},"modified":"2025-11-28T11:23:19","modified_gmt":"2025-11-28T11:23:19","slug":"pessegueiro-reserva-tinto-2022","status":"publish","type":"product","link":"https:\/\/pwinecastes.com\/es\/product\/pessegueiro-reserva-tinto-2022\/","title":{"rendered":"Pessegueiro Reserva Tinto 2022"},"content":{"rendered":"<p>Pessegueiro Reserva Tinto 2022<\/p>\n<ul>\n<li><strong>Regi\u00f3n: <\/strong>Douro<\/li>\n<li><strong>Capacidad:<\/strong> 75 cL<\/li>\n<li><strong>Variedades de uva:<\/strong> Touriga Nacional, Touriga Franca, Tinta da Barca<\/li>\n<li><strong>Graduaci\u00f3n alcoh\u00f3lica: <\/strong>12,5% Vol.<\/li>\n<li><strong>Nota de cata:<\/strong> Color rub\u00ed brillante, aromas de grosellas y moras. En boca tiene taninos pulidos, gran intensidad y frescura. Un vino elaborado con tres variedades de uva que le confieren una extraordinaria complejidad.  <\/li>\n<li><strong>Informaci\u00f3n adicional:<\/strong> Contiene sulfitos.<\/li>\n<li>\n<\/li>\n<\/ul>\n","protected":false},"excerpt":{"rendered":"<p>Pessegueiro Reserva Tinto 2022 Regi\u00f3n: Douro Capacidad: 75 cL Variedades de uva: Touriga Nacional, Touriga Franca, Tinta da Barca Graduaci\u00f3n alcoh\u00f3lica: 12,5% Vol. Nota de cata: Color rub\u00ed brillante, aromas de grosellas y moras. En boca tiene taninos pulidos, gran intensidad y frescura. Un vino elaborado con tres variedades de uva que le confieren una [&hellip;]<\/p>\n","protected":false},"featured_media":20215,"template":"","meta":{"_monsterinsights_skip_tracking":false,"_monsterinsights_sitenote_active":false,"_monsterinsights_sitenote_note":"","_monsterinsights_sitenote_category":0},"product_brand":[],"product_cat":[217,209,212,213,262,102],"product_tag":[],"class_list":{"0":"post-20212","1":"product","2":"type-product","3":"status-publish","4":"has-post-thumbnail","6":"product_cat-douro-es","7":"product_cat-pais-es-2","8":"product_cat-portugal-es-2","9":"product_cat-region-es","10":"product_cat-tinto-es-5","11":"product_cat-vinos","13":"first","14":"instock","15":"taxable","16":"shipping-taxable","17":"purchasable","18":"product-type-simple"},"aioseo_notices":[],"_links":{"self":[{"href":"https:\/\/pwinecastes.com\/es\/wp-json\/wp\/v2\/product\/20212","targetHints":{"allow":["GET"]}}],"collection":[{"href":"https:\/\/pwinecastes.com\/es\/wp-json\/wp\/v2\/product"}],"about":[{"href":"https:\/\/pwinecastes.com\/es\/wp-json\/wp\/v2\/types\/product"}],"version-history":[{"count":0,"href":"https:\/\/pwinecastes.com\/es\/wp-json\/wp\/v2\/product\/20212\/revisions"}],"wp:featuredmedia":[{"embeddable":true,"href":"https:\/\/pwinecastes.com\/es\/wp-json\/wp\/v2\/media\/20215"}],"wp:attachment":[{"href":"https:\/\/pwinecastes.com\/es\/wp-json\/wp\/v2\/media?parent=20212"}],"wp:term":[{"taxonomy":"product_brand","embeddable":true,"href":"https:\/\/pwinecastes.com\/es\/wp-json\/wp\/v2\/product_brand?post=20212"},{"taxonomy":"product_cat","embeddable":true,"href":"https:\/\/pwinecastes.com\/es\/wp-json\/wp\/v2\/product_cat?post=20212"},{"taxonomy":"product_tag","embeddable":true,"href":"https:\/\/pwinecastes.com\/es\/wp-json\/wp\/v2\/product_tag?post=20212"}],"curies":[{"name":"wp","href":"https:\/\/api.w.org\/{rel}","templated":true}]}}