{"id":20224,"date":"2025-11-28T11:39:55","date_gmt":"2025-11-28T11:39:55","guid":{"rendered":"https:\/\/pwinecastes.com\/product\/quinta-da-boavista-vinha-do-oratorio-tinto-2020\/"},"modified":"2025-11-28T11:39:55","modified_gmt":"2025-11-28T11:39:55","slug":"quinta-da-boavista-vinha-do-oratorio-tinto-2020","status":"publish","type":"product","link":"https:\/\/pwinecastes.com\/es\/product\/quinta-da-boavista-vinha-do-oratorio-tinto-2020\/","title":{"rendered":"Quinta da Boavista Vinha do Orat\u00f3rio Tinto 2020"},"content":{"rendered":"<p>Quinta da Boavista Vinha do Orat\u00f3rio Tinto 2020<\/p>\n<ul>\n<li><strong>Regi\u00f3n: <\/strong>Douro<\/li>\n<li><strong>Capacidad:<\/strong> 75 cL<\/li>\n<li><strong>Variedades de uva: <\/strong>Vi\u00f1as viejas<\/li>\n<li><strong>Graduaci\u00f3n alcoh\u00f3lica: <\/strong>14,5% Vol.<\/li>\n<li><strong>Nota de cata: <\/strong>En nariz, dominan las notas de frutas del bosque, con salpicaduras de bergamota y suaves sabores mentolados que le confieren una frescura embriagadora. En boca, todo concuerda: taninos sedosos se pasean por la rica presencia de la fruta y los toques especiados de la barrica, que se regocijan en una acidez impecable. Color rub\u00ed profundo.  <\/li>\n<li><strong>Informaci\u00f3n adicional:<\/strong> Contiene sulfitos.<\/li>\n<li>La vendimia se realiza manualmente, con los racimos recogidos a mano. Las bayas se despalillan y se trituran suavemente. Como dep\u00f3sitos de fermentaci\u00f3n se utilizan lagares tradicionales de granito con pisado a pie. A continuaci\u00f3n, el vino se cr\u00eda en barricas de roble franc\u00e9s durante al menos 18 meses. Todos los vinos se tapan con corcho natural. Al no estar filtrados ni estabilizados por fr\u00edo, estos vinos pueden precipitarse con la edad.     <\/li>\n<\/ul>\n","protected":false},"excerpt":{"rendered":"<p>Quinta da Boavista Vinha do Orat\u00f3rio Tinto 2020 Regi\u00f3n: Douro Capacidad: 75 cL Variedades de uva: Vi\u00f1as viejas Graduaci\u00f3n alcoh\u00f3lica: 14,5% Vol. Nota de cata: En nariz, dominan las notas de frutas del bosque, con salpicaduras de bergamota y suaves sabores mentolados que le confieren una frescura embriagadora. En boca, todo concuerda: taninos sedosos se [&hellip;]<\/p>\n","protected":false},"featured_media":20227,"template":"","meta":{"_monsterinsights_skip_tracking":false,"_monsterinsights_sitenote_active":false,"_monsterinsights_sitenote_note":"","_monsterinsights_sitenote_category":0},"product_brand":[],"product_cat":[217,209,212,213,262,102],"product_tag":[],"class_list":{"0":"post-20224","1":"product","2":"type-product","3":"status-publish","4":"has-post-thumbnail","6":"product_cat-douro-es","7":"product_cat-pais-es-2","8":"product_cat-portugal-es-2","9":"product_cat-region-es","10":"product_cat-tinto-es-5","11":"product_cat-vinos","13":"first","14":"instock","15":"taxable","16":"shipping-taxable","17":"purchasable","18":"product-type-simple"},"aioseo_notices":[],"_links":{"self":[{"href":"https:\/\/pwinecastes.com\/es\/wp-json\/wp\/v2\/product\/20224","targetHints":{"allow":["GET"]}}],"collection":[{"href":"https:\/\/pwinecastes.com\/es\/wp-json\/wp\/v2\/product"}],"about":[{"href":"https:\/\/pwinecastes.com\/es\/wp-json\/wp\/v2\/types\/product"}],"version-history":[{"count":0,"href":"https:\/\/pwinecastes.com\/es\/wp-json\/wp\/v2\/product\/20224\/revisions"}],"wp:featuredmedia":[{"embeddable":true,"href":"https:\/\/pwinecastes.com\/es\/wp-json\/wp\/v2\/media\/20227"}],"wp:attachment":[{"href":"https:\/\/pwinecastes.com\/es\/wp-json\/wp\/v2\/media?parent=20224"}],"wp:term":[{"taxonomy":"product_brand","embeddable":true,"href":"https:\/\/pwinecastes.com\/es\/wp-json\/wp\/v2\/product_brand?post=20224"},{"taxonomy":"product_cat","embeddable":true,"href":"https:\/\/pwinecastes.com\/es\/wp-json\/wp\/v2\/product_cat?post=20224"},{"taxonomy":"product_tag","embeddable":true,"href":"https:\/\/pwinecastes.com\/es\/wp-json\/wp\/v2\/product_tag?post=20224"}],"curies":[{"name":"wp","href":"https:\/\/api.w.org\/{rel}","templated":true}]}}