{"id":20495,"date":"2026-01-12T12:24:53","date_gmt":"2026-01-12T12:24:53","guid":{"rendered":"https:\/\/pwinecastes.com\/product\/maria-joao-reserva-tinto-2017\/"},"modified":"2026-01-12T12:24:53","modified_gmt":"2026-01-12T12:24:53","slug":"maria-joao-reserva-tinto-2017","status":"publish","type":"product","link":"https:\/\/pwinecastes.com\/es\/product\/maria-joao-reserva-tinto-2017\/","title":{"rendered":"Maria Jo\u00e3o Reserva Tinto 2017"},"content":{"rendered":"<p>Maria Jo\u00e3o Reserva Tinto 2017<\/p>\n<ul>\n<li><strong>Regi\u00f3n: <\/strong>D\u00e3o<\/li>\n<li><strong>Capacidad:<\/strong> 75 cL<\/li>\n<li><strong>Variedades de uva:<\/strong> Tinta Roriz, Touriga Nacional, Ja\u00e9n<\/li>\n<li><strong>Graduaci\u00f3n alcoh\u00f3lica: <\/strong>13,5% Vol.<\/li>\n<li><strong>Nota de cata:<\/strong> Aroma intenso a frutos rojos maduros, ligeras notas tostadas y bals\u00e1micas. Sabor afrutado, suave, equilibrado y de larga persistencia. Color rub\u00ed intenso.  <\/li>\n<li><strong>Maridaje: <\/strong>Pescados y carnes blancas asadas, guisos y quesos blandos.<\/li>\n<li><strong>Informaci\u00f3n adicional:<\/strong> Contiene sulfitos. Estrujado con despalillado total, maceraci\u00f3n pelicular prolongada y suave, fermentaci\u00f3n alcoh\u00f3lica a 26\u00b0C. Madurado durante 12 meses en barricas de roble franc\u00e9s y 6 meses en botella. <\/li>\n<\/ul>\n","protected":false},"excerpt":{"rendered":"<p>Maria Jo\u00e3o Reserva Tinto 2017 Regi\u00f3n: D\u00e3o Capacidad: 75 cL Variedades de uva: Tinta Roriz, Touriga Nacional, Ja\u00e9n Graduaci\u00f3n alcoh\u00f3lica: 13,5% Vol. Nota de cata: Aroma intenso a frutos rojos maduros, ligeras notas tostadas y bals\u00e1micas. Sabor afrutado, suave, equilibrado y de larga persistencia. Color rub\u00ed intenso. Maridaje: Pescados y carnes blancas asadas, guisos y [&hellip;]<\/p>\n","protected":false},"featured_media":20498,"template":"","meta":{"_monsterinsights_skip_tracking":false,"_monsterinsights_sitenote_active":false,"_monsterinsights_sitenote_note":"","_monsterinsights_sitenote_category":0},"product_brand":[],"product_cat":[216,209,212,249,102],"product_tag":[],"class_list":{"0":"post-20495","1":"product","2":"type-product","3":"status-publish","4":"has-post-thumbnail","6":"product_cat-dao-es","7":"product_cat-pais-es-2","8":"product_cat-portugal-es-2","9":"product_cat-tinto-es-4","10":"product_cat-vinos","12":"first","13":"instock","14":"taxable","15":"shipping-taxable","16":"purchasable","17":"product-type-simple"},"aioseo_notices":[],"_links":{"self":[{"href":"https:\/\/pwinecastes.com\/es\/wp-json\/wp\/v2\/product\/20495","targetHints":{"allow":["GET"]}}],"collection":[{"href":"https:\/\/pwinecastes.com\/es\/wp-json\/wp\/v2\/product"}],"about":[{"href":"https:\/\/pwinecastes.com\/es\/wp-json\/wp\/v2\/types\/product"}],"version-history":[{"count":0,"href":"https:\/\/pwinecastes.com\/es\/wp-json\/wp\/v2\/product\/20495\/revisions"}],"wp:featuredmedia":[{"embeddable":true,"href":"https:\/\/pwinecastes.com\/es\/wp-json\/wp\/v2\/media\/20498"}],"wp:attachment":[{"href":"https:\/\/pwinecastes.com\/es\/wp-json\/wp\/v2\/media?parent=20495"}],"wp:term":[{"taxonomy":"product_brand","embeddable":true,"href":"https:\/\/pwinecastes.com\/es\/wp-json\/wp\/v2\/product_brand?post=20495"},{"taxonomy":"product_cat","embeddable":true,"href":"https:\/\/pwinecastes.com\/es\/wp-json\/wp\/v2\/product_cat?post=20495"},{"taxonomy":"product_tag","embeddable":true,"href":"https:\/\/pwinecastes.com\/es\/wp-json\/wp\/v2\/product_tag?post=20495"}],"curies":[{"name":"wp","href":"https:\/\/api.w.org\/{rel}","templated":true}]}}