{"id":20505,"date":"2026-01-13T11:38:28","date_gmt":"2026-01-13T11:38:28","guid":{"rendered":"https:\/\/pwinecastes.com\/product\/maria-joao-reserva-blanco-2020\/"},"modified":"2026-01-13T11:38:28","modified_gmt":"2026-01-13T11:38:28","slug":"maria-joao-reserva-blanco-2020","status":"publish","type":"product","link":"https:\/\/pwinecastes.com\/es\/product\/maria-joao-reserva-blanco-2020\/","title":{"rendered":"Maria Jo\u00e3o Reserva Blanco 2020"},"content":{"rendered":"<p>Maria Jo\u00e3o Reserva Blanco 2020<\/p>\n<ul>\n<li><strong>Regi\u00f3n: <\/strong>D\u00e3o<\/li>\n<li><strong>Capacidad:<\/strong> 75 cL<\/li>\n<li><strong>Variedades de uva:<\/strong> Encruzado, Malvasia Fina, Bical<\/li>\n<li><strong>Graduaci\u00f3n alcoh\u00f3lica: <\/strong>13,5% Vol.<\/li>\n<li><strong>Nota de cata:<\/strong> Aroma complejo y distintivo. Sabor afrutado y fresco, notable volumen en boca, elegante y armonioso. Color c\u00edtrico claro con ligeros tonos verdosos.  <\/li>\n<li><strong>Maridaje: <\/strong>Embutidos variados, pescados asados al horno, carnes blancas.<\/li>\n<li><strong>Informaci\u00f3n adicional:<\/strong> Contiene sulfitos. Estrujado con despalillado total, prensado neum\u00e1tico suave, clarificaci\u00f3n est\u00e1tica natural y fermentaci\u00f3n alcoh\u00f3lica a 18\u00baC. 50% del vino fermentado y criado durante 6 meses en barricas de roble franc\u00e9s con tostado suave. <\/li>\n<\/ul>\n","protected":false},"excerpt":{"rendered":"<p>Maria Jo\u00e3o Reserva Blanco 2020 Regi\u00f3n: D\u00e3o Capacidad: 75 cL Variedades de uva: Encruzado, Malvasia Fina, Bical Graduaci\u00f3n alcoh\u00f3lica: 13,5% Vol. Nota de cata: Aroma complejo y distintivo. Sabor afrutado y fresco, notable volumen en boca, elegante y armonioso. Color c\u00edtrico claro con ligeros tonos verdosos. Maridaje: Embutidos variados, pescados asados al horno, carnes blancas. [&hellip;]<\/p>\n","protected":false},"featured_media":20508,"template":"","meta":{"_monsterinsights_skip_tracking":false,"_monsterinsights_sitenote_active":false,"_monsterinsights_sitenote_note":"","_monsterinsights_sitenote_category":0},"product_brand":[],"product_cat":[216,209,212,213,249,102],"product_tag":[],"class_list":{"0":"post-20505","1":"product","2":"type-product","3":"status-publish","4":"has-post-thumbnail","6":"product_cat-dao-es","7":"product_cat-pais-es-2","8":"product_cat-portugal-es-2","9":"product_cat-region-es","10":"product_cat-tinto-es-4","11":"product_cat-vinos","13":"first","14":"instock","15":"taxable","16":"shipping-taxable","17":"purchasable","18":"product-type-simple"},"aioseo_notices":[],"_links":{"self":[{"href":"https:\/\/pwinecastes.com\/es\/wp-json\/wp\/v2\/product\/20505","targetHints":{"allow":["GET"]}}],"collection":[{"href":"https:\/\/pwinecastes.com\/es\/wp-json\/wp\/v2\/product"}],"about":[{"href":"https:\/\/pwinecastes.com\/es\/wp-json\/wp\/v2\/types\/product"}],"version-history":[{"count":0,"href":"https:\/\/pwinecastes.com\/es\/wp-json\/wp\/v2\/product\/20505\/revisions"}],"wp:featuredmedia":[{"embeddable":true,"href":"https:\/\/pwinecastes.com\/es\/wp-json\/wp\/v2\/media\/20508"}],"wp:attachment":[{"href":"https:\/\/pwinecastes.com\/es\/wp-json\/wp\/v2\/media?parent=20505"}],"wp:term":[{"taxonomy":"product_brand","embeddable":true,"href":"https:\/\/pwinecastes.com\/es\/wp-json\/wp\/v2\/product_brand?post=20505"},{"taxonomy":"product_cat","embeddable":true,"href":"https:\/\/pwinecastes.com\/es\/wp-json\/wp\/v2\/product_cat?post=20505"},{"taxonomy":"product_tag","embeddable":true,"href":"https:\/\/pwinecastes.com\/es\/wp-json\/wp\/v2\/product_tag?post=20505"}],"curies":[{"name":"wp","href":"https:\/\/api.w.org\/{rel}","templated":true}]}}