{"id":20517,"date":"2026-01-13T16:30:18","date_gmt":"2026-01-13T16:30:18","guid":{"rendered":"https:\/\/pwinecastes.com\/product\/maria-joao-dao-nobre-blanco-2018\/"},"modified":"2026-01-13T16:30:18","modified_gmt":"2026-01-13T16:30:18","slug":"maria-joao-dao-nobre-blanco-2018","status":"publish","type":"product","link":"https:\/\/pwinecastes.com\/es\/product\/maria-joao-dao-nobre-blanco-2018\/","title":{"rendered":"Maria Jo\u00e3o D\u00e3o Nobre Blanco 2018"},"content":{"rendered":"<p>Maria Jo\u00e3o D\u00e3o Nobre Blanco 2018<\/p>\n<ul>\n<li><strong>Regi\u00f3n: <\/strong>D\u00e3o<\/li>\n<li><strong>Capacidad:<\/strong> 75 cL<\/li>\n<li><strong>Variedades de uva:<\/strong> Encruzado, Malvasia Fina<\/li>\n<li><strong>Graduaci\u00f3n alcoh\u00f3lica: <\/strong>13,5% Vol.<\/li>\n<li><strong>Nota de cata:<\/strong> Aroma intenso y complejo. Predominan las notas de frutos secos, pan tostado y cereales. Sabor complejo, fresco, elegante, armonioso y de larga persistencia. Color c\u00edtrico claro con ligeros tonos verdosos.   <\/li>\n<li><strong>Maridaje: <\/strong>Embutidos, pescados asados y carnes blancas.<\/li>\n<li><strong>Informaci\u00f3n adicional:<\/strong> Contiene sulfitos. Despalillado total, prensado neum\u00e1tico suave, clarificaci\u00f3n est\u00e1tica natural y fermentaci\u00f3n alcoh\u00f3lica a 15\u00baC Maduraci\u00f3n: 12 meses en barricas nuevas de roble franc\u00e9s, incluidos 3 meses sobre l\u00edas finas &#8211; Batonnage. Seguido de m\u00e1s de 12 meses en botella. <\/li>\n<\/ul>\n","protected":false},"excerpt":{"rendered":"<p>Maria Jo\u00e3o D\u00e3o Nobre Blanco 2018 Regi\u00f3n: D\u00e3o Capacidad: 75 cL Variedades de uva: Encruzado, Malvasia Fina Graduaci\u00f3n alcoh\u00f3lica: 13,5% Vol. Nota de cata: Aroma intenso y complejo. Predominan las notas de frutos secos, pan tostado y cereales. Sabor complejo, fresco, elegante, armonioso y de larga persistencia. Color c\u00edtrico claro con ligeros tonos verdosos. Maridaje: [&hellip;]<\/p>\n","protected":false},"featured_media":20513,"template":"","meta":{"_monsterinsights_skip_tracking":false,"_monsterinsights_sitenote_active":false,"_monsterinsights_sitenote_note":"","_monsterinsights_sitenote_category":0},"product_brand":[],"product_cat":[250,216,209,212,213,102],"product_tag":[],"class_list":{"0":"post-20517","1":"product","2":"type-product","3":"status-publish","4":"has-post-thumbnail","6":"product_cat-blanco-es-3","7":"product_cat-dao-es","8":"product_cat-pais-es-2","9":"product_cat-portugal-es-2","10":"product_cat-region-es","11":"product_cat-vinos","13":"first","14":"instock","15":"featured","16":"taxable","17":"shipping-taxable","18":"purchasable","19":"product-type-simple"},"aioseo_notices":[],"_links":{"self":[{"href":"https:\/\/pwinecastes.com\/es\/wp-json\/wp\/v2\/product\/20517","targetHints":{"allow":["GET"]}}],"collection":[{"href":"https:\/\/pwinecastes.com\/es\/wp-json\/wp\/v2\/product"}],"about":[{"href":"https:\/\/pwinecastes.com\/es\/wp-json\/wp\/v2\/types\/product"}],"version-history":[{"count":0,"href":"https:\/\/pwinecastes.com\/es\/wp-json\/wp\/v2\/product\/20517\/revisions"}],"wp:featuredmedia":[{"embeddable":true,"href":"https:\/\/pwinecastes.com\/es\/wp-json\/wp\/v2\/media\/20513"}],"wp:attachment":[{"href":"https:\/\/pwinecastes.com\/es\/wp-json\/wp\/v2\/media?parent=20517"}],"wp:term":[{"taxonomy":"product_brand","embeddable":true,"href":"https:\/\/pwinecastes.com\/es\/wp-json\/wp\/v2\/product_brand?post=20517"},{"taxonomy":"product_cat","embeddable":true,"href":"https:\/\/pwinecastes.com\/es\/wp-json\/wp\/v2\/product_cat?post=20517"},{"taxonomy":"product_tag","embeddable":true,"href":"https:\/\/pwinecastes.com\/es\/wp-json\/wp\/v2\/product_tag?post=20517"}],"curies":[{"name":"wp","href":"https:\/\/api.w.org\/{rel}","templated":true}]}}