{"id":20532,"date":"2026-01-13T18:25:42","date_gmt":"2026-01-13T18:25:42","guid":{"rendered":"https:\/\/pwinecastes.com\/product\/vino-espumoso-maria-joao-grand-cuvee-brut\/"},"modified":"2026-01-13T18:25:42","modified_gmt":"2026-01-13T18:25:42","slug":"vino-espumoso-maria-joao-grand-cuvee-brut","status":"publish","type":"product","link":"https:\/\/pwinecastes.com\/es\/product\/vino-espumoso-maria-joao-grand-cuvee-brut\/","title":{"rendered":"Vino Espumoso Maria Jo\u00e3o Grand Cuv\u00e9e Brut"},"content":{"rendered":"<p>Vino Espumoso Maria Jo\u00e3o Grand Cuv\u00e9e Brut<\/p>\n<ul>\n<li><strong>Regi\u00f3n: <\/strong>D\u00e3o<\/li>\n<li><strong>Capacidad:<\/strong> 75 cL<\/li>\n<li><strong>Variedades de uva:<\/strong> Encruzado, Bical, Malvasia Fina<\/li>\n<li><strong>Teor Alco\u00f3lico: <\/strong>12.5% Vol.<\/li>\n<li><strong>Nota de cata<\/strong>: Notas intensas de complejidad, con predominio de frutos secos, pan tostado y galletas. Sabor afrutado con abundante espuma crujiente, acidez irreverente que transmite elegancia, persistencia y originalidad. Color c\u00edtrico intenso.   Burbujas finas y persistentes.<\/li>\n<li><strong>Maridaje: <\/strong>Aperitivo, postres o momentos de ocio.<\/li>\n<li><strong>Informaci\u00f3n adicional:<\/strong> Contiene sulfitos. Estrujado con despalillado total, prensado neum\u00e1tico suave, en el que s\u00f3lo se utiliz\u00f3 el mosto flor. La clarificaci\u00f3n fue est\u00e1tica natural y la fermentaci\u00f3n alcoh\u00f3lica tuvo lugar a 18\u00baC. Espumoso seg\u00fan el m\u00e9todo cl\u00e1sico. Madurado durante al menos 60 meses en bodega (surl\u00ed) y 6 meses en botella tras el deg\u00fcelle.   <\/li>\n<\/ul>\n","protected":false},"excerpt":{"rendered":"<p>Vino Espumoso Maria Jo\u00e3o Grand Cuv\u00e9e Brut Regi\u00f3n: D\u00e3o Capacidad: 75 cL Variedades de uva: Encruzado, Bical, Malvasia Fina Teor Alco\u00f3lico: 12.5% Vol. Nota de cata: Notas intensas de complejidad, con predominio de frutos secos, pan tostado y galletas. Sabor afrutado con abundante espuma crujiente, acidez irreverente que transmite elegancia, persistencia y originalidad. Color c\u00edtrico [&hellip;]<\/p>\n","protected":false},"featured_media":20533,"template":"","meta":{"_monsterinsights_skip_tracking":false,"_monsterinsights_sitenote_active":false,"_monsterinsights_sitenote_note":"","_monsterinsights_sitenote_category":0},"product_brand":[],"product_cat":[182,186],"product_tag":[],"class_list":{"0":"post-20532","1":"product","2":"type-product","3":"status-publish","4":"has-post-thumbnail","6":"product_cat-champagne-espumoso","7":"product_cat-portugal-es","9":"first","10":"instock","11":"taxable","12":"shipping-taxable","13":"purchasable","14":"product-type-simple"},"aioseo_notices":[],"_links":{"self":[{"href":"https:\/\/pwinecastes.com\/es\/wp-json\/wp\/v2\/product\/20532","targetHints":{"allow":["GET"]}}],"collection":[{"href":"https:\/\/pwinecastes.com\/es\/wp-json\/wp\/v2\/product"}],"about":[{"href":"https:\/\/pwinecastes.com\/es\/wp-json\/wp\/v2\/types\/product"}],"version-history":[{"count":0,"href":"https:\/\/pwinecastes.com\/es\/wp-json\/wp\/v2\/product\/20532\/revisions"}],"wp:featuredmedia":[{"embeddable":true,"href":"https:\/\/pwinecastes.com\/es\/wp-json\/wp\/v2\/media\/20533"}],"wp:attachment":[{"href":"https:\/\/pwinecastes.com\/es\/wp-json\/wp\/v2\/media?parent=20532"}],"wp:term":[{"taxonomy":"product_brand","embeddable":true,"href":"https:\/\/pwinecastes.com\/es\/wp-json\/wp\/v2\/product_brand?post=20532"},{"taxonomy":"product_cat","embeddable":true,"href":"https:\/\/pwinecastes.com\/es\/wp-json\/wp\/v2\/product_cat?post=20532"},{"taxonomy":"product_tag","embeddable":true,"href":"https:\/\/pwinecastes.com\/es\/wp-json\/wp\/v2\/product_tag?post=20532"}],"curies":[{"name":"wp","href":"https:\/\/api.w.org\/{rel}","templated":true}]}}