{"id":20654,"date":"2026-01-31T14:13:07","date_gmt":"2026-01-31T14:13:07","guid":{"rendered":"https:\/\/pwinecastes.com\/product\/real-oporto-colheita-1976\/"},"modified":"2026-01-31T14:13:07","modified_gmt":"2026-01-31T14:13:07","slug":"real-oporto-colheita-1976","status":"publish","type":"product","link":"https:\/\/pwinecastes.com\/es\/product\/real-oporto-colheita-1976\/","title":{"rendered":"Real Oporto Colheita 1976"},"content":{"rendered":"<p>Port Royal Oporto Colheita 1976<\/p>\n<ul>\n<li><strong>Regi\u00f3n: <\/strong>Douro<\/li>\n<li><strong>Capacidad:<\/strong> 75 cL<\/li>\n<li><strong>Cepas: <\/strong>Blend<\/li>\n<li><strong>Graduaci\u00f3n alcoh\u00f3lica: <\/strong>20%.<\/li>\n<li><strong>Nota de cata:<\/strong> matices de miel y notas de frutos rojos.<\/li>\n<li><strong>Maridaje:<\/strong> frutos secos, aperitivos y postres l\u00e1cteos. S\u00edrvelo entre 16\u00baC y 18\u00baC.<\/li>\n<li><strong>Informaci\u00f3n adicional:<\/strong> Contiene sulfitos<\/li>\n<\/ul>\n","protected":false},"excerpt":{"rendered":"<p>Port Royal Oporto Colheita 1976 Regi\u00f3n: Douro Capacidad: 75 cL Cepas: Blend Graduaci\u00f3n alcoh\u00f3lica: 20%. Nota de cata: matices de miel y notas de frutos rojos. Maridaje: frutos secos, aperitivos y postres l\u00e1cteos. S\u00edrvelo entre 16\u00baC y 18\u00baC. Informaci\u00f3n adicional: Contiene sulfitos<\/p>\n","protected":false},"featured_media":20652,"template":"","meta":{"_monsterinsights_skip_tracking":false,"_monsterinsights_sitenote_active":false,"_monsterinsights_sitenote_note":"","_monsterinsights_sitenote_category":0},"product_brand":[],"product_cat":[363,225,209,212,102],"product_tag":[],"class_list":{"0":"post-20654","1":"product","2":"type-product","3":"status-publish","4":"has-post-thumbnail","6":"product_cat-cosecha","7":"product_cat-oporto","8":"product_cat-pais-es-2","9":"product_cat-portugal-es-2","10":"product_cat-vinos","12":"first","13":"instock","14":"taxable","15":"shipping-taxable","16":"purchasable","17":"product-type-simple"},"aioseo_notices":[],"_links":{"self":[{"href":"https:\/\/pwinecastes.com\/es\/wp-json\/wp\/v2\/product\/20654","targetHints":{"allow":["GET"]}}],"collection":[{"href":"https:\/\/pwinecastes.com\/es\/wp-json\/wp\/v2\/product"}],"about":[{"href":"https:\/\/pwinecastes.com\/es\/wp-json\/wp\/v2\/types\/product"}],"version-history":[{"count":0,"href":"https:\/\/pwinecastes.com\/es\/wp-json\/wp\/v2\/product\/20654\/revisions"}],"wp:featuredmedia":[{"embeddable":true,"href":"https:\/\/pwinecastes.com\/es\/wp-json\/wp\/v2\/media\/20652"}],"wp:attachment":[{"href":"https:\/\/pwinecastes.com\/es\/wp-json\/wp\/v2\/media?parent=20654"}],"wp:term":[{"taxonomy":"product_brand","embeddable":true,"href":"https:\/\/pwinecastes.com\/es\/wp-json\/wp\/v2\/product_brand?post=20654"},{"taxonomy":"product_cat","embeddable":true,"href":"https:\/\/pwinecastes.com\/es\/wp-json\/wp\/v2\/product_cat?post=20654"},{"taxonomy":"product_tag","embeddable":true,"href":"https:\/\/pwinecastes.com\/es\/wp-json\/wp\/v2\/product_tag?post=20654"}],"curies":[{"name":"wp","href":"https:\/\/api.w.org\/{rel}","templated":true}]}}