{"id":20781,"date":"2026-02-05T10:07:00","date_gmt":"2026-02-05T10:07:00","guid":{"rendered":"https:\/\/pwinecastes.com\/product\/recuerdos-de-santar-vinha-em-onda-roja\/"},"modified":"2026-02-05T10:07:00","modified_gmt":"2026-02-05T10:07:00","slug":"recuerdos-de-santar-vinha-em-onda-roja","status":"publish","type":"product","link":"https:\/\/pwinecastes.com\/es\/product\/recuerdos-de-santar-vinha-em-onda-roja\/","title":{"rendered":"Recuerdos de Santar Vinha em Onda Roja"},"content":{"rendered":"<p>Recuerdos de Santar Vinha em Onda Roja<\/p>\n<ul>\n<li><strong>Regi\u00f3n: <\/strong>D\u00e3o.<\/li>\n<li><strong>Capacidad:<\/strong> 75 cL<\/li>\n<li><strong>Variedades: <\/strong>70% Touriga Nacional ,30% Alfrocheiro<\/li>\n<li><strong>Graduaci\u00f3n alcoh\u00f3lica: <\/strong>12,5% vol.<\/li>\n<li><strong>Nota de cata<\/strong>: Color rub\u00ed intenso. El aroma se caracteriza por la fruta madura, acompa\u00f1ada de exuberantes toques florales que le confieren frescura y elegancia. En boca revela notas de fruta negra, como la cereza y la guinda, que se combinan armoniosamente con toques de madera. Su complejidad y longevidad son notables.   <\/li>\n<li><strong>Informaci\u00f3n adicional:<\/strong> Contiene sulfitos.<\/li>\n<\/ul>\n","protected":false},"excerpt":{"rendered":"<p>Recuerdos de Santar Vinha em Onda Roja Regi\u00f3n: D\u00e3o. Capacidad: 75 cL Variedades: 70% Touriga Nacional ,30% Alfrocheiro Graduaci\u00f3n alcoh\u00f3lica: 12,5% vol. Nota de cata: Color rub\u00ed intenso. El aroma se caracteriza por la fruta madura, acompa\u00f1ada de exuberantes toques florales que le confieren frescura y elegancia. En boca revela notas de fruta negra, como [&hellip;]<\/p>\n","protected":false},"featured_media":20784,"template":"","meta":{"_monsterinsights_skip_tracking":false,"_monsterinsights_sitenote_active":false,"_monsterinsights_sitenote_note":"","_monsterinsights_sitenote_category":0},"product_brand":[],"product_cat":[216,209,212,213,249,102],"product_tag":[],"class_list":{"0":"post-20781","1":"product","2":"type-product","3":"status-publish","4":"has-post-thumbnail","6":"product_cat-dao-es","7":"product_cat-pais-es-2","8":"product_cat-portugal-es-2","9":"product_cat-region-es","10":"product_cat-tinto-es-4","11":"product_cat-vinos","13":"first","14":"instock","15":"taxable","16":"shipping-taxable","17":"purchasable","18":"product-type-simple"},"aioseo_notices":[],"_links":{"self":[{"href":"https:\/\/pwinecastes.com\/es\/wp-json\/wp\/v2\/product\/20781","targetHints":{"allow":["GET"]}}],"collection":[{"href":"https:\/\/pwinecastes.com\/es\/wp-json\/wp\/v2\/product"}],"about":[{"href":"https:\/\/pwinecastes.com\/es\/wp-json\/wp\/v2\/types\/product"}],"version-history":[{"count":0,"href":"https:\/\/pwinecastes.com\/es\/wp-json\/wp\/v2\/product\/20781\/revisions"}],"wp:featuredmedia":[{"embeddable":true,"href":"https:\/\/pwinecastes.com\/es\/wp-json\/wp\/v2\/media\/20784"}],"wp:attachment":[{"href":"https:\/\/pwinecastes.com\/es\/wp-json\/wp\/v2\/media?parent=20781"}],"wp:term":[{"taxonomy":"product_brand","embeddable":true,"href":"https:\/\/pwinecastes.com\/es\/wp-json\/wp\/v2\/product_brand?post=20781"},{"taxonomy":"product_cat","embeddable":true,"href":"https:\/\/pwinecastes.com\/es\/wp-json\/wp\/v2\/product_cat?post=20781"},{"taxonomy":"product_tag","embeddable":true,"href":"https:\/\/pwinecastes.com\/es\/wp-json\/wp\/v2\/product_tag?post=20781"}],"curies":[{"name":"wp","href":"https:\/\/api.w.org\/{rel}","templated":true}]}}