{"id":20806,"date":"2026-02-11T11:03:21","date_gmt":"2026-02-11T11:03:21","guid":{"rendered":"https:\/\/pwinecastes.com\/product\/whisky-armonia-japonesa-hibiki\/"},"modified":"2026-02-11T11:03:21","modified_gmt":"2026-02-11T11:03:21","slug":"whisky-armonia-japonesa-hibiki","status":"publish","type":"product","link":"https:\/\/pwinecastes.com\/es\/product\/whisky-armonia-japonesa-hibiki\/","title":{"rendered":"Whisky Armon\u00eda Japonesa Hibiki"},"content":{"rendered":"<p>Whisky Armon\u00eda Japonesa Hibiki<\/p>\n<ul>\n<li><strong>Regi\u00f3n: <\/strong>Jap\u00f3n<\/li>\n<li><strong>Capacidad:<\/strong> 70 cl<\/li>\n<li><strong>Graduaci\u00f3n alcoh\u00f3lica:<\/strong> 43% Vol.<\/li>\n<li><strong>Nota de cata: <\/strong>En nariz, aparecen aromas de fresas, cerezas y un toque distintivo de Mizunara, mientras que el paladar es suave como la seda, con notas de frambuesa, melocot\u00f3n blanco y un delicado final de vainilla y canela.<\/li>\n<li><strong>Informaci\u00f3n adicional:<\/strong> Contiene sulfitos. La historia de Hibiki es un reflejo de la cultura japonesa, donde la b\u00fasqueda de la armon\u00eda se entrelaza con la naturaleza. Este whisky no es s\u00f3lo una bebida, es una experiencia que celebra la conexi\u00f3n entre el hombre y su entorno, creando cada momento para una celebraci\u00f3n del buen gusto. <\/li>\n<\/ul>\n","protected":false},"excerpt":{"rendered":"<p>Whisky Armon\u00eda Japonesa Hibiki Regi\u00f3n: Jap\u00f3n Capacidad: 70 cl Graduaci\u00f3n alcoh\u00f3lica: 43% Vol. Nota de cata: En nariz, aparecen aromas de fresas, cerezas y un toque distintivo de Mizunara, mientras que el paladar es suave como la seda, con notas de frambuesa, melocot\u00f3n blanco y un delicado final de vainilla y canela. Informaci\u00f3n adicional: Contiene [&hellip;]<\/p>\n","protected":false},"featured_media":21769,"template":"","meta":{"_monsterinsights_skip_tracking":false,"_monsterinsights_sitenote_active":false,"_monsterinsights_sitenote_note":"","_monsterinsights_sitenote_category":0},"product_brand":[],"product_cat":[187,188,192],"product_tag":[425],"class_list":{"0":"post-20806","1":"product","2":"type-product","3":"status-publish","4":"has-post-thumbnail","6":"product_cat-destilados","7":"product_cat-tipo-es","8":"product_cat-whisky-es","9":"product_tag-destaque_pagina","11":"first","12":"instock","13":"taxable","14":"shipping-taxable","15":"purchasable","16":"product-type-simple"},"aioseo_notices":[],"_links":{"self":[{"href":"https:\/\/pwinecastes.com\/es\/wp-json\/wp\/v2\/product\/20806","targetHints":{"allow":["GET"]}}],"collection":[{"href":"https:\/\/pwinecastes.com\/es\/wp-json\/wp\/v2\/product"}],"about":[{"href":"https:\/\/pwinecastes.com\/es\/wp-json\/wp\/v2\/types\/product"}],"version-history":[{"count":0,"href":"https:\/\/pwinecastes.com\/es\/wp-json\/wp\/v2\/product\/20806\/revisions"}],"wp:featuredmedia":[{"embeddable":true,"href":"https:\/\/pwinecastes.com\/es\/wp-json\/wp\/v2\/media\/21769"}],"wp:attachment":[{"href":"https:\/\/pwinecastes.com\/es\/wp-json\/wp\/v2\/media?parent=20806"}],"wp:term":[{"taxonomy":"product_brand","embeddable":true,"href":"https:\/\/pwinecastes.com\/es\/wp-json\/wp\/v2\/product_brand?post=20806"},{"taxonomy":"product_cat","embeddable":true,"href":"https:\/\/pwinecastes.com\/es\/wp-json\/wp\/v2\/product_cat?post=20806"},{"taxonomy":"product_tag","embeddable":true,"href":"https:\/\/pwinecastes.com\/es\/wp-json\/wp\/v2\/product_tag?post=20806"}],"curies":[{"name":"wp","href":"https:\/\/api.w.org\/{rel}","templated":true}]}}