{"id":3912,"date":"2024-04-05T14:50:42","date_gmt":"2024-04-05T14:50:42","guid":{"rendered":"https:\/\/luxuryinportugal.com\/pwinecastes\/product\/vinha-othon-reserva\/"},"modified":"2024-04-05T15:10:30","modified_gmt":"2024-04-05T15:10:30","slug":"vinha-othon-reserva","status":"publish","type":"product","link":"https:\/\/pwinecastes.com\/es\/product\/vinha-othon-reserva\/","title":{"rendered":"Vinha Othon Reserva"},"content":{"rendered":"<p>Vino tinto Vinha Othon Reserva 2019<\/p>\n<ul>\n<li><strong>Regi\u00f3n: <\/strong>D\u00e3o<\/li>\n<li><strong>Capacidad:<\/strong> 75cL<\/li>\n<li><strong>Cepas: <\/strong>Touriga Nacional y Alfrocheiro<\/li>\n<li><strong>Graduaci\u00f3n alcoh\u00f3lica: <\/strong>14%<\/li>\n<li><strong>Nota de cata:<\/strong> color rub\u00ed intenso, nariz ligeramente cerrada, necesaria decantaci\u00f3n. Presenta notas de frambuesa, cereza y grosella y un ligero toque qu\u00edmico.<\/li>\n<li><strong>Armonizaci\u00f3n: <\/strong>Carnes de caza, cordero y ternera.<\/li>\n<li><strong>Informaci\u00f3n adicional:<\/strong> Contiene sulfitos.<\/li>\n<\/ul>\n","protected":false},"excerpt":{"rendered":"<p>Vino tinto Vinha Othon Reserva 2019 Regi\u00f3n: D\u00e3o Capacidad: 75cL Cepas: Touriga Nacional y Alfrocheiro Graduaci\u00f3n alcoh\u00f3lica: 14% Nota de cata: color rub\u00ed intenso, nariz ligeramente cerrada, necesaria decantaci\u00f3n. Presenta notas de frambuesa, cereza y grosella y un ligero toque qu\u00edmico. Armonizaci\u00f3n: Carnes de caza, cordero y ternera. Informaci\u00f3n adicional: Contiene sulfitos.<\/p>\n","protected":false},"featured_media":4863,"template":"","meta":{"_monsterinsights_skip_tracking":false,"_monsterinsights_sitenote_active":false,"_monsterinsights_sitenote_note":"","_monsterinsights_sitenote_category":0},"product_brand":[],"product_cat":[327,216,209,212,213,222,249,221,102],"product_tag":[],"class_list":{"0":"post-3912","1":"product","2":"type-product","3":"status-publish","4":"has-post-thumbnail","6":"product_cat-dao-es-3","7":"product_cat-dao-es","8":"product_cat-pais-es-2","9":"product_cat-portugal-es-2","10":"product_cat-region-es","11":"product_cat-tinto-es","12":"product_cat-tinto-es-4","13":"product_cat-tipo-es-4","14":"product_cat-vinos","16":"first","17":"instock","18":"taxable","19":"shipping-taxable","20":"purchasable","21":"product-type-simple"},"aioseo_notices":[],"_links":{"self":[{"href":"https:\/\/pwinecastes.com\/es\/wp-json\/wp\/v2\/product\/3912","targetHints":{"allow":["GET"]}}],"collection":[{"href":"https:\/\/pwinecastes.com\/es\/wp-json\/wp\/v2\/product"}],"about":[{"href":"https:\/\/pwinecastes.com\/es\/wp-json\/wp\/v2\/types\/product"}],"version-history":[{"count":0,"href":"https:\/\/pwinecastes.com\/es\/wp-json\/wp\/v2\/product\/3912\/revisions"}],"wp:featuredmedia":[{"embeddable":true,"href":"https:\/\/pwinecastes.com\/es\/wp-json\/wp\/v2\/media\/4863"}],"wp:attachment":[{"href":"https:\/\/pwinecastes.com\/es\/wp-json\/wp\/v2\/media?parent=3912"}],"wp:term":[{"taxonomy":"product_brand","embeddable":true,"href":"https:\/\/pwinecastes.com\/es\/wp-json\/wp\/v2\/product_brand?post=3912"},{"taxonomy":"product_cat","embeddable":true,"href":"https:\/\/pwinecastes.com\/es\/wp-json\/wp\/v2\/product_cat?post=3912"},{"taxonomy":"product_tag","embeddable":true,"href":"https:\/\/pwinecastes.com\/es\/wp-json\/wp\/v2\/product_tag?post=3912"}],"curies":[{"name":"wp","href":"https:\/\/api.w.org\/{rel}","templated":true}]}}