{"id":3914,"date":"2024-04-05T14:11:42","date_gmt":"2024-04-05T14:11:42","guid":{"rendered":"https:\/\/luxuryinportugal.com\/pwinecastes\/product\/vinha-paz-blanco\/"},"modified":"2024-04-05T15:15:10","modified_gmt":"2024-04-05T15:15:10","slug":"vinha-paz-blanco","status":"publish","type":"product","link":"https:\/\/pwinecastes.com\/es\/product\/vinha-paz-blanco\/","title":{"rendered":"Vinha Paz Blanco"},"content":{"rendered":"<p>Vino Blanco Vinha Paz 2023<\/p>\n<ul>\n<li><strong>Regi\u00f3n: <\/strong>D\u00e3o<\/li>\n<li><strong>Capacidad:<\/strong> 75cL<\/li>\n<li><strong>Cepas: <\/strong>Encruzado, Malvasia Fina e Gouveio<\/li>\n<li><strong>Graduaci\u00f3n alcoh\u00f3lica: <\/strong>12,5%<\/li>\n<li><strong>Nota de cata: <\/strong>Color amarillo lim\u00f3n, aroma fino y elegante con notas de tilo, melisa, madreselva, flor de sa\u00faco y azahar combinadas con toques de fruta de pulpa blanca. Fresco en boca, acidez viva y notas minerales. Final largo y refinado.<\/li>\n<li><strong>Armonizaci\u00f3n:<\/strong> Marisco, pescado fresco a la plancha y carnes blancas.<\/li>\n<li><strong>Informaci\u00f3n adicional:<\/strong> Contiene sulfitos.<\/li>\n<\/ul>\n","protected":false},"excerpt":{"rendered":"<p>Vino Blanco Vinha Paz 2023 Regi\u00f3n: D\u00e3o Capacidad: 75cL Cepas: Encruzado, Malvasia Fina e Gouveio Graduaci\u00f3n alcoh\u00f3lica: 12,5% Nota de cata: Color amarillo lim\u00f3n, aroma fino y elegante con notas de tilo, melisa, madreselva, flor de sa\u00faco y azahar combinadas con toques de fruta de pulpa blanca. Fresco en boca, acidez viva y notas minerales. [&hellip;]<\/p>\n","protected":false},"featured_media":4805,"template":"","meta":{"_monsterinsights_skip_tracking":false,"_monsterinsights_sitenote_active":false,"_monsterinsights_sitenote_note":"","_monsterinsights_sitenote_category":0},"product_brand":[],"product_cat":[223,250,307,216,209,212,213,221,102],"product_tag":[],"class_list":{"0":"post-3914","1":"product","2":"type-product","3":"status-publish","4":"has-post-thumbnail","6":"product_cat-blanco","7":"product_cat-blanco-es-3","8":"product_cat-dao-es-2","9":"product_cat-dao-es","10":"product_cat-pais-es-2","11":"product_cat-portugal-es-2","12":"product_cat-region-es","13":"product_cat-tipo-es-4","14":"product_cat-vinos","16":"first","17":"instock","18":"taxable","19":"shipping-taxable","20":"purchasable","21":"product-type-simple"},"aioseo_notices":[],"_links":{"self":[{"href":"https:\/\/pwinecastes.com\/es\/wp-json\/wp\/v2\/product\/3914","targetHints":{"allow":["GET"]}}],"collection":[{"href":"https:\/\/pwinecastes.com\/es\/wp-json\/wp\/v2\/product"}],"about":[{"href":"https:\/\/pwinecastes.com\/es\/wp-json\/wp\/v2\/types\/product"}],"version-history":[{"count":0,"href":"https:\/\/pwinecastes.com\/es\/wp-json\/wp\/v2\/product\/3914\/revisions"}],"wp:featuredmedia":[{"embeddable":true,"href":"https:\/\/pwinecastes.com\/es\/wp-json\/wp\/v2\/media\/4805"}],"wp:attachment":[{"href":"https:\/\/pwinecastes.com\/es\/wp-json\/wp\/v2\/media?parent=3914"}],"wp:term":[{"taxonomy":"product_brand","embeddable":true,"href":"https:\/\/pwinecastes.com\/es\/wp-json\/wp\/v2\/product_brand?post=3914"},{"taxonomy":"product_cat","embeddable":true,"href":"https:\/\/pwinecastes.com\/es\/wp-json\/wp\/v2\/product_cat?post=3914"},{"taxonomy":"product_tag","embeddable":true,"href":"https:\/\/pwinecastes.com\/es\/wp-json\/wp\/v2\/product_tag?post=3914"}],"curies":[{"name":"wp","href":"https:\/\/api.w.org\/{rel}","templated":true}]}}