{"id":3915,"date":"2024-04-05T14:00:09","date_gmt":"2024-04-05T14:00:09","guid":{"rendered":"https:\/\/luxuryinportugal.com\/pwinecastes\/product\/vinha-paz-tinto\/"},"modified":"2025-08-13T14:53:15","modified_gmt":"2025-08-13T14:53:15","slug":"vinha-paz-tinto","status":"publish","type":"product","link":"https:\/\/pwinecastes.com\/es\/product\/vinha-paz-tinto\/","title":{"rendered":"Vinha Paz Rojo 2022"},"content":{"rendered":"<p>Vino Rojo Vinha Paz 2022<\/p>\n<ul>\n<li><strong>Regi\u00f3n: <\/strong>D\u00e3o<\/li>\n<li><strong>Capacidad:<\/strong> 75 cL<\/li>\n<li><strong>Variedades de uva: <\/strong>Touriga Nacional, Alfrocheiro, Tinta Roriz y Jaen<\/li>\n<li><strong>Graduaci\u00f3n alcoh\u00f3lica: <\/strong>13,5%<\/li>\n<li><strong>Nota de cata: <\/strong>color rojo intenso con reflejos granates, notas de violeta, ciruela y cereza y mora maduras, rodeadas de suaves notas especiadas. En boca tiene una estructura envolvente y redonda, con taninos finos y bien integrados, combinados con una textura elegante y armoniosa y expresiones de ligera frescura. Envejecido durante 12 meses en barricas francesas.  <\/li>\n<li><strong>Armonizaci\u00f3n:<\/strong> platos de carne<\/li>\n<li><strong>Informaci\u00f3n adicional:<\/strong> Contiene sulfitos<\/li>\n<\/ul>\n","protected":false},"excerpt":{"rendered":"<p>Vino Rojo Vinha Paz 2022 Regi\u00f3n: D\u00e3o Capacidad: 75 cL Variedades de uva: Touriga Nacional, Alfrocheiro, Tinta Roriz y Jaen Graduaci\u00f3n alcoh\u00f3lica: 13,5% Nota de cata: color rojo intenso con reflejos granates, notas de violeta, ciruela y cereza y mora maduras, rodeadas de suaves notas especiadas. En boca tiene una estructura envolvente y redonda, con [&hellip;]<\/p>\n","protected":false},"featured_media":4790,"template":"","meta":{"_monsterinsights_skip_tracking":false,"_monsterinsights_sitenote_active":false,"_monsterinsights_sitenote_note":"","_monsterinsights_sitenote_category":0},"product_brand":[],"product_cat":[327,216,209,212,213,222,249,221,102],"product_tag":[],"class_list":{"0":"post-3915","1":"product","2":"type-product","3":"status-publish","4":"has-post-thumbnail","6":"product_cat-dao-es-3","7":"product_cat-dao-es","8":"product_cat-pais-es-2","9":"product_cat-portugal-es-2","10":"product_cat-region-es","11":"product_cat-tinto-es","12":"product_cat-tinto-es-4","13":"product_cat-tipo-es-4","14":"product_cat-vinos","16":"first","17":"instock","18":"taxable","19":"shipping-taxable","20":"purchasable","21":"product-type-simple"},"aioseo_notices":[],"_links":{"self":[{"href":"https:\/\/pwinecastes.com\/es\/wp-json\/wp\/v2\/product\/3915","targetHints":{"allow":["GET"]}}],"collection":[{"href":"https:\/\/pwinecastes.com\/es\/wp-json\/wp\/v2\/product"}],"about":[{"href":"https:\/\/pwinecastes.com\/es\/wp-json\/wp\/v2\/types\/product"}],"version-history":[{"count":0,"href":"https:\/\/pwinecastes.com\/es\/wp-json\/wp\/v2\/product\/3915\/revisions"}],"wp:featuredmedia":[{"embeddable":true,"href":"https:\/\/pwinecastes.com\/es\/wp-json\/wp\/v2\/media\/4790"}],"wp:attachment":[{"href":"https:\/\/pwinecastes.com\/es\/wp-json\/wp\/v2\/media?parent=3915"}],"wp:term":[{"taxonomy":"product_brand","embeddable":true,"href":"https:\/\/pwinecastes.com\/es\/wp-json\/wp\/v2\/product_brand?post=3915"},{"taxonomy":"product_cat","embeddable":true,"href":"https:\/\/pwinecastes.com\/es\/wp-json\/wp\/v2\/product_cat?post=3915"},{"taxonomy":"product_tag","embeddable":true,"href":"https:\/\/pwinecastes.com\/es\/wp-json\/wp\/v2\/product_tag?post=3915"}],"curies":[{"name":"wp","href":"https:\/\/api.w.org\/{rel}","templated":true}]}}