{"id":3918,"date":"2024-04-05T09:58:49","date_gmt":"2024-04-05T09:58:49","guid":{"rendered":"https:\/\/luxuryinportugal.com\/pwinecastes\/product\/allgo-encruzado\/"},"modified":"2024-04-05T09:58:49","modified_gmt":"2024-04-05T09:58:49","slug":"allgo-encruzado","status":"publish","type":"product","link":"https:\/\/pwinecastes.com\/es\/product\/allgo-encruzado\/","title":{"rendered":"Allgo Encruzado"},"content":{"rendered":"<p>Vino Blanco Allgo Encruzado 2022<\/p>\n<ul>\n<li><strong>Regi\u00f3n: <\/strong>D\u00e3o<\/li>\n<li><strong>Capacidad:<\/strong> 75cL<\/li>\n<li><strong>Cepas: <\/strong>Encruzado<\/li>\n<li><strong>Graduaci\u00f3n alcoh\u00f3lica: <\/strong>12,5%<\/li>\n<li><strong>Nota de cata: <\/strong>color amarillo c\u00edtrico, acidez equilibrada y un peque\u00f1o toque mineral.<\/li>\n<li><strong>Armonizaci\u00f3n: <\/strong>Marisco y pescado magro<\/li>\n<li><strong>Informaci\u00f3n adicional<\/strong> Contiene sulfitos<\/li>\n<\/ul>\n","protected":false},"excerpt":{"rendered":"<p>Vino Blanco Allgo Encruzado 2022 Regi\u00f3n: D\u00e3o Capacidad: 75cL Cepas: Encruzado Graduaci\u00f3n alcoh\u00f3lica: 12,5% Nota de cata: color amarillo c\u00edtrico, acidez equilibrada y un peque\u00f1o toque mineral. Armonizaci\u00f3n: Marisco y pescado magro Informaci\u00f3n adicional Contiene sulfitos<\/p>\n","protected":false},"featured_media":4745,"template":"","meta":{"_monsterinsights_skip_tracking":false,"_monsterinsights_sitenote_active":false,"_monsterinsights_sitenote_note":"","_monsterinsights_sitenote_category":0},"product_brand":[],"product_cat":[250,223,307,216,209,212,213,221,102],"product_tag":[],"class_list":{"0":"post-3918","1":"product","2":"type-product","3":"status-publish","4":"has-post-thumbnail","6":"product_cat-blanco-es-3","7":"product_cat-blanco","8":"product_cat-dao-es-2","9":"product_cat-dao-es","10":"product_cat-pais-es-2","11":"product_cat-portugal-es-2","12":"product_cat-region-es","13":"product_cat-tipo-es-4","14":"product_cat-vinos","16":"first","17":"instock","18":"taxable","19":"shipping-taxable","20":"purchasable","21":"product-type-simple"},"aioseo_notices":[],"_links":{"self":[{"href":"https:\/\/pwinecastes.com\/es\/wp-json\/wp\/v2\/product\/3918","targetHints":{"allow":["GET"]}}],"collection":[{"href":"https:\/\/pwinecastes.com\/es\/wp-json\/wp\/v2\/product"}],"about":[{"href":"https:\/\/pwinecastes.com\/es\/wp-json\/wp\/v2\/types\/product"}],"version-history":[{"count":0,"href":"https:\/\/pwinecastes.com\/es\/wp-json\/wp\/v2\/product\/3918\/revisions"}],"wp:featuredmedia":[{"embeddable":true,"href":"https:\/\/pwinecastes.com\/es\/wp-json\/wp\/v2\/media\/4745"}],"wp:attachment":[{"href":"https:\/\/pwinecastes.com\/es\/wp-json\/wp\/v2\/media?parent=3918"}],"wp:term":[{"taxonomy":"product_brand","embeddable":true,"href":"https:\/\/pwinecastes.com\/es\/wp-json\/wp\/v2\/product_brand?post=3918"},{"taxonomy":"product_cat","embeddable":true,"href":"https:\/\/pwinecastes.com\/es\/wp-json\/wp\/v2\/product_cat?post=3918"},{"taxonomy":"product_tag","embeddable":true,"href":"https:\/\/pwinecastes.com\/es\/wp-json\/wp\/v2\/product_tag?post=3918"}],"curies":[{"name":"wp","href":"https:\/\/api.w.org\/{rel}","templated":true}]}}