{"id":3938,"date":"2024-04-05T16:36:13","date_gmt":"2024-04-05T16:36:13","guid":{"rendered":"https:\/\/luxuryinportugal.com\/pwinecastes\/product\/quinta-do-crasto-reserva-vinas-viejas\/"},"modified":"2025-01-21T18:18:36","modified_gmt":"2025-01-21T18:18:36","slug":"quinta-do-crasto-reserva-vinas-viejas","status":"publish","type":"product","link":"https:\/\/pwinecastes.com\/es\/product\/quinta-do-crasto-reserva-vinas-viejas\/","title":{"rendered":"Quinta do Crasto Reserva Vinhas Velhas 2021"},"content":{"rendered":"<p>Vino Tinto Quinta do Crasto Reserva Vinhas Velhas 2021<\/p>\n<ul>\n<li><strong>Regi\u00f3n: <\/strong>Douro<\/li>\n<li><strong>Capacidad:<\/strong> 75 cL<\/li>\n<li><strong>Cepas: <\/strong>Blend Vi\u00f1as Viejas<\/li>\n<li><strong>Graduaci\u00f3n alcoh\u00f3lica: <\/strong>14,5%<\/li>\n<li><strong>Nota de cata:<\/strong> Color rub\u00ed intenso, complejidad arom\u00e1tica entre bayas silvestres y toques de especias y aromas frescos de cacao y jara. Gran potencial de envejecimiento. <\/li>\n<li><strong>Armonizaci\u00f3m: <\/strong>Carnes rojas y quesos suaves.<\/li>\n<li><strong>Informaci\u00f3n adicional:<\/strong> Contiene sulfitos.<\/li>\n<\/ul>\n","protected":false},"excerpt":{"rendered":"<p>Vino Tinto Quinta do Crasto Reserva Vinhas Velhas 2021 Regi\u00f3n: Douro Capacidad: 75 cL Cepas: Blend Vi\u00f1as Viejas Graduaci\u00f3n alcoh\u00f3lica: 14,5% Nota de cata: Color rub\u00ed intenso, complejidad arom\u00e1tica entre bayas silvestres y toques de especias y aromas frescos de cacao y jara. Gran potencial de envejecimiento. Armonizaci\u00f3m: Carnes rojas y quesos suaves. Informaci\u00f3n adicional: [&hellip;]<\/p>\n","protected":false},"featured_media":4869,"template":"","meta":{"_monsterinsights_skip_tracking":false,"_monsterinsights_sitenote_active":false,"_monsterinsights_sitenote_note":"","_monsterinsights_sitenote_category":0},"product_brand":[],"product_cat":[217,328,209,212,213,222,262,221,102],"product_tag":[],"class_list":{"0":"post-3938","1":"product","2":"type-product","3":"status-publish","4":"has-post-thumbnail","6":"product_cat-douro-es","7":"product_cat-douro-es-3","8":"product_cat-pais-es-2","9":"product_cat-portugal-es-2","10":"product_cat-region-es","11":"product_cat-tinto-es","12":"product_cat-tinto-es-5","13":"product_cat-tipo-es-4","14":"product_cat-vinos","16":"first","17":"instock","18":"taxable","19":"shipping-taxable","20":"purchasable","21":"product-type-simple"},"aioseo_notices":[],"_links":{"self":[{"href":"https:\/\/pwinecastes.com\/es\/wp-json\/wp\/v2\/product\/3938","targetHints":{"allow":["GET"]}}],"collection":[{"href":"https:\/\/pwinecastes.com\/es\/wp-json\/wp\/v2\/product"}],"about":[{"href":"https:\/\/pwinecastes.com\/es\/wp-json\/wp\/v2\/types\/product"}],"version-history":[{"count":0,"href":"https:\/\/pwinecastes.com\/es\/wp-json\/wp\/v2\/product\/3938\/revisions"}],"wp:featuredmedia":[{"embeddable":true,"href":"https:\/\/pwinecastes.com\/es\/wp-json\/wp\/v2\/media\/4869"}],"wp:attachment":[{"href":"https:\/\/pwinecastes.com\/es\/wp-json\/wp\/v2\/media?parent=3938"}],"wp:term":[{"taxonomy":"product_brand","embeddable":true,"href":"https:\/\/pwinecastes.com\/es\/wp-json\/wp\/v2\/product_brand?post=3938"},{"taxonomy":"product_cat","embeddable":true,"href":"https:\/\/pwinecastes.com\/es\/wp-json\/wp\/v2\/product_cat?post=3938"},{"taxonomy":"product_tag","embeddable":true,"href":"https:\/\/pwinecastes.com\/es\/wp-json\/wp\/v2\/product_tag?post=3938"}],"curies":[{"name":"wp","href":"https:\/\/api.w.org\/{rel}","templated":true}]}}