{"id":3969,"date":"2024-04-05T17:02:48","date_gmt":"2024-04-05T17:02:48","guid":{"rendered":"https:\/\/luxuryinportugal.com\/pwinecastes\/product\/xoro-tinto\/"},"modified":"2024-04-05T17:02:48","modified_gmt":"2024-04-05T17:02:48","slug":"xoro-tinto","status":"publish","type":"product","link":"https:\/\/pwinecastes.com\/es\/product\/xoro-tinto\/","title":{"rendered":"Xoro Tinto"},"content":{"rendered":"<p>Vino Tinto Xoro 2016<\/p>\n<ul>\n<li><strong>Regi\u00f3n:<\/strong> D\u00e3o<\/li>\n<li><strong>Capacidad:<\/strong> 75cL<\/li>\n<li><strong>Cepas: <\/strong>Touriga Nacional, Alfrocheiro Preto, Tinta Roriz y Jaen<\/li>\n<li><strong>Graduaci\u00f3n alcoh\u00f3lica: <\/strong>13%<\/li>\n<li><strong>Nota de cata:<\/strong> Color rub\u00ed con reflejos marr\u00f3n rojizo, fuerte aroma frutal y ligeras notas especiadas y una suave textura cremosa en boca.<\/li>\n<li><strong>Armonizaci\u00f3n: <\/strong>Carnes de caza, cordero y ternera.<\/li>\n<li><strong>Informaci\u00f3n adicional:<\/strong> Contiene sulfitos.<\/li>\n<\/ul>\n","protected":false},"excerpt":{"rendered":"<p>Vino Tinto Xoro 2016 Regi\u00f3n: D\u00e3o Capacidad: 75cL Cepas: Touriga Nacional, Alfrocheiro Preto, Tinta Roriz y Jaen Graduaci\u00f3n alcoh\u00f3lica: 13% Nota de cata: Color rub\u00ed con reflejos marr\u00f3n rojizo, fuerte aroma frutal y ligeras notas especiadas y una suave textura cremosa en boca. Armonizaci\u00f3n: Carnes de caza, cordero y ternera. Informaci\u00f3n adicional: Contiene sulfitos.<\/p>\n","protected":false},"featured_media":8149,"template":"","meta":{"_monsterinsights_skip_tracking":false,"_monsterinsights_sitenote_active":false,"_monsterinsights_sitenote_note":"","_monsterinsights_sitenote_category":0},"product_brand":[],"product_cat":[216,327,209,212,213,222,249,221,102],"product_tag":[],"class_list":{"0":"post-3969","1":"product","2":"type-product","3":"status-publish","4":"has-post-thumbnail","6":"product_cat-dao-es","7":"product_cat-dao-es-3","8":"product_cat-pais-es-2","9":"product_cat-portugal-es-2","10":"product_cat-region-es","11":"product_cat-tinto-es","12":"product_cat-tinto-es-4","13":"product_cat-tipo-es-4","14":"product_cat-vinos","16":"first","17":"instock","18":"taxable","19":"shipping-taxable","20":"purchasable","21":"product-type-simple"},"aioseo_notices":[],"_links":{"self":[{"href":"https:\/\/pwinecastes.com\/es\/wp-json\/wp\/v2\/product\/3969","targetHints":{"allow":["GET"]}}],"collection":[{"href":"https:\/\/pwinecastes.com\/es\/wp-json\/wp\/v2\/product"}],"about":[{"href":"https:\/\/pwinecastes.com\/es\/wp-json\/wp\/v2\/types\/product"}],"version-history":[{"count":0,"href":"https:\/\/pwinecastes.com\/es\/wp-json\/wp\/v2\/product\/3969\/revisions"}],"wp:featuredmedia":[{"embeddable":true,"href":"https:\/\/pwinecastes.com\/es\/wp-json\/wp\/v2\/media\/8149"}],"wp:attachment":[{"href":"https:\/\/pwinecastes.com\/es\/wp-json\/wp\/v2\/media?parent=3969"}],"wp:term":[{"taxonomy":"product_brand","embeddable":true,"href":"https:\/\/pwinecastes.com\/es\/wp-json\/wp\/v2\/product_brand?post=3969"},{"taxonomy":"product_cat","embeddable":true,"href":"https:\/\/pwinecastes.com\/es\/wp-json\/wp\/v2\/product_cat?post=3969"},{"taxonomy":"product_tag","embeddable":true,"href":"https:\/\/pwinecastes.com\/es\/wp-json\/wp\/v2\/product_tag?post=3969"}],"curies":[{"name":"wp","href":"https:\/\/api.w.org\/{rel}","templated":true}]}}