{"id":3980,"date":"2024-04-05T17:16:19","date_gmt":"2024-04-05T17:16:19","guid":{"rendered":"https:\/\/luxuryinportugal.com\/pwinecastes\/product\/xoro-reserva-tinto\/"},"modified":"2024-04-05T17:16:19","modified_gmt":"2024-04-05T17:16:19","slug":"xoro-reserva-tinto","status":"publish","type":"product","link":"https:\/\/pwinecastes.com\/es\/product\/xoro-reserva-tinto\/","title":{"rendered":"Xoro Reserva Tinto"},"content":{"rendered":"<p>Vino Tinto Xoro Reserva 2016<\/p>\n<ul>\n<li><strong>Regi\u00f3n:<\/strong> D\u00e3o<\/li>\n<li><strong>Capacidad:<\/strong> 75cL<\/li>\n<li><strong>Cepas: <\/strong>Touriga Nacional, Alfrocheiro Preto, Tinta Roriz y Jaen<\/li>\n<li><strong>Graduaci\u00f3n alcoh\u00f3lica: <\/strong>13,5%<\/li>\n<li><strong>Nota de cata:<\/strong> Color rub\u00ed intenso con tonos rojo oscuro, aroma con notas de fruta roja, canela y especias, taninos persistentes y postgusto largo.<\/li>\n<li><strong>Armonizaci\u00f3n: <\/strong>Carnes de caza, cordero y ternera.<\/li>\n<li><strong>Informaci\u00f3n adicional:<\/strong> Contiene sulfitos.<\/li>\n<\/ul>\n","protected":false},"excerpt":{"rendered":"<p>Vino Tinto Xoro Reserva 2016 Regi\u00f3n: D\u00e3o Capacidad: 75cL Cepas: Touriga Nacional, Alfrocheiro Preto, Tinta Roriz y Jaen Graduaci\u00f3n alcoh\u00f3lica: 13,5% Nota de cata: Color rub\u00ed intenso con tonos rojo oscuro, aroma con notas de fruta roja, canela y especias, taninos persistentes y postgusto largo. Armonizaci\u00f3n: Carnes de caza, cordero y ternera. Informaci\u00f3n adicional: Contiene [&hellip;]<\/p>\n","protected":false},"featured_media":8157,"template":"","meta":{"_monsterinsights_skip_tracking":false,"_monsterinsights_sitenote_active":false,"_monsterinsights_sitenote_note":"","_monsterinsights_sitenote_category":0},"product_brand":[],"product_cat":[327,216,209,212,213,249,221,102],"product_tag":[],"class_list":{"0":"post-3980","1":"product","2":"type-product","3":"status-publish","4":"has-post-thumbnail","6":"product_cat-dao-es-3","7":"product_cat-dao-es","8":"product_cat-pais-es-2","9":"product_cat-portugal-es-2","10":"product_cat-region-es","11":"product_cat-tinto-es-4","12":"product_cat-tipo-es-4","13":"product_cat-vinos","15":"first","16":"instock","17":"taxable","18":"shipping-taxable","19":"purchasable","20":"product-type-simple"},"aioseo_notices":[],"_links":{"self":[{"href":"https:\/\/pwinecastes.com\/es\/wp-json\/wp\/v2\/product\/3980","targetHints":{"allow":["GET"]}}],"collection":[{"href":"https:\/\/pwinecastes.com\/es\/wp-json\/wp\/v2\/product"}],"about":[{"href":"https:\/\/pwinecastes.com\/es\/wp-json\/wp\/v2\/types\/product"}],"version-history":[{"count":0,"href":"https:\/\/pwinecastes.com\/es\/wp-json\/wp\/v2\/product\/3980\/revisions"}],"wp:featuredmedia":[{"embeddable":true,"href":"https:\/\/pwinecastes.com\/es\/wp-json\/wp\/v2\/media\/8157"}],"wp:attachment":[{"href":"https:\/\/pwinecastes.com\/es\/wp-json\/wp\/v2\/media?parent=3980"}],"wp:term":[{"taxonomy":"product_brand","embeddable":true,"href":"https:\/\/pwinecastes.com\/es\/wp-json\/wp\/v2\/product_brand?post=3980"},{"taxonomy":"product_cat","embeddable":true,"href":"https:\/\/pwinecastes.com\/es\/wp-json\/wp\/v2\/product_cat?post=3980"},{"taxonomy":"product_tag","embeddable":true,"href":"https:\/\/pwinecastes.com\/es\/wp-json\/wp\/v2\/product_tag?post=3980"}],"curies":[{"name":"wp","href":"https:\/\/api.w.org\/{rel}","templated":true}]}}