{"id":4011,"date":"2024-04-05T17:27:41","date_gmt":"2024-04-05T17:27:41","guid":{"rendered":"https:\/\/luxuryinportugal.com\/pwinecastes\/product\/dona-matilde-tinto\/"},"modified":"2025-09-15T09:19:02","modified_gmt":"2025-09-15T09:19:02","slug":"dona-matilde-tinto","status":"publish","type":"product","link":"https:\/\/pwinecastes.com\/es\/product\/dona-matilde-tinto\/","title":{"rendered":"Do\u00f1a Matilde Tinto 2016"},"content":{"rendered":"<p>Vino Tinto Dona Matilde 2016<\/p>\n<ul>\n<li><strong>Regi\u00f3n: <\/strong>Douro<\/li>\n<li><strong>Capacidad:<\/strong> 75 cL<\/li>\n<li><strong>Cepas: <\/strong>Touriga Nacional, Touriga Franca, Tinta Amarela y otras<\/li>\n<li><strong>Graduaci\u00f3n alcoh\u00f3lica: <\/strong>14%<\/li>\n<li><strong>Nota de cata:<\/strong> En boca es intenso, fresco y con cuerpo. Final muy largo y mentolado, con algunos sabores vegetales. Aroma intenso a frutas negras, como ciruela negra e higo, y algo de menta.  <\/li>\n<li><strong>Armonizaci\u00f3n: <\/strong>Carnes asadas con especias, guisos y feijoadas.<\/li>\n<li><strong>Informaci\u00f3n adicional:<\/strong> Contiene sulfitos.<\/li>\n<\/ul>\n","protected":false},"excerpt":{"rendered":"<p>Vino Tinto Dona Matilde 2016 Regi\u00f3n: Douro Capacidad: 75 cL Cepas: Touriga Nacional, Touriga Franca, Tinta Amarela y otras Graduaci\u00f3n alcoh\u00f3lica: 14% Nota de cata: En boca es intenso, fresco y con cuerpo. Final muy largo y mentolado, con algunos sabores vegetales. Aroma intenso a frutas negras, como ciruela negra e higo, y algo de [&hellip;]<\/p>\n","protected":false},"featured_media":4946,"template":"","meta":{"_monsterinsights_skip_tracking":false,"_monsterinsights_sitenote_active":false,"_monsterinsights_sitenote_note":"","_monsterinsights_sitenote_category":0},"product_brand":[],"product_cat":[328,217,209,212,213,222,262,221,102],"product_tag":[],"class_list":{"0":"post-4011","1":"product","2":"type-product","3":"status-publish","4":"has-post-thumbnail","6":"product_cat-douro-es-3","7":"product_cat-douro-es","8":"product_cat-pais-es-2","9":"product_cat-portugal-es-2","10":"product_cat-region-es","11":"product_cat-tinto-es","12":"product_cat-tinto-es-5","13":"product_cat-tipo-es-4","14":"product_cat-vinos","16":"first","17":"outofstock","18":"taxable","19":"shipping-taxable","20":"purchasable","21":"product-type-simple"},"aioseo_notices":[],"_links":{"self":[{"href":"https:\/\/pwinecastes.com\/es\/wp-json\/wp\/v2\/product\/4011","targetHints":{"allow":["GET"]}}],"collection":[{"href":"https:\/\/pwinecastes.com\/es\/wp-json\/wp\/v2\/product"}],"about":[{"href":"https:\/\/pwinecastes.com\/es\/wp-json\/wp\/v2\/types\/product"}],"version-history":[{"count":0,"href":"https:\/\/pwinecastes.com\/es\/wp-json\/wp\/v2\/product\/4011\/revisions"}],"wp:featuredmedia":[{"embeddable":true,"href":"https:\/\/pwinecastes.com\/es\/wp-json\/wp\/v2\/media\/4946"}],"wp:attachment":[{"href":"https:\/\/pwinecastes.com\/es\/wp-json\/wp\/v2\/media?parent=4011"}],"wp:term":[{"taxonomy":"product_brand","embeddable":true,"href":"https:\/\/pwinecastes.com\/es\/wp-json\/wp\/v2\/product_brand?post=4011"},{"taxonomy":"product_cat","embeddable":true,"href":"https:\/\/pwinecastes.com\/es\/wp-json\/wp\/v2\/product_cat?post=4011"},{"taxonomy":"product_tag","embeddable":true,"href":"https:\/\/pwinecastes.com\/es\/wp-json\/wp\/v2\/product_tag?post=4011"}],"curies":[{"name":"wp","href":"https:\/\/api.w.org\/{rel}","templated":true}]}}