{"id":4047,"date":"2024-04-06T16:07:15","date_gmt":"2024-04-06T16:07:15","guid":{"rendered":"https:\/\/luxuryinportugal.com\/pwinecastes\/product\/montagne-saint-emilion-note-blanche-brut\/"},"modified":"2025-09-15T09:17:37","modified_gmt":"2025-09-15T09:17:37","slug":"montagne-saint-emilion-note-blanche-brut","status":"publish","type":"product","link":"https:\/\/pwinecastes.com\/es\/product\/montagne-saint-emilion-note-blanche-brut\/","title":{"rendered":"Montagne Saint Emilion Note Blanche Brut"},"content":{"rendered":"<ul>\n<li><strong>Regi\u00f3n: <\/strong>Burdeos.<\/li>\n<li><strong>Capacidad:<\/strong> 75 cL<\/li>\n<li><strong>Variedades de uva: <\/strong>100% S\u00e9millon.<\/li>\n<li><strong>Graduaci\u00f3n alcoh\u00f3lica: <\/strong>12% vol.<\/li>\n<li><strong>Nota de cata: <\/strong>Color amarillo claro y brillante, burbujas finas y elegantes. La nariz es sutil, con c\u00edtricos y flores blancas. Fresco y equilibrado en el paladar. Buena persistencia arom\u00e1tica.<\/li>\n<li><strong>Maridaje: Combina<\/strong> muy bien con pescado debido a la frescura de la bebida. Combina bien con platos ligeros, a\u00f1adiendo acidez y contraste al sabor.<\/li>\n<li><strong>Informaci\u00f3n adicional:<\/strong> Contiene sulfitos.<\/li>\n<\/ul>\n","protected":false},"excerpt":{"rendered":"<p>Regi\u00f3n: Burdeos. Capacidad: 75 cL Variedades de uva: 100% S\u00e9millon. Graduaci\u00f3n alcoh\u00f3lica: 12% vol. Nota de cata: Color amarillo claro y brillante, burbujas finas y elegantes. La nariz es sutil, con c\u00edtricos y flores blancas. Fresco y equilibrado en el paladar. Buena persistencia arom\u00e1tica. Maridaje: Combina muy bien con pescado debido a la frescura de [&hellip;]<\/p>\n","protected":false},"featured_media":11659,"template":"","meta":{"_monsterinsights_skip_tracking":false,"_monsterinsights_sitenote_active":false,"_monsterinsights_sitenote_note":"","_monsterinsights_sitenote_category":0},"product_brand":[],"product_cat":[182,185],"product_tag":[],"class_list":{"0":"post-4047","1":"product","2":"type-product","3":"status-publish","4":"has-post-thumbnail","6":"product_cat-champagne-espumoso","7":"product_cat-francia","9":"first","10":"instock","11":"featured","12":"taxable","13":"shipping-taxable","14":"purchasable","15":"product-type-simple"},"aioseo_notices":[],"_links":{"self":[{"href":"https:\/\/pwinecastes.com\/es\/wp-json\/wp\/v2\/product\/4047","targetHints":{"allow":["GET"]}}],"collection":[{"href":"https:\/\/pwinecastes.com\/es\/wp-json\/wp\/v2\/product"}],"about":[{"href":"https:\/\/pwinecastes.com\/es\/wp-json\/wp\/v2\/types\/product"}],"version-history":[{"count":0,"href":"https:\/\/pwinecastes.com\/es\/wp-json\/wp\/v2\/product\/4047\/revisions"}],"wp:featuredmedia":[{"embeddable":true,"href":"https:\/\/pwinecastes.com\/es\/wp-json\/wp\/v2\/media\/11659"}],"wp:attachment":[{"href":"https:\/\/pwinecastes.com\/es\/wp-json\/wp\/v2\/media?parent=4047"}],"wp:term":[{"taxonomy":"product_brand","embeddable":true,"href":"https:\/\/pwinecastes.com\/es\/wp-json\/wp\/v2\/product_brand?post=4047"},{"taxonomy":"product_cat","embeddable":true,"href":"https:\/\/pwinecastes.com\/es\/wp-json\/wp\/v2\/product_cat?post=4047"},{"taxonomy":"product_tag","embeddable":true,"href":"https:\/\/pwinecastes.com\/es\/wp-json\/wp\/v2\/product_tag?post=4047"}],"curies":[{"name":"wp","href":"https:\/\/api.w.org\/{rel}","templated":true}]}}