{"id":4141,"date":"2024-04-10T09:53:53","date_gmt":"2024-04-10T09:53:53","guid":{"rendered":"https:\/\/luxuryinportugal.com\/pwinecastes\/product\/rojo-abandonado-2019\/"},"modified":"2024-06-08T13:22:41","modified_gmt":"2024-06-08T13:22:41","slug":"rojo-abandonado-2019","status":"publish","type":"product","link":"https:\/\/pwinecastes.com\/es\/product\/rojo-abandonado-2019\/","title":{"rendered":"Rojo Abandonado 2019"},"content":{"rendered":"<p>Rojo Abandonado 2019<\/p>\n<ul>\n<li><strong>Regi\u00f3n: <\/strong>Douro<\/li>\n<li><strong>Capacidad:<\/strong> 75cL<\/li>\n<li><strong>Cepas:<\/strong>Tinta Amarela, Touriga Franca, Touriga Nacional, Sous\u00e3o, otras (m\u00e1s de 25 variedades aut\u00f3ctonas).<\/li>\n<li><strong>Graduaci\u00f3n alcoh\u00f3lica: <\/strong>14,5<\/li>\n<li><strong>Nota de cata:<\/strong> Color rub\u00ed intenso. Gran complejidad y frescura arom\u00e1tica, con inusuales (pero t\u00edpicas del vi\u00f1edo Abandonado) notas bals\u00e1micas y de alquitr\u00e1n, regaliz y frutos negros. Una boca llena de armon\u00eda, con intensidad pero tambi\u00e9n delicadeza, mineralidad y una extraordinaria pureza de fruta. Se puede sentir el esquisto del suelo, el bosque circundante, la frescura de la altitud, en una expresi\u00f3n pura de la naturaleza del vi\u00f1edo.<\/li>\n<li><strong>Arminizaci\u00f3n:<\/strong>Carnes rojas, caza, quesos.<\/li>\n<li><strong>Informaci\u00f3n adicional:<\/strong> Contiene sulfitos.<\/li>\n<\/ul>\n","protected":false},"excerpt":{"rendered":"<p>Rojo Abandonado 2019 Regi\u00f3n: Douro Capacidad: 75cL Cepas:Tinta Amarela, Touriga Franca, Touriga Nacional, Sous\u00e3o, otras (m\u00e1s de 25 variedades aut\u00f3ctonas). Graduaci\u00f3n alcoh\u00f3lica: 14,5 Nota de cata: Color rub\u00ed intenso. Gran complejidad y frescura arom\u00e1tica, con inusuales (pero t\u00edpicas del vi\u00f1edo Abandonado) notas bals\u00e1micas y de alquitr\u00e1n, regaliz y frutos negros. Una boca llena de armon\u00eda, [&hellip;]<\/p>\n","protected":false},"featured_media":4986,"template":"","meta":{"_monsterinsights_skip_tracking":false,"_monsterinsights_sitenote_active":false,"_monsterinsights_sitenote_note":"","_monsterinsights_sitenote_category":0},"product_brand":[],"product_cat":[217,209,212,213,262,102],"product_tag":[],"class_list":{"0":"post-4141","1":"product","2":"type-product","3":"status-publish","4":"has-post-thumbnail","6":"product_cat-douro-es","7":"product_cat-pais-es-2","8":"product_cat-portugal-es-2","9":"product_cat-region-es","10":"product_cat-tinto-es-5","11":"product_cat-vinos","13":"first","14":"instock","15":"taxable","16":"shipping-taxable","17":"purchasable","18":"product-type-simple"},"aioseo_notices":[],"_links":{"self":[{"href":"https:\/\/pwinecastes.com\/es\/wp-json\/wp\/v2\/product\/4141","targetHints":{"allow":["GET"]}}],"collection":[{"href":"https:\/\/pwinecastes.com\/es\/wp-json\/wp\/v2\/product"}],"about":[{"href":"https:\/\/pwinecastes.com\/es\/wp-json\/wp\/v2\/types\/product"}],"version-history":[{"count":0,"href":"https:\/\/pwinecastes.com\/es\/wp-json\/wp\/v2\/product\/4141\/revisions"}],"wp:featuredmedia":[{"embeddable":true,"href":"https:\/\/pwinecastes.com\/es\/wp-json\/wp\/v2\/media\/4986"}],"wp:attachment":[{"href":"https:\/\/pwinecastes.com\/es\/wp-json\/wp\/v2\/media?parent=4141"}],"wp:term":[{"taxonomy":"product_brand","embeddable":true,"href":"https:\/\/pwinecastes.com\/es\/wp-json\/wp\/v2\/product_brand?post=4141"},{"taxonomy":"product_cat","embeddable":true,"href":"https:\/\/pwinecastes.com\/es\/wp-json\/wp\/v2\/product_cat?post=4141"},{"taxonomy":"product_tag","embeddable":true,"href":"https:\/\/pwinecastes.com\/es\/wp-json\/wp\/v2\/product_tag?post=4141"}],"curies":[{"name":"wp","href":"https:\/\/api.w.org\/{rel}","templated":true}]}}