{"id":4156,"date":"2024-04-10T10:07:30","date_gmt":"2024-04-10T10:07:30","guid":{"rendered":"https:\/\/luxuryinportugal.com\/pwinecastes\/product\/dona-adelaide-tinto-2016\/"},"modified":"2024-04-10T10:07:30","modified_gmt":"2024-04-10T10:07:30","slug":"dona-adelaide-tinto-2016","status":"publish","type":"product","link":"https:\/\/pwinecastes.com\/es\/product\/dona-adelaide-tinto-2016\/","title":{"rendered":"Dona Adelaide Tinto 2016"},"content":{"rendered":"<p>Dona Adelaide Tinto 2016<\/p>\n<ul>\n<li><strong>Regi\u00f3n: <\/strong>Lisboa<\/li>\n<li><strong>Capacidad:<\/strong> 75cL<\/li>\n<li><strong>Variedades de uva:<\/strong>Tinta Roriz, Alicante Bouschet y Touriga Nacional<\/li>\n<li><strong>Graduaci\u00f3n alcoh\u00f3lica: <\/strong>13%<\/li>\n<li><strong>Nota de cata:<\/strong> Aroma de bayas silvestres, mora y frambuesa combinado con algunos sabores vegetales. Aspecto claro, color oscuro intenso. Bonito y redondo con estructura.<\/li>\n<li><strong>Informaci\u00f3n adicional:<\/strong> Contiene sulfitos.<\/li>\n<\/ul>\n","protected":false},"excerpt":{"rendered":"<p>Dona Adelaide Tinto 2016 Regi\u00f3n: Lisboa Capacidad: 75cL Variedades de uva:Tinta Roriz, Alicante Bouschet y Touriga Nacional Graduaci\u00f3n alcoh\u00f3lica: 13% Nota de cata: Aroma de bayas silvestres, mora y frambuesa combinado con algunos sabores vegetales. Aspecto claro, color oscuro intenso. Bonito y redondo con estructura. Informaci\u00f3n adicional: Contiene sulfitos.<\/p>\n","protected":false},"featured_media":5010,"template":"","meta":{"_monsterinsights_skip_tracking":false,"_monsterinsights_sitenote_active":false,"_monsterinsights_sitenote_note":"","_monsterinsights_sitenote_category":0},"product_brand":[],"product_cat":[218,209,212,213,268,102],"product_tag":[],"class_list":{"0":"post-4156","1":"product","2":"type-product","3":"status-publish","4":"has-post-thumbnail","6":"product_cat-lisboa-y-tejo","7":"product_cat-pais-es-2","8":"product_cat-portugal-es-2","9":"product_cat-region-es","10":"product_cat-tinto-es-6","11":"product_cat-vinos","13":"first","14":"outofstock","15":"taxable","16":"shipping-taxable","17":"purchasable","18":"product-type-simple"},"aioseo_notices":[],"_links":{"self":[{"href":"https:\/\/pwinecastes.com\/es\/wp-json\/wp\/v2\/product\/4156","targetHints":{"allow":["GET"]}}],"collection":[{"href":"https:\/\/pwinecastes.com\/es\/wp-json\/wp\/v2\/product"}],"about":[{"href":"https:\/\/pwinecastes.com\/es\/wp-json\/wp\/v2\/types\/product"}],"version-history":[{"count":0,"href":"https:\/\/pwinecastes.com\/es\/wp-json\/wp\/v2\/product\/4156\/revisions"}],"wp:featuredmedia":[{"embeddable":true,"href":"https:\/\/pwinecastes.com\/es\/wp-json\/wp\/v2\/media\/5010"}],"wp:attachment":[{"href":"https:\/\/pwinecastes.com\/es\/wp-json\/wp\/v2\/media?parent=4156"}],"wp:term":[{"taxonomy":"product_brand","embeddable":true,"href":"https:\/\/pwinecastes.com\/es\/wp-json\/wp\/v2\/product_brand?post=4156"},{"taxonomy":"product_cat","embeddable":true,"href":"https:\/\/pwinecastes.com\/es\/wp-json\/wp\/v2\/product_cat?post=4156"},{"taxonomy":"product_tag","embeddable":true,"href":"https:\/\/pwinecastes.com\/es\/wp-json\/wp\/v2\/product_tag?post=4156"}],"curies":[{"name":"wp","href":"https:\/\/api.w.org\/{rel}","templated":true}]}}